
{"id":124426,"date":"2021-04-26T15:32:38","date_gmt":"2021-04-26T15:32:38","guid":{"rendered":"https:\/\/arredareidee.com\/?post_type=product&#038;p=124426"},"modified":"2022-05-04T14:45:48","modified_gmt":"2022-05-04T14:45:48","slug":"aspiratore-fumi-elettrico-per-camino","status":"publish","type":"product","link":"https:\/\/arredareidee.com\/index.php\/product\/aspiratore-fumi-elettrico-per-camino\/","title":{"rendered":"Aspiratore Fumi Elettrico per Camino"},"content":{"rendered":"<h2><span style=\"font-family: georgia, palatino, serif; color: #333333;\"><strong>Aspiratore fumi elettrico par camino<\/strong>, adatto per risolvere definitivamente il problema di tiraggio del tuo caminetto \u00a0(canne fumarie, condotti d\u2019aria, ecc.), per l\u2019applicazione a tetto e per l\u2019estrazione di fumi caldi ad alte temperature.<\/span><\/h2>\n<p><span style=\"font-size: 14pt; font-family: georgia, palatino, serif; color: #333333;\">Grazie alle sue caratteristiche funzionali e architettoniche, l\u2019<strong>aspiratore fumi elettrico per camino<\/strong> offre molti vantaggi, funzionalit\u00e0, estetica e, sopra tutto di facile istallazione con un sistema di fissaggio regolabile.<\/span><\/p>\n<p><span style=\"font-size: 14pt; font-family: georgia, palatino, serif; color: #333333;\">L\u2019<strong>Aspiratore fumi elettrico<\/strong> \u00e8 munito di regolatore di velocit\u00e0, che ti permette di aumentare o diminuire il tiraggio secondo le necessit\u00e0; il motore \u00e8 munito di un sistema di raffreddamento, per garantire la sua efficienza e sicurezza, <strong>N.B. deve sempre essere acceso quando il camino \u00e8 acceso, anche in caso di tiraggio del sistema.<\/strong><\/span><\/p>\n<p><span style=\"font-size: 14pt; font-family: georgia, palatino, serif; color: #333333;\">Realizzato con i migliori materiali, ha superato tutte le fasi di Test previste dalla norma EN 16475-2 \u201cChimneys &#8211; Accessories &#8211; Part 2: Chimney fans &#8211; Requirements and test methods\u201d, per risultare un prodotto conforme e certificato (*). Struttura in lamiera zincata preverniciata, completo di rete antivolatile, girante autopulente a pale rovesce, conforme alle normative di settore.<\/span><\/p>\n<p><span style=\"font-size: 14pt; font-family: georgia, palatino, serif; color: #333333;\">Motore monofase asincrono autoventilante a cuscinetti, pre cablato con cavi inseriti in guaina resistente alle alte temperature, dotato di morsettiera di servizio esterna complete di interruttore di servizio e selettore di velocit\u00e0.<\/span><\/p>\n<p>&nbsp;<\/p>\n<p><span style=\"color: #333333;\"><strong><span style=\"font-family: verdana, geneva, sans-serif; font-size: 14pt;\">Prodotto Conforme alle seguenti normative:<\/span><\/strong><\/span><\/p>\n<ul>\n<li><span style=\"color: #333333;\">EN 16475-2 \u201cChimneys &#8211; Accessories &#8211; Part 2: Chimney fans &#8211; Requirements and test methods\u201d<\/span><\/li>\n<li><span style=\"color: #333333;\">73\/23\/CEE Bassa tensione<\/span><\/li>\n<li><span style=\"color: #333333;\">89\/336\/CEE Compatibilit\u00e0 elettromagnetica<\/span><\/li>\n<li><span style=\"color: #333333;\">89\/392\/CEE Sicurezza macchine<\/span><\/li>\n<li><span style=\"color: #333333;\">93\/68\/CE Marcatura CE<\/span><\/li>\n<li><span style=\"color: #333333;\">02\/96\/CE Rifiuti di apparecchi elettrici ed elettronici<\/span><\/li>\n<\/ul>\n","protected":false},"excerpt":{"rendered":"<p><span style=\"font-family: georgia, palatino, serif; font-size: 14pt; color: #333333;\">Aspiratore fumi elettrico par camino, adatto per risolvere definitivamente il problema di tiraggio del tuo caminetto \u00a0(canne fumarie, condotti d\u2019aria, ecc.), per l\u2019applicazione a tetto e per l\u2019estrazione di fumi caldi ad alte temperature.<\/span><\/p>\n","protected":false},"featured_media":124431,"template":"","meta":[],"product_brand":[],"product_cat":[31,32,33],"product_tag":[],"class_list":{"0":"post-124426","1":"product","2":"type-product","3":"status-publish","4":"has-post-thumbnail","6":"product_cat-canne-fumarie-in-acciaio-inox","7":"product_cat-monoparete-mp","8":"product_cat-terminale-mp","10":"first","11":"instock","12":"taxable","13":"shipping-taxable","14":"purchasable","15":"product-type-variable"},"yoast_head":"<!-- This site is optimized with the Yoast SEO plugin v26.4 - https:\/\/yoast.com\/wordpress\/plugins\/seo\/ -->\n<title>Aspiratore Fumi Elettrico per Camino - Arredareidee<\/title>\n<meta name=\"description\" content=\"Aspiratore Fumi Elettrico per Camino, adatto per risolvere definitivamente il problema di tiraggio del tuo caminetto. Per l\u2019applicazione a\" \/>\n<meta name=\"robots\" content=\"index, follow, max-snippet:-1, max-image-preview:large, max-video-preview:-1\" \/>\n<link rel=\"canonical\" href=\"https:\/\/arredareidee.com\/index.php\/product\/aspiratore-fumi-elettrico-per-camino\/\" \/>\n<meta property=\"og:locale\" content=\"it_IT\" \/>\n<meta property=\"og:type\" content=\"article\" \/>\n<meta property=\"og:title\" content=\"Aspiratore Fumi Elettrico per Camino - Arredareidee\" \/>\n<meta property=\"og:description\" content=\"Aspiratore Fumi Elettrico per Camino, adatto per risolvere definitivamente il problema di tiraggio del tuo caminetto. Per l\u2019applicazione a\" \/>\n<meta property=\"og:url\" content=\"https:\/\/arredareidee.com\/index.php\/product\/aspiratore-fumi-elettrico-per-camino\/\" \/>\n<meta property=\"og:site_name\" content=\"Arredareidee\" \/>\n<meta property=\"article:modified_time\" content=\"2022-05-04T14:45:48+00:00\" \/>\n<meta property=\"og:image\" content=\"https:\/\/arredareidee.com\/wp-content\/uploads\/2021\/04\/Aspiratore-fumi-elettrico-per-camino-4.jpg\" \/>\n\t<meta property=\"og:image:width\" content=\"1440\" \/>\n\t<meta property=\"og:image:height\" content=\"1280\" \/>\n\t<meta property=\"og:image:type\" content=\"image\/jpeg\" \/>\n<meta name=\"twitter:card\" content=\"summary_large_image\" \/>\n<meta name=\"twitter:label1\" content=\"Tempo di lettura stimato\" \/>\n\t<meta name=\"twitter:data1\" content=\"2 minuti\" \/>\n<script type=\"application\/ld+json\" class=\"yoast-schema-graph\">{\"@context\":\"https:\/\/schema.org\",\"@graph\":[{\"@type\":\"WebPage\",\"@id\":\"https:\/\/arredareidee.com\/index.php\/product\/aspiratore-fumi-elettrico-per-camino\/\",\"url\":\"https:\/\/arredareidee.com\/index.php\/product\/aspiratore-fumi-elettrico-per-camino\/\",\"name\":\"Aspiratore Fumi Elettrico per Camino - Arredareidee\",\"isPartOf\":{\"@id\":\"https:\/\/arredareidee.com\/#website\"},\"primaryImageOfPage\":{\"@id\":\"https:\/\/arredareidee.com\/index.php\/product\/aspiratore-fumi-elettrico-per-camino\/#primaryimage\"},\"image\":{\"@id\":\"https:\/\/arredareidee.com\/index.php\/product\/aspiratore-fumi-elettrico-per-camino\/#primaryimage\"},\"thumbnailUrl\":\"https:\/\/arredareidee.com\/wp-content\/uploads\/2021\/04\/Aspiratore-fumi-elettrico-per-camino-4.jpg\",\"datePublished\":\"2021-04-26T15:32:38+00:00\",\"dateModified\":\"2022-05-04T14:45:48+00:00\",\"description\":\"Aspiratore Fumi Elettrico per Camino, adatto per risolvere definitivamente il problema di tiraggio del tuo caminetto. Per l\u2019applicazione a\",\"breadcrumb\":{\"@id\":\"https:\/\/arredareidee.com\/index.php\/product\/aspiratore-fumi-elettrico-per-camino\/#breadcrumb\"},\"inLanguage\":\"it-IT\",\"potentialAction\":[{\"@type\":\"ReadAction\",\"target\":[\"https:\/\/arredareidee.com\/index.php\/product\/aspiratore-fumi-elettrico-per-camino\/\"]}]},{\"@type\":\"ImageObject\",\"inLanguage\":\"it-IT\",\"@id\":\"https:\/\/arredareidee.com\/index.php\/product\/aspiratore-fumi-elettrico-per-camino\/#primaryimage\",\"url\":\"https:\/\/arredareidee.com\/wp-content\/uploads\/2021\/04\/Aspiratore-fumi-elettrico-per-camino-4.jpg\",\"contentUrl\":\"https:\/\/arredareidee.com\/wp-content\/uploads\/2021\/04\/Aspiratore-fumi-elettrico-per-camino-4.jpg\",\"width\":1440,\"height\":1280,\"caption\":\"Aspiratore fumi elettrico per camino\"},{\"@type\":\"BreadcrumbList\",\"@id\":\"https:\/\/arredareidee.com\/index.php\/product\/aspiratore-fumi-elettrico-per-camino\/#breadcrumb\",\"itemListElement\":[{\"@type\":\"ListItem\",\"position\":1,\"name\":\"Home\",\"item\":\"https:\/\/arredareidee.com\/\"},{\"@type\":\"ListItem\",\"position\":2,\"name\":\"Shop\",\"item\":\"https:\/\/arredareidee.com\/index.php\/shop\/\"},{\"@type\":\"ListItem\",\"position\":3,\"name\":\"Aspiratore Fumi Elettrico per Camino\"}]},{\"@type\":\"WebSite\",\"@id\":\"https:\/\/arredareidee.com\/#website\",\"url\":\"https:\/\/arredareidee.com\/\",\"name\":\"Arredareidee\",\"description\":\"Decorazioni personalizzate\",\"publisher\":{\"@id\":\"https:\/\/arredareidee.com\/#organization\"},\"potentialAction\":[{\"@type\":\"SearchAction\",\"target\":{\"@type\":\"EntryPoint\",\"urlTemplate\":\"https:\/\/arredareidee.com\/?s={search_term_string}\"},\"query-input\":{\"@type\":\"PropertyValueSpecification\",\"valueRequired\":true,\"valueName\":\"search_term_string\"}}],\"inLanguage\":\"it-IT\"},{\"@type\":\"Organization\",\"@id\":\"https:\/\/arredareidee.com\/#organization\",\"name\":\"Arredareidee\",\"url\":\"https:\/\/arredareidee.com\/\",\"logo\":{\"@type\":\"ImageObject\",\"inLanguage\":\"it-IT\",\"@id\":\"https:\/\/arredareidee.com\/#\/schema\/logo\/image\/\",\"url\":\"https:\/\/arredareidee.com\/wp-content\/uploads\/2021\/01\/cropped-Arredareidee.png\",\"contentUrl\":\"https:\/\/arredareidee.com\/wp-content\/uploads\/2021\/01\/cropped-Arredareidee.png\",\"width\":868,\"height\":157,\"caption\":\"Arredareidee\"},\"image\":{\"@id\":\"https:\/\/arredareidee.com\/#\/schema\/logo\/image\/\"}}]}<\/script>\n<!-- \/ Yoast SEO plugin. -->","yoast_head_json":{"title":"Aspiratore Fumi Elettrico per Camino - Arredareidee","description":"Aspiratore Fumi Elettrico per Camino, adatto per risolvere definitivamente il problema di tiraggio del tuo caminetto. Per l\u2019applicazione a","robots":{"index":"index","follow":"follow","max-snippet":"max-snippet:-1","max-image-preview":"max-image-preview:large","max-video-preview":"max-video-preview:-1"},"canonical":"https:\/\/arredareidee.com\/index.php\/product\/aspiratore-fumi-elettrico-per-camino\/","og_locale":"it_IT","og_type":"article","og_title":"Aspiratore Fumi Elettrico per Camino - Arredareidee","og_description":"Aspiratore Fumi Elettrico per Camino, adatto per risolvere definitivamente il problema di tiraggio del tuo caminetto. Per l\u2019applicazione a","og_url":"https:\/\/arredareidee.com\/index.php\/product\/aspiratore-fumi-elettrico-per-camino\/","og_site_name":"Arredareidee","article_modified_time":"2022-05-04T14:45:48+00:00","og_image":[{"width":1440,"height":1280,"url":"https:\/\/arredareidee.com\/wp-content\/uploads\/2021\/04\/Aspiratore-fumi-elettrico-per-camino-4.jpg","type":"image\/jpeg"}],"twitter_card":"summary_large_image","twitter_misc":{"Tempo di lettura stimato":"2 minuti"},"schema":{"@context":"https:\/\/schema.org","@graph":[{"@type":"WebPage","@id":"https:\/\/arredareidee.com\/index.php\/product\/aspiratore-fumi-elettrico-per-camino\/","url":"https:\/\/arredareidee.com\/index.php\/product\/aspiratore-fumi-elettrico-per-camino\/","name":"Aspiratore Fumi Elettrico per Camino - Arredareidee","isPartOf":{"@id":"https:\/\/arredareidee.com\/#website"},"primaryImageOfPage":{"@id":"https:\/\/arredareidee.com\/index.php\/product\/aspiratore-fumi-elettrico-per-camino\/#primaryimage"},"image":{"@id":"https:\/\/arredareidee.com\/index.php\/product\/aspiratore-fumi-elettrico-per-camino\/#primaryimage"},"thumbnailUrl":"https:\/\/arredareidee.com\/wp-content\/uploads\/2021\/04\/Aspiratore-fumi-elettrico-per-camino-4.jpg","datePublished":"2021-04-26T15:32:38+00:00","dateModified":"2022-05-04T14:45:48+00:00","description":"Aspiratore Fumi Elettrico per Camino, adatto per risolvere definitivamente il problema di tiraggio del tuo caminetto. Per l\u2019applicazione a","breadcrumb":{"@id":"https:\/\/arredareidee.com\/index.php\/product\/aspiratore-fumi-elettrico-per-camino\/#breadcrumb"},"inLanguage":"it-IT","potentialAction":[{"@type":"ReadAction","target":["https:\/\/arredareidee.com\/index.php\/product\/aspiratore-fumi-elettrico-per-camino\/"]}]},{"@type":"ImageObject","inLanguage":"it-IT","@id":"https:\/\/arredareidee.com\/index.php\/product\/aspiratore-fumi-elettrico-per-camino\/#primaryimage","url":"https:\/\/arredareidee.com\/wp-content\/uploads\/2021\/04\/Aspiratore-fumi-elettrico-per-camino-4.jpg","contentUrl":"https:\/\/arredareidee.com\/wp-content\/uploads\/2021\/04\/Aspiratore-fumi-elettrico-per-camino-4.jpg","width":1440,"height":1280,"caption":"Aspiratore fumi elettrico per camino"},{"@type":"BreadcrumbList","@id":"https:\/\/arredareidee.com\/index.php\/product\/aspiratore-fumi-elettrico-per-camino\/#breadcrumb","itemListElement":[{"@type":"ListItem","position":1,"name":"Home","item":"https:\/\/arredareidee.com\/"},{"@type":"ListItem","position":2,"name":"Shop","item":"https:\/\/arredareidee.com\/index.php\/shop\/"},{"@type":"ListItem","position":3,"name":"Aspiratore Fumi Elettrico per Camino"}]},{"@type":"WebSite","@id":"https:\/\/arredareidee.com\/#website","url":"https:\/\/arredareidee.com\/","name":"Arredareidee","description":"Decorazioni personalizzate","publisher":{"@id":"https:\/\/arredareidee.com\/#organization"},"potentialAction":[{"@type":"SearchAction","target":{"@type":"EntryPoint","urlTemplate":"https:\/\/arredareidee.com\/?s={search_term_string}"},"query-input":{"@type":"PropertyValueSpecification","valueRequired":true,"valueName":"search_term_string"}}],"inLanguage":"it-IT"},{"@type":"Organization","@id":"https:\/\/arredareidee.com\/#organization","name":"Arredareidee","url":"https:\/\/arredareidee.com\/","logo":{"@type":"ImageObject","inLanguage":"it-IT","@id":"https:\/\/arredareidee.com\/#\/schema\/logo\/image\/","url":"https:\/\/arredareidee.com\/wp-content\/uploads\/2021\/01\/cropped-Arredareidee.png","contentUrl":"https:\/\/arredareidee.com\/wp-content\/uploads\/2021\/01\/cropped-Arredareidee.png","width":868,"height":157,"caption":"Arredareidee"},"image":{"@id":"https:\/\/arredareidee.com\/#\/schema\/logo\/image\/"}}]}},"_links":{"self":[{"href":"https:\/\/arredareidee.com\/index.php\/wp-json\/wp\/v2\/product\/124426","targetHints":{"allow":["GET"]}}],"collection":[{"href":"https:\/\/arredareidee.com\/index.php\/wp-json\/wp\/v2\/product"}],"about":[{"href":"https:\/\/arredareidee.com\/index.php\/wp-json\/wp\/v2\/types\/product"}],"wp:featuredmedia":[{"embeddable":true,"href":"https:\/\/arredareidee.com\/index.php\/wp-json\/wp\/v2\/media\/124431"}],"wp:attachment":[{"href":"https:\/\/arredareidee.com\/index.php\/wp-json\/wp\/v2\/media?parent=124426"}],"wp:term":[{"taxonomy":"product_brand","embeddable":true,"href":"https:\/\/arredareidee.com\/index.php\/wp-json\/wp\/v2\/product_brand?post=124426"},{"taxonomy":"product_cat","embeddable":true,"href":"https:\/\/arredareidee.com\/index.php\/wp-json\/wp\/v2\/product_cat?post=124426"},{"taxonomy":"product_tag","embeddable":true,"href":"https:\/\/arredareidee.com\/index.php\/wp-json\/wp\/v2\/product_tag?post=124426"}],"curies":[{"name":"wp","href":"https:\/\/api.w.org\/{rel}","templated":true}]}}