
{"id":122802,"date":"2021-01-20T16:28:10","date_gmt":"2021-01-20T16:28:10","guid":{"rendered":"https:\/\/arredareidee.com\/?post_type=product&#038;p=122802"},"modified":"2023-08-05T11:15:39","modified_gmt":"2023-08-05T11:15:39","slug":"inserto-gheo-cm-100-x-100","status":"publish","type":"product","link":"https:\/\/arredareidee.com\/index.php\/product\/inserto-gheo-cm-100-x-100\/","title":{"rendered":"Inserto GHEO cm 100 x 100"},"content":{"rendered":"<h2><strong>Inserto GHEO cm 100 x 100<\/strong><\/h2>\n<p><span style=\"font-size: 14pt;\"><strong>Inserto realizzato in Marmo, spessore mm 9, misura idonea per tutti i tipi di pavimenti e rivestimento.<\/strong><\/span><\/p>\n<p><span style=\"font-size: 14pt;\">I Marmi e relativi colori, utilizzati in tutta la gamma Mosaici,\u00a0 (nome e tipo) sono visibili nella foto presente come immagine.<\/span><\/p>\n<p><span style=\"font-size: 14pt;\">Il Marmo \u00e8 una pietra naturale, di conseguenza ogni pezzo \u00e8 unico ed inimitabile, il tipo di Marmo, colore e disegno scelto per ogni decoro \u00e8 realizzato cos\u00ec come da foto, TUTTAVIA la scelta dei colori, tipo di Marmo e posizionamento, possono essere modificati e personalizzati.<\/span><\/p>\n<p><strong><span style=\"font-size: 14pt;\">N.B. se si desidera modificare e personalizzare il decoro, si prega di inviare richiesta preventivo, con la scelta dei colori, tipo di Marmo e il relativo posizionamento dei colori.<\/span><\/strong><\/p>\n","protected":false},"excerpt":{"rendered":"<p><span style=\"font-size: 14pt;\">Inserto realizzato con diversi tipi di marmo, lavorati uno per uno e posizionati con cura e maestranza, legati da una rete, predisposta per essere incollata<\/span><br \/>\n<span style=\"font-size: 14pt;\">direttamente sul pavimento o alla parete. <\/span><\/p>\n<p><span style=\"font-size: 14pt;\">Misura cm 100 x 100<\/span><\/p>\n<p><em><strong><span style=\"font-size: 14pt;\">N.B. su richiesta \u00e8 possibile realizzare qualsiasi tipo di disegno.<\/span><\/strong><\/em><\/p>\n","protected":false},"featured_media":122803,"template":"","meta":[],"product_brand":[],"product_cat":[59,16,61],"product_tag":[],"class_list":{"0":"post-122802","1":"product","2":"type-product","3":"status-publish","4":"has-post-thumbnail","6":"product_cat-inserti","7":"product_cat-mosaici-in-marmo","8":"product_cat-rosoni-quadri-mosaici-in-marmo","10":"first","11":"instock","12":"sale","13":"taxable","14":"shipping-taxable","15":"purchasable","16":"product-type-simple"},"yoast_head":"<!-- This site is optimized with the Yoast SEO plugin v26.4 - https:\/\/yoast.com\/wordpress\/plugins\/seo\/ -->\n<title>Inserto GHEO cm 100 x 100 - realizzato a mano - Arredareidee<\/title>\n<meta name=\"description\" content=\"Inserto GHEO cm 100 x 100 realizzato con diversi tipi di marmo, lavorati uno per uno e posizionati con cura e maestranza\" \/>\n<meta name=\"robots\" content=\"index, follow, max-snippet:-1, max-image-preview:large, max-video-preview:-1\" \/>\n<link rel=\"canonical\" href=\"https:\/\/arredareidee.com\/index.php\/product\/inserto-gheo-cm-100-x-100\/\" \/>\n<meta property=\"og:locale\" content=\"it_IT\" \/>\n<meta property=\"og:type\" content=\"article\" \/>\n<meta property=\"og:title\" content=\"Inserto GHEO cm 100 x 100 - realizzato a mano - Arredareidee\" \/>\n<meta property=\"og:description\" content=\"Inserto GHEO cm 100 x 100 realizzato con diversi tipi di marmo, lavorati uno per uno e posizionati con cura e maestranza\" \/>\n<meta property=\"og:url\" content=\"https:\/\/arredareidee.com\/index.php\/product\/inserto-gheo-cm-100-x-100\/\" \/>\n<meta property=\"og:site_name\" content=\"Arredareidee\" \/>\n<meta property=\"article:modified_time\" content=\"2023-08-05T11:15:39+00:00\" \/>\n<meta property=\"og:image\" content=\"https:\/\/arredareidee.com\/wp-content\/uploads\/2021\/01\/inserto-gheo_100x100-1024x686.png\" \/>\n\t<meta property=\"og:image:width\" content=\"1024\" \/>\n\t<meta property=\"og:image:height\" content=\"686\" \/>\n\t<meta property=\"og:image:type\" content=\"image\/png\" \/>\n<meta name=\"twitter:card\" content=\"summary_large_image\" \/>\n<meta name=\"twitter:label1\" content=\"Tempo di lettura stimato\" \/>\n\t<meta name=\"twitter:data1\" content=\"1 minuto\" \/>\n<script type=\"application\/ld+json\" class=\"yoast-schema-graph\">{\"@context\":\"https:\/\/schema.org\",\"@graph\":[{\"@type\":\"WebPage\",\"@id\":\"https:\/\/arredareidee.com\/index.php\/product\/inserto-gheo-cm-100-x-100\/\",\"url\":\"https:\/\/arredareidee.com\/index.php\/product\/inserto-gheo-cm-100-x-100\/\",\"name\":\"Inserto GHEO cm 100 x 100 - realizzato a mano - Arredareidee\",\"isPartOf\":{\"@id\":\"https:\/\/arredareidee.com\/#website\"},\"primaryImageOfPage\":{\"@id\":\"https:\/\/arredareidee.com\/index.php\/product\/inserto-gheo-cm-100-x-100\/#primaryimage\"},\"image\":{\"@id\":\"https:\/\/arredareidee.com\/index.php\/product\/inserto-gheo-cm-100-x-100\/#primaryimage\"},\"thumbnailUrl\":\"https:\/\/arredareidee.com\/wp-content\/uploads\/2021\/01\/inserto-gheo_100x100.png\",\"datePublished\":\"2021-01-20T16:28:10+00:00\",\"dateModified\":\"2023-08-05T11:15:39+00:00\",\"description\":\"Inserto GHEO cm 100 x 100 realizzato con diversi tipi di marmo, lavorati uno per uno e posizionati con cura e maestranza\",\"breadcrumb\":{\"@id\":\"https:\/\/arredareidee.com\/index.php\/product\/inserto-gheo-cm-100-x-100\/#breadcrumb\"},\"inLanguage\":\"it-IT\",\"potentialAction\":[{\"@type\":\"ReadAction\",\"target\":[\"https:\/\/arredareidee.com\/index.php\/product\/inserto-gheo-cm-100-x-100\/\"]}]},{\"@type\":\"ImageObject\",\"inLanguage\":\"it-IT\",\"@id\":\"https:\/\/arredareidee.com\/index.php\/product\/inserto-gheo-cm-100-x-100\/#primaryimage\",\"url\":\"https:\/\/arredareidee.com\/wp-content\/uploads\/2021\/01\/inserto-gheo_100x100.png\",\"contentUrl\":\"https:\/\/arredareidee.com\/wp-content\/uploads\/2021\/01\/inserto-gheo_100x100.png\",\"width\":1918,\"height\":1284},{\"@type\":\"BreadcrumbList\",\"@id\":\"https:\/\/arredareidee.com\/index.php\/product\/inserto-gheo-cm-100-x-100\/#breadcrumb\",\"itemListElement\":[{\"@type\":\"ListItem\",\"position\":1,\"name\":\"Home\",\"item\":\"https:\/\/arredareidee.com\/\"},{\"@type\":\"ListItem\",\"position\":2,\"name\":\"Shop\",\"item\":\"https:\/\/arredareidee.com\/index.php\/shop\/\"},{\"@type\":\"ListItem\",\"position\":3,\"name\":\"Inserto GHEO cm 100 x 100\"}]},{\"@type\":\"WebSite\",\"@id\":\"https:\/\/arredareidee.com\/#website\",\"url\":\"https:\/\/arredareidee.com\/\",\"name\":\"Arredareidee\",\"description\":\"Decorazioni personalizzate\",\"publisher\":{\"@id\":\"https:\/\/arredareidee.com\/#organization\"},\"potentialAction\":[{\"@type\":\"SearchAction\",\"target\":{\"@type\":\"EntryPoint\",\"urlTemplate\":\"https:\/\/arredareidee.com\/?s={search_term_string}\"},\"query-input\":{\"@type\":\"PropertyValueSpecification\",\"valueRequired\":true,\"valueName\":\"search_term_string\"}}],\"inLanguage\":\"it-IT\"},{\"@type\":\"Organization\",\"@id\":\"https:\/\/arredareidee.com\/#organization\",\"name\":\"Arredareidee\",\"url\":\"https:\/\/arredareidee.com\/\",\"logo\":{\"@type\":\"ImageObject\",\"inLanguage\":\"it-IT\",\"@id\":\"https:\/\/arredareidee.com\/#\/schema\/logo\/image\/\",\"url\":\"https:\/\/arredareidee.com\/wp-content\/uploads\/2021\/01\/cropped-Arredareidee.png\",\"contentUrl\":\"https:\/\/arredareidee.com\/wp-content\/uploads\/2021\/01\/cropped-Arredareidee.png\",\"width\":868,\"height\":157,\"caption\":\"Arredareidee\"},\"image\":{\"@id\":\"https:\/\/arredareidee.com\/#\/schema\/logo\/image\/\"}}]}<\/script>\n<!-- \/ Yoast SEO plugin. -->","yoast_head_json":{"title":"Inserto GHEO cm 100 x 100 - realizzato a mano - Arredareidee","description":"Inserto GHEO cm 100 x 100 realizzato con diversi tipi di marmo, lavorati uno per uno e posizionati con cura e maestranza","robots":{"index":"index","follow":"follow","max-snippet":"max-snippet:-1","max-image-preview":"max-image-preview:large","max-video-preview":"max-video-preview:-1"},"canonical":"https:\/\/arredareidee.com\/index.php\/product\/inserto-gheo-cm-100-x-100\/","og_locale":"it_IT","og_type":"article","og_title":"Inserto GHEO cm 100 x 100 - realizzato a mano - Arredareidee","og_description":"Inserto GHEO cm 100 x 100 realizzato con diversi tipi di marmo, lavorati uno per uno e posizionati con cura e maestranza","og_url":"https:\/\/arredareidee.com\/index.php\/product\/inserto-gheo-cm-100-x-100\/","og_site_name":"Arredareidee","article_modified_time":"2023-08-05T11:15:39+00:00","og_image":[{"width":1024,"height":686,"url":"https:\/\/arredareidee.com\/wp-content\/uploads\/2021\/01\/inserto-gheo_100x100-1024x686.png","type":"image\/png"}],"twitter_card":"summary_large_image","twitter_misc":{"Tempo di lettura stimato":"1 minuto"},"schema":{"@context":"https:\/\/schema.org","@graph":[{"@type":"WebPage","@id":"https:\/\/arredareidee.com\/index.php\/product\/inserto-gheo-cm-100-x-100\/","url":"https:\/\/arredareidee.com\/index.php\/product\/inserto-gheo-cm-100-x-100\/","name":"Inserto GHEO cm 100 x 100 - realizzato a mano - Arredareidee","isPartOf":{"@id":"https:\/\/arredareidee.com\/#website"},"primaryImageOfPage":{"@id":"https:\/\/arredareidee.com\/index.php\/product\/inserto-gheo-cm-100-x-100\/#primaryimage"},"image":{"@id":"https:\/\/arredareidee.com\/index.php\/product\/inserto-gheo-cm-100-x-100\/#primaryimage"},"thumbnailUrl":"https:\/\/arredareidee.com\/wp-content\/uploads\/2021\/01\/inserto-gheo_100x100.png","datePublished":"2021-01-20T16:28:10+00:00","dateModified":"2023-08-05T11:15:39+00:00","description":"Inserto GHEO cm 100 x 100 realizzato con diversi tipi di marmo, lavorati uno per uno e posizionati con cura e maestranza","breadcrumb":{"@id":"https:\/\/arredareidee.com\/index.php\/product\/inserto-gheo-cm-100-x-100\/#breadcrumb"},"inLanguage":"it-IT","potentialAction":[{"@type":"ReadAction","target":["https:\/\/arredareidee.com\/index.php\/product\/inserto-gheo-cm-100-x-100\/"]}]},{"@type":"ImageObject","inLanguage":"it-IT","@id":"https:\/\/arredareidee.com\/index.php\/product\/inserto-gheo-cm-100-x-100\/#primaryimage","url":"https:\/\/arredareidee.com\/wp-content\/uploads\/2021\/01\/inserto-gheo_100x100.png","contentUrl":"https:\/\/arredareidee.com\/wp-content\/uploads\/2021\/01\/inserto-gheo_100x100.png","width":1918,"height":1284},{"@type":"BreadcrumbList","@id":"https:\/\/arredareidee.com\/index.php\/product\/inserto-gheo-cm-100-x-100\/#breadcrumb","itemListElement":[{"@type":"ListItem","position":1,"name":"Home","item":"https:\/\/arredareidee.com\/"},{"@type":"ListItem","position":2,"name":"Shop","item":"https:\/\/arredareidee.com\/index.php\/shop\/"},{"@type":"ListItem","position":3,"name":"Inserto GHEO cm 100 x 100"}]},{"@type":"WebSite","@id":"https:\/\/arredareidee.com\/#website","url":"https:\/\/arredareidee.com\/","name":"Arredareidee","description":"Decorazioni personalizzate","publisher":{"@id":"https:\/\/arredareidee.com\/#organization"},"potentialAction":[{"@type":"SearchAction","target":{"@type":"EntryPoint","urlTemplate":"https:\/\/arredareidee.com\/?s={search_term_string}"},"query-input":{"@type":"PropertyValueSpecification","valueRequired":true,"valueName":"search_term_string"}}],"inLanguage":"it-IT"},{"@type":"Organization","@id":"https:\/\/arredareidee.com\/#organization","name":"Arredareidee","url":"https:\/\/arredareidee.com\/","logo":{"@type":"ImageObject","inLanguage":"it-IT","@id":"https:\/\/arredareidee.com\/#\/schema\/logo\/image\/","url":"https:\/\/arredareidee.com\/wp-content\/uploads\/2021\/01\/cropped-Arredareidee.png","contentUrl":"https:\/\/arredareidee.com\/wp-content\/uploads\/2021\/01\/cropped-Arredareidee.png","width":868,"height":157,"caption":"Arredareidee"},"image":{"@id":"https:\/\/arredareidee.com\/#\/schema\/logo\/image\/"}}]}},"_links":{"self":[{"href":"https:\/\/arredareidee.com\/index.php\/wp-json\/wp\/v2\/product\/122802","targetHints":{"allow":["GET"]}}],"collection":[{"href":"https:\/\/arredareidee.com\/index.php\/wp-json\/wp\/v2\/product"}],"about":[{"href":"https:\/\/arredareidee.com\/index.php\/wp-json\/wp\/v2\/types\/product"}],"wp:featuredmedia":[{"embeddable":true,"href":"https:\/\/arredareidee.com\/index.php\/wp-json\/wp\/v2\/media\/122803"}],"wp:attachment":[{"href":"https:\/\/arredareidee.com\/index.php\/wp-json\/wp\/v2\/media?parent=122802"}],"wp:term":[{"taxonomy":"product_brand","embeddable":true,"href":"https:\/\/arredareidee.com\/index.php\/wp-json\/wp\/v2\/product_brand?post=122802"},{"taxonomy":"product_cat","embeddable":true,"href":"https:\/\/arredareidee.com\/index.php\/wp-json\/wp\/v2\/product_cat?post=122802"},{"taxonomy":"product_tag","embeddable":true,"href":"https:\/\/arredareidee.com\/index.php\/wp-json\/wp\/v2\/product_tag?post=122802"}],"curies":[{"name":"wp","href":"https:\/\/api.w.org\/{rel}","templated":true}]}}