
{"id":122773,"date":"2021-01-20T13:34:11","date_gmt":"2021-01-20T13:34:11","guid":{"rendered":"https:\/\/arredareidee.com\/?post_type=product&#038;p=122773"},"modified":"2023-08-05T11:22:58","modified_gmt":"2023-08-05T11:22:58","slug":"rosone-rq1-cm-60-x-60","status":"publish","type":"product","link":"https:\/\/arredareidee.com\/index.php\/product\/rosone-rq1-cm-60-x-60\/","title":{"rendered":"Rosone RQ1 cm 60 x 60"},"content":{"rendered":"<h2><strong>Rosone RQ1 cm 60 x 60<\/strong><\/h2>\n<p><span style=\"font-size: 14pt;\">Misura: 60 x 60<\/span><\/p>\n<p><span style=\"font-size: 14pt;\">Spessore: mm 9, misura idonea per tutti i tipi di pavimenti e rivestimenti.<\/span><\/p>\n<p><span style=\"font-size: 14pt;\">I Marmi e relativi colori sono visibili nella foto presente come immagine.<\/span><\/p>\n<p><span style=\"font-size: 14pt;\">Il Marmo \u00e8 una pietra naturale, di conseguenza ogni pezzo \u00e8 unico ed inimitabile, il tipo di Marmo, colore e disegno scelto per ogni decoro \u00e8 realizzato cos\u00ec come da foto, TUTTAVIA la scelta dei colori, tipo di Marmo e posizionamento, possono essere modificati e personalizzati.<\/span><\/p>\n<p><strong><span style=\"font-size: 14pt;\">N.B. se si desidera modificare e personalizzare il decoro, si prega di inviare richiesta preventivo, con la scelta dei colori, tipo di Marmo e il relativo posizionamento dei colori.<\/span><\/strong><\/p>\n","protected":false},"excerpt":{"rendered":"<p><span style=\"font-size: 14pt;\">Rosone realizzato con diversi tipi di marmo, lavorati uno per uno e, posizionati con cura e maestranza, legati da una rete, predisposta per essere incollata direttamente sul pavimento o sulla parete. <\/span><\/p>\n<p><span style=\"font-size: 14pt;\">Misura cm 60 x 60<\/span><\/p>\n<p><em><strong><span style=\"font-size: 14pt;\">N.B. su richiesta \u00e8 possibile realizzare qualsiasi tipo di disegno.<\/span><\/strong><\/em><\/p>\n","protected":false},"featured_media":122774,"template":"","meta":[],"product_brand":[],"product_cat":[16,61],"product_tag":[],"class_list":{"0":"post-122773","1":"product","2":"type-product","3":"status-publish","4":"has-post-thumbnail","6":"product_cat-mosaici-in-marmo","7":"product_cat-rosoni-quadri-mosaici-in-marmo","9":"first","10":"instock","11":"taxable","12":"shipping-taxable","13":"purchasable","14":"product-type-simple"},"yoast_head":"<!-- This site is optimized with the Yoast SEO plugin v26.4 - https:\/\/yoast.com\/wordpress\/plugins\/seo\/ -->\n<title>Rosone RQ1 cm 60 x 60 - Arredareidee<\/title>\n<meta name=\"description\" content=\"Rosone RQ1 cm 60 x 60 realizzato con diversi tipi di marmo, lavorati uno per uno e, posizionati con cura e maestranza\" \/>\n<meta name=\"robots\" content=\"index, follow, max-snippet:-1, max-image-preview:large, max-video-preview:-1\" \/>\n<link rel=\"canonical\" href=\"https:\/\/arredareidee.com\/index.php\/product\/rosone-rq1-cm-60-x-60\/\" \/>\n<meta property=\"og:locale\" content=\"it_IT\" \/>\n<meta property=\"og:type\" content=\"article\" \/>\n<meta property=\"og:title\" content=\"Rosone RQ1 cm 60 x 60 - Arredareidee\" \/>\n<meta property=\"og:description\" content=\"Rosone RQ1 cm 60 x 60 realizzato con diversi tipi di marmo, lavorati uno per uno e, posizionati con cura e maestranza\" \/>\n<meta property=\"og:url\" content=\"https:\/\/arredareidee.com\/index.php\/product\/rosone-rq1-cm-60-x-60\/\" \/>\n<meta property=\"og:site_name\" content=\"Arredareidee\" \/>\n<meta property=\"article:modified_time\" content=\"2023-08-05T11:22:58+00:00\" \/>\n<meta property=\"og:image\" content=\"https:\/\/arredareidee.com\/wp-content\/uploads\/2021\/01\/rosone-rq1_600x600.png\" \/>\n\t<meta property=\"og:image:width\" content=\"942\" \/>\n\t<meta property=\"og:image:height\" content=\"930\" \/>\n\t<meta property=\"og:image:type\" content=\"image\/png\" \/>\n<meta name=\"twitter:card\" content=\"summary_large_image\" \/>\n<meta name=\"twitter:label1\" content=\"Tempo di lettura stimato\" \/>\n\t<meta name=\"twitter:data1\" content=\"1 minuto\" \/>\n<script type=\"application\/ld+json\" class=\"yoast-schema-graph\">{\"@context\":\"https:\/\/schema.org\",\"@graph\":[{\"@type\":\"WebPage\",\"@id\":\"https:\/\/arredareidee.com\/index.php\/product\/rosone-rq1-cm-60-x-60\/\",\"url\":\"https:\/\/arredareidee.com\/index.php\/product\/rosone-rq1-cm-60-x-60\/\",\"name\":\"Rosone RQ1 cm 60 x 60 - Arredareidee\",\"isPartOf\":{\"@id\":\"https:\/\/arredareidee.com\/#website\"},\"primaryImageOfPage\":{\"@id\":\"https:\/\/arredareidee.com\/index.php\/product\/rosone-rq1-cm-60-x-60\/#primaryimage\"},\"image\":{\"@id\":\"https:\/\/arredareidee.com\/index.php\/product\/rosone-rq1-cm-60-x-60\/#primaryimage\"},\"thumbnailUrl\":\"https:\/\/arredareidee.com\/wp-content\/uploads\/2021\/01\/rosone-rq1_600x600.png\",\"datePublished\":\"2021-01-20T13:34:11+00:00\",\"dateModified\":\"2023-08-05T11:22:58+00:00\",\"description\":\"Rosone RQ1 cm 60 x 60 realizzato con diversi tipi di marmo, lavorati uno per uno e, posizionati con cura e maestranza\",\"breadcrumb\":{\"@id\":\"https:\/\/arredareidee.com\/index.php\/product\/rosone-rq1-cm-60-x-60\/#breadcrumb\"},\"inLanguage\":\"it-IT\",\"potentialAction\":[{\"@type\":\"ReadAction\",\"target\":[\"https:\/\/arredareidee.com\/index.php\/product\/rosone-rq1-cm-60-x-60\/\"]}]},{\"@type\":\"ImageObject\",\"inLanguage\":\"it-IT\",\"@id\":\"https:\/\/arredareidee.com\/index.php\/product\/rosone-rq1-cm-60-x-60\/#primaryimage\",\"url\":\"https:\/\/arredareidee.com\/wp-content\/uploads\/2021\/01\/rosone-rq1_600x600.png\",\"contentUrl\":\"https:\/\/arredareidee.com\/wp-content\/uploads\/2021\/01\/rosone-rq1_600x600.png\",\"width\":942,\"height\":930},{\"@type\":\"BreadcrumbList\",\"@id\":\"https:\/\/arredareidee.com\/index.php\/product\/rosone-rq1-cm-60-x-60\/#breadcrumb\",\"itemListElement\":[{\"@type\":\"ListItem\",\"position\":1,\"name\":\"Home\",\"item\":\"https:\/\/arredareidee.com\/\"},{\"@type\":\"ListItem\",\"position\":2,\"name\":\"Shop\",\"item\":\"https:\/\/arredareidee.com\/index.php\/shop\/\"},{\"@type\":\"ListItem\",\"position\":3,\"name\":\"Rosone RQ1 cm 60 x 60\"}]},{\"@type\":\"WebSite\",\"@id\":\"https:\/\/arredareidee.com\/#website\",\"url\":\"https:\/\/arredareidee.com\/\",\"name\":\"Arredareidee\",\"description\":\"Decorazioni personalizzate\",\"publisher\":{\"@id\":\"https:\/\/arredareidee.com\/#organization\"},\"potentialAction\":[{\"@type\":\"SearchAction\",\"target\":{\"@type\":\"EntryPoint\",\"urlTemplate\":\"https:\/\/arredareidee.com\/?s={search_term_string}\"},\"query-input\":{\"@type\":\"PropertyValueSpecification\",\"valueRequired\":true,\"valueName\":\"search_term_string\"}}],\"inLanguage\":\"it-IT\"},{\"@type\":\"Organization\",\"@id\":\"https:\/\/arredareidee.com\/#organization\",\"name\":\"Arredareidee\",\"url\":\"https:\/\/arredareidee.com\/\",\"logo\":{\"@type\":\"ImageObject\",\"inLanguage\":\"it-IT\",\"@id\":\"https:\/\/arredareidee.com\/#\/schema\/logo\/image\/\",\"url\":\"https:\/\/arredareidee.com\/wp-content\/uploads\/2021\/01\/cropped-Arredareidee.png\",\"contentUrl\":\"https:\/\/arredareidee.com\/wp-content\/uploads\/2021\/01\/cropped-Arredareidee.png\",\"width\":868,\"height\":157,\"caption\":\"Arredareidee\"},\"image\":{\"@id\":\"https:\/\/arredareidee.com\/#\/schema\/logo\/image\/\"}}]}<\/script>\n<!-- \/ Yoast SEO plugin. -->","yoast_head_json":{"title":"Rosone RQ1 cm 60 x 60 - Arredareidee","description":"Rosone RQ1 cm 60 x 60 realizzato con diversi tipi di marmo, lavorati uno per uno e, posizionati con cura e maestranza","robots":{"index":"index","follow":"follow","max-snippet":"max-snippet:-1","max-image-preview":"max-image-preview:large","max-video-preview":"max-video-preview:-1"},"canonical":"https:\/\/arredareidee.com\/index.php\/product\/rosone-rq1-cm-60-x-60\/","og_locale":"it_IT","og_type":"article","og_title":"Rosone RQ1 cm 60 x 60 - Arredareidee","og_description":"Rosone RQ1 cm 60 x 60 realizzato con diversi tipi di marmo, lavorati uno per uno e, posizionati con cura e maestranza","og_url":"https:\/\/arredareidee.com\/index.php\/product\/rosone-rq1-cm-60-x-60\/","og_site_name":"Arredareidee","article_modified_time":"2023-08-05T11:22:58+00:00","og_image":[{"width":942,"height":930,"url":"https:\/\/arredareidee.com\/wp-content\/uploads\/2021\/01\/rosone-rq1_600x600.png","type":"image\/png"}],"twitter_card":"summary_large_image","twitter_misc":{"Tempo di lettura stimato":"1 minuto"},"schema":{"@context":"https:\/\/schema.org","@graph":[{"@type":"WebPage","@id":"https:\/\/arredareidee.com\/index.php\/product\/rosone-rq1-cm-60-x-60\/","url":"https:\/\/arredareidee.com\/index.php\/product\/rosone-rq1-cm-60-x-60\/","name":"Rosone RQ1 cm 60 x 60 - Arredareidee","isPartOf":{"@id":"https:\/\/arredareidee.com\/#website"},"primaryImageOfPage":{"@id":"https:\/\/arredareidee.com\/index.php\/product\/rosone-rq1-cm-60-x-60\/#primaryimage"},"image":{"@id":"https:\/\/arredareidee.com\/index.php\/product\/rosone-rq1-cm-60-x-60\/#primaryimage"},"thumbnailUrl":"https:\/\/arredareidee.com\/wp-content\/uploads\/2021\/01\/rosone-rq1_600x600.png","datePublished":"2021-01-20T13:34:11+00:00","dateModified":"2023-08-05T11:22:58+00:00","description":"Rosone RQ1 cm 60 x 60 realizzato con diversi tipi di marmo, lavorati uno per uno e, posizionati con cura e maestranza","breadcrumb":{"@id":"https:\/\/arredareidee.com\/index.php\/product\/rosone-rq1-cm-60-x-60\/#breadcrumb"},"inLanguage":"it-IT","potentialAction":[{"@type":"ReadAction","target":["https:\/\/arredareidee.com\/index.php\/product\/rosone-rq1-cm-60-x-60\/"]}]},{"@type":"ImageObject","inLanguage":"it-IT","@id":"https:\/\/arredareidee.com\/index.php\/product\/rosone-rq1-cm-60-x-60\/#primaryimage","url":"https:\/\/arredareidee.com\/wp-content\/uploads\/2021\/01\/rosone-rq1_600x600.png","contentUrl":"https:\/\/arredareidee.com\/wp-content\/uploads\/2021\/01\/rosone-rq1_600x600.png","width":942,"height":930},{"@type":"BreadcrumbList","@id":"https:\/\/arredareidee.com\/index.php\/product\/rosone-rq1-cm-60-x-60\/#breadcrumb","itemListElement":[{"@type":"ListItem","position":1,"name":"Home","item":"https:\/\/arredareidee.com\/"},{"@type":"ListItem","position":2,"name":"Shop","item":"https:\/\/arredareidee.com\/index.php\/shop\/"},{"@type":"ListItem","position":3,"name":"Rosone RQ1 cm 60 x 60"}]},{"@type":"WebSite","@id":"https:\/\/arredareidee.com\/#website","url":"https:\/\/arredareidee.com\/","name":"Arredareidee","description":"Decorazioni personalizzate","publisher":{"@id":"https:\/\/arredareidee.com\/#organization"},"potentialAction":[{"@type":"SearchAction","target":{"@type":"EntryPoint","urlTemplate":"https:\/\/arredareidee.com\/?s={search_term_string}"},"query-input":{"@type":"PropertyValueSpecification","valueRequired":true,"valueName":"search_term_string"}}],"inLanguage":"it-IT"},{"@type":"Organization","@id":"https:\/\/arredareidee.com\/#organization","name":"Arredareidee","url":"https:\/\/arredareidee.com\/","logo":{"@type":"ImageObject","inLanguage":"it-IT","@id":"https:\/\/arredareidee.com\/#\/schema\/logo\/image\/","url":"https:\/\/arredareidee.com\/wp-content\/uploads\/2021\/01\/cropped-Arredareidee.png","contentUrl":"https:\/\/arredareidee.com\/wp-content\/uploads\/2021\/01\/cropped-Arredareidee.png","width":868,"height":157,"caption":"Arredareidee"},"image":{"@id":"https:\/\/arredareidee.com\/#\/schema\/logo\/image\/"}}]}},"_links":{"self":[{"href":"https:\/\/arredareidee.com\/index.php\/wp-json\/wp\/v2\/product\/122773","targetHints":{"allow":["GET"]}}],"collection":[{"href":"https:\/\/arredareidee.com\/index.php\/wp-json\/wp\/v2\/product"}],"about":[{"href":"https:\/\/arredareidee.com\/index.php\/wp-json\/wp\/v2\/types\/product"}],"wp:featuredmedia":[{"embeddable":true,"href":"https:\/\/arredareidee.com\/index.php\/wp-json\/wp\/v2\/media\/122774"}],"wp:attachment":[{"href":"https:\/\/arredareidee.com\/index.php\/wp-json\/wp\/v2\/media?parent=122773"}],"wp:term":[{"taxonomy":"product_brand","embeddable":true,"href":"https:\/\/arredareidee.com\/index.php\/wp-json\/wp\/v2\/product_brand?post=122773"},{"taxonomy":"product_cat","embeddable":true,"href":"https:\/\/arredareidee.com\/index.php\/wp-json\/wp\/v2\/product_cat?post=122773"},{"taxonomy":"product_tag","embeddable":true,"href":"https:\/\/arredareidee.com\/index.php\/wp-json\/wp\/v2\/product_tag?post=122773"}],"curies":[{"name":"wp","href":"https:\/\/api.w.org\/{rel}","templated":true}]}}