
{"id":122762,"date":"2021-01-19T22:04:08","date_gmt":"2021-01-19T22:04:08","guid":{"rendered":"https:\/\/arredareidee.com\/?post_type=product&#038;p=122762"},"modified":"2023-08-05T11:27:48","modified_gmt":"2023-08-05T11:27:48","slug":"listello-tunisi-cm-30-x-15","status":"publish","type":"product","link":"https:\/\/arredareidee.com\/index.php\/product\/listello-tunisi-cm-30-x-15\/","title":{"rendered":"Listello Tunisi cm 30 x 15"},"content":{"rendered":"<h2><strong>Listello Tunisi realizzato con Marmo Travertino e Bianco Perlato<\/strong><\/h2>\n<p><span style=\"font-size: 14pt;\">Lo spessore dei Marmi \u00e8 di 9 mm, misura idonea per tutti i tipi di pavimenti.<\/span><\/p>\n<p><span style=\"font-size: 14pt;\">I Marmi e relativi colori, utilizzati in tutta la gamma Mosaici,\u00a0 (nome e tipo) sono visibili nella foto presente come immagine.<\/span><\/p>\n<p><span style=\"font-size: 14pt;\">Il Marmo \u00e8 una pietra naturale, di conseguenza ogni pezzo \u00e8 unico ed inimitabile, il tipo di Marmo, colore e disegno scelto per ogni decoro \u00e8 realizzato cos\u00ec come da foto, TUTTAVIA la scelta dei colori, tipo di Marmo e posizionamento, possono essere modificati e personalizzati.<\/span><\/p>\n<p><strong><span style=\"font-size: 14pt;\">N.B. se si desidera modificare e personalizzare il decoro, si prega di inviare richiesta preventivo, con la scelta dei colori, tipo di Marmo e il relativo posizionamento dei colori.<\/span><\/strong><\/p>\n","protected":false},"excerpt":{"rendered":"<p><span style=\"font-size: 14pt;\">Listello realizzato a mano, con diversi tipi di marmo, lavorati uno per uno e, posizionati con cura e maestranza, legati da una rete, predisposta per essere incollata<\/span><br \/>\n<span style=\"font-size: 14pt;\">direttamente sul pavimento o alla parete. <\/span><\/p>\n<p><span style=\"font-size: 14pt;\">Misura cm 30 x 15<\/span><\/p>\n<p><em><strong><span style=\"font-size: 14pt;\">N.B. su richiesta \u00e8 possibile realizzare qualsiasi tipo di disegno.<\/span><\/strong><\/em><\/p>\n","protected":false},"featured_media":122763,"template":"","meta":[],"product_brand":[],"product_cat":[60,16],"product_tag":[],"class_list":{"0":"post-122762","1":"product","2":"type-product","3":"status-publish","4":"has-post-thumbnail","6":"product_cat-listelli","7":"product_cat-mosaici-in-marmo","9":"first","10":"instock","11":"taxable","12":"shipping-taxable","13":"purchasable","14":"product-type-simple"},"yoast_head":"<!-- This site is optimized with the Yoast SEO plugin v26.4 - https:\/\/yoast.com\/wordpress\/plugins\/seo\/ -->\n<title>Listello Tunisi cm 30 x 15 - Arredareidee<\/title>\n<meta name=\"description\" content=\"Listello Tunisi realizzato a mano, con diversi tipi di marmo, lavorati uno per uno e, posizionati con cura e maestranza\" \/>\n<meta name=\"robots\" content=\"index, follow, max-snippet:-1, max-image-preview:large, max-video-preview:-1\" \/>\n<link rel=\"canonical\" href=\"https:\/\/arredareidee.com\/index.php\/product\/listello-tunisi-cm-30-x-15\/\" \/>\n<meta property=\"og:locale\" content=\"it_IT\" \/>\n<meta property=\"og:type\" content=\"article\" \/>\n<meta property=\"og:title\" content=\"Listello Tunisi cm 30 x 15 - Arredareidee\" \/>\n<meta property=\"og:description\" content=\"Listello Tunisi realizzato a mano, con diversi tipi di marmo, lavorati uno per uno e, posizionati con cura e maestranza\" \/>\n<meta property=\"og:url\" content=\"https:\/\/arredareidee.com\/index.php\/product\/listello-tunisi-cm-30-x-15\/\" \/>\n<meta property=\"og:site_name\" content=\"Arredareidee\" \/>\n<meta property=\"article:modified_time\" content=\"2023-08-05T11:27:48+00:00\" \/>\n<meta property=\"og:image\" content=\"https:\/\/arredareidee.com\/wp-content\/uploads\/2021\/01\/tunisi_300x150.png\" \/>\n\t<meta property=\"og:image:width\" content=\"1080\" \/>\n\t<meta property=\"og:image:height\" content=\"642\" \/>\n\t<meta property=\"og:image:type\" content=\"image\/png\" \/>\n<meta name=\"twitter:card\" content=\"summary_large_image\" \/>\n<meta name=\"twitter:label1\" content=\"Tempo di lettura stimato\" \/>\n\t<meta name=\"twitter:data1\" content=\"1 minuto\" \/>\n<script type=\"application\/ld+json\" class=\"yoast-schema-graph\">{\"@context\":\"https:\/\/schema.org\",\"@graph\":[{\"@type\":\"WebPage\",\"@id\":\"https:\/\/arredareidee.com\/index.php\/product\/listello-tunisi-cm-30-x-15\/\",\"url\":\"https:\/\/arredareidee.com\/index.php\/product\/listello-tunisi-cm-30-x-15\/\",\"name\":\"Listello Tunisi cm 30 x 15 - Arredareidee\",\"isPartOf\":{\"@id\":\"https:\/\/arredareidee.com\/#website\"},\"primaryImageOfPage\":{\"@id\":\"https:\/\/arredareidee.com\/index.php\/product\/listello-tunisi-cm-30-x-15\/#primaryimage\"},\"image\":{\"@id\":\"https:\/\/arredareidee.com\/index.php\/product\/listello-tunisi-cm-30-x-15\/#primaryimage\"},\"thumbnailUrl\":\"https:\/\/arredareidee.com\/wp-content\/uploads\/2021\/01\/tunisi_300x150.png\",\"datePublished\":\"2021-01-19T22:04:08+00:00\",\"dateModified\":\"2023-08-05T11:27:48+00:00\",\"description\":\"Listello Tunisi realizzato a mano, con diversi tipi di marmo, lavorati uno per uno e, posizionati con cura e maestranza\",\"breadcrumb\":{\"@id\":\"https:\/\/arredareidee.com\/index.php\/product\/listello-tunisi-cm-30-x-15\/#breadcrumb\"},\"inLanguage\":\"it-IT\",\"potentialAction\":[{\"@type\":\"ReadAction\",\"target\":[\"https:\/\/arredareidee.com\/index.php\/product\/listello-tunisi-cm-30-x-15\/\"]}]},{\"@type\":\"ImageObject\",\"inLanguage\":\"it-IT\",\"@id\":\"https:\/\/arredareidee.com\/index.php\/product\/listello-tunisi-cm-30-x-15\/#primaryimage\",\"url\":\"https:\/\/arredareidee.com\/wp-content\/uploads\/2021\/01\/tunisi_300x150.png\",\"contentUrl\":\"https:\/\/arredareidee.com\/wp-content\/uploads\/2021\/01\/tunisi_300x150.png\",\"width\":1080,\"height\":642},{\"@type\":\"BreadcrumbList\",\"@id\":\"https:\/\/arredareidee.com\/index.php\/product\/listello-tunisi-cm-30-x-15\/#breadcrumb\",\"itemListElement\":[{\"@type\":\"ListItem\",\"position\":1,\"name\":\"Home\",\"item\":\"https:\/\/arredareidee.com\/\"},{\"@type\":\"ListItem\",\"position\":2,\"name\":\"Shop\",\"item\":\"https:\/\/arredareidee.com\/index.php\/shop\/\"},{\"@type\":\"ListItem\",\"position\":3,\"name\":\"Listello Tunisi cm 30 x 15\"}]},{\"@type\":\"WebSite\",\"@id\":\"https:\/\/arredareidee.com\/#website\",\"url\":\"https:\/\/arredareidee.com\/\",\"name\":\"Arredareidee\",\"description\":\"Decorazioni personalizzate\",\"publisher\":{\"@id\":\"https:\/\/arredareidee.com\/#organization\"},\"potentialAction\":[{\"@type\":\"SearchAction\",\"target\":{\"@type\":\"EntryPoint\",\"urlTemplate\":\"https:\/\/arredareidee.com\/?s={search_term_string}\"},\"query-input\":{\"@type\":\"PropertyValueSpecification\",\"valueRequired\":true,\"valueName\":\"search_term_string\"}}],\"inLanguage\":\"it-IT\"},{\"@type\":\"Organization\",\"@id\":\"https:\/\/arredareidee.com\/#organization\",\"name\":\"Arredareidee\",\"url\":\"https:\/\/arredareidee.com\/\",\"logo\":{\"@type\":\"ImageObject\",\"inLanguage\":\"it-IT\",\"@id\":\"https:\/\/arredareidee.com\/#\/schema\/logo\/image\/\",\"url\":\"https:\/\/arredareidee.com\/wp-content\/uploads\/2021\/01\/cropped-Arredareidee.png\",\"contentUrl\":\"https:\/\/arredareidee.com\/wp-content\/uploads\/2021\/01\/cropped-Arredareidee.png\",\"width\":868,\"height\":157,\"caption\":\"Arredareidee\"},\"image\":{\"@id\":\"https:\/\/arredareidee.com\/#\/schema\/logo\/image\/\"}}]}<\/script>\n<!-- \/ Yoast SEO plugin. -->","yoast_head_json":{"title":"Listello Tunisi cm 30 x 15 - Arredareidee","description":"Listello Tunisi realizzato a mano, con diversi tipi di marmo, lavorati uno per uno e, posizionati con cura e maestranza","robots":{"index":"index","follow":"follow","max-snippet":"max-snippet:-1","max-image-preview":"max-image-preview:large","max-video-preview":"max-video-preview:-1"},"canonical":"https:\/\/arredareidee.com\/index.php\/product\/listello-tunisi-cm-30-x-15\/","og_locale":"it_IT","og_type":"article","og_title":"Listello Tunisi cm 30 x 15 - Arredareidee","og_description":"Listello Tunisi realizzato a mano, con diversi tipi di marmo, lavorati uno per uno e, posizionati con cura e maestranza","og_url":"https:\/\/arredareidee.com\/index.php\/product\/listello-tunisi-cm-30-x-15\/","og_site_name":"Arredareidee","article_modified_time":"2023-08-05T11:27:48+00:00","og_image":[{"width":1080,"height":642,"url":"https:\/\/arredareidee.com\/wp-content\/uploads\/2021\/01\/tunisi_300x150.png","type":"image\/png"}],"twitter_card":"summary_large_image","twitter_misc":{"Tempo di lettura stimato":"1 minuto"},"schema":{"@context":"https:\/\/schema.org","@graph":[{"@type":"WebPage","@id":"https:\/\/arredareidee.com\/index.php\/product\/listello-tunisi-cm-30-x-15\/","url":"https:\/\/arredareidee.com\/index.php\/product\/listello-tunisi-cm-30-x-15\/","name":"Listello Tunisi cm 30 x 15 - Arredareidee","isPartOf":{"@id":"https:\/\/arredareidee.com\/#website"},"primaryImageOfPage":{"@id":"https:\/\/arredareidee.com\/index.php\/product\/listello-tunisi-cm-30-x-15\/#primaryimage"},"image":{"@id":"https:\/\/arredareidee.com\/index.php\/product\/listello-tunisi-cm-30-x-15\/#primaryimage"},"thumbnailUrl":"https:\/\/arredareidee.com\/wp-content\/uploads\/2021\/01\/tunisi_300x150.png","datePublished":"2021-01-19T22:04:08+00:00","dateModified":"2023-08-05T11:27:48+00:00","description":"Listello Tunisi realizzato a mano, con diversi tipi di marmo, lavorati uno per uno e, posizionati con cura e maestranza","breadcrumb":{"@id":"https:\/\/arredareidee.com\/index.php\/product\/listello-tunisi-cm-30-x-15\/#breadcrumb"},"inLanguage":"it-IT","potentialAction":[{"@type":"ReadAction","target":["https:\/\/arredareidee.com\/index.php\/product\/listello-tunisi-cm-30-x-15\/"]}]},{"@type":"ImageObject","inLanguage":"it-IT","@id":"https:\/\/arredareidee.com\/index.php\/product\/listello-tunisi-cm-30-x-15\/#primaryimage","url":"https:\/\/arredareidee.com\/wp-content\/uploads\/2021\/01\/tunisi_300x150.png","contentUrl":"https:\/\/arredareidee.com\/wp-content\/uploads\/2021\/01\/tunisi_300x150.png","width":1080,"height":642},{"@type":"BreadcrumbList","@id":"https:\/\/arredareidee.com\/index.php\/product\/listello-tunisi-cm-30-x-15\/#breadcrumb","itemListElement":[{"@type":"ListItem","position":1,"name":"Home","item":"https:\/\/arredareidee.com\/"},{"@type":"ListItem","position":2,"name":"Shop","item":"https:\/\/arredareidee.com\/index.php\/shop\/"},{"@type":"ListItem","position":3,"name":"Listello Tunisi cm 30 x 15"}]},{"@type":"WebSite","@id":"https:\/\/arredareidee.com\/#website","url":"https:\/\/arredareidee.com\/","name":"Arredareidee","description":"Decorazioni personalizzate","publisher":{"@id":"https:\/\/arredareidee.com\/#organization"},"potentialAction":[{"@type":"SearchAction","target":{"@type":"EntryPoint","urlTemplate":"https:\/\/arredareidee.com\/?s={search_term_string}"},"query-input":{"@type":"PropertyValueSpecification","valueRequired":true,"valueName":"search_term_string"}}],"inLanguage":"it-IT"},{"@type":"Organization","@id":"https:\/\/arredareidee.com\/#organization","name":"Arredareidee","url":"https:\/\/arredareidee.com\/","logo":{"@type":"ImageObject","inLanguage":"it-IT","@id":"https:\/\/arredareidee.com\/#\/schema\/logo\/image\/","url":"https:\/\/arredareidee.com\/wp-content\/uploads\/2021\/01\/cropped-Arredareidee.png","contentUrl":"https:\/\/arredareidee.com\/wp-content\/uploads\/2021\/01\/cropped-Arredareidee.png","width":868,"height":157,"caption":"Arredareidee"},"image":{"@id":"https:\/\/arredareidee.com\/#\/schema\/logo\/image\/"}}]}},"_links":{"self":[{"href":"https:\/\/arredareidee.com\/index.php\/wp-json\/wp\/v2\/product\/122762","targetHints":{"allow":["GET"]}}],"collection":[{"href":"https:\/\/arredareidee.com\/index.php\/wp-json\/wp\/v2\/product"}],"about":[{"href":"https:\/\/arredareidee.com\/index.php\/wp-json\/wp\/v2\/types\/product"}],"wp:featuredmedia":[{"embeddable":true,"href":"https:\/\/arredareidee.com\/index.php\/wp-json\/wp\/v2\/media\/122763"}],"wp:attachment":[{"href":"https:\/\/arredareidee.com\/index.php\/wp-json\/wp\/v2\/media?parent=122762"}],"wp:term":[{"taxonomy":"product_brand","embeddable":true,"href":"https:\/\/arredareidee.com\/index.php\/wp-json\/wp\/v2\/product_brand?post=122762"},{"taxonomy":"product_cat","embeddable":true,"href":"https:\/\/arredareidee.com\/index.php\/wp-json\/wp\/v2\/product_cat?post=122762"},{"taxonomy":"product_tag","embeddable":true,"href":"https:\/\/arredareidee.com\/index.php\/wp-json\/wp\/v2\/product_tag?post=122762"}],"curies":[{"name":"wp","href":"https:\/\/api.w.org\/{rel}","templated":true}]}}