
{"id":116042,"date":"2018-08-06T12:14:11","date_gmt":"2018-08-06T12:14:11","guid":{"rendered":"https:\/\/arredareidee.com\/index.php\/product\/rosone-rq48-cm-60-x-60\/"},"modified":"2023-08-05T11:46:01","modified_gmt":"2023-08-05T11:46:01","slug":"rosone-rq48-cm-60-x-60","status":"publish","type":"product","link":"https:\/\/arredareidee.com\/index.php\/product\/rosone-rq48-cm-60-x-60\/","title":{"rendered":"Rosone RQ48 cm 60 x 60"},"content":{"rendered":"<h2>Rosone RQ48 cm 60 x 60<\/h2>\n<p style=\"margin-top: 0px; margin-bottom: 2.857em; color: #686c6f; font-family: 'Open Sans', HelveticaNeue-Light, 'Helvetica Neue Light', 'Helvetica Neue', Helvetica, Arial, 'Lucida Grande', sans-serif; font-size: 14px; letter-spacing: -0.14px;\"><strong>Rosone RQ48 in mosaico<\/strong><\/p>\n<p>Misura: cm 60 x 60<\/p>\n<p>Spessore: mm 9, idoneo per tutti i tipi di <strong>rivestimenti per interni, pareti soggiorno,\u00a0<\/strong><\/p>\n<p>I Marmi e relativi colori sono visibili nella foto presente come immagine.<\/p>\n<p>Il Marmo \u00e8 una pietra naturale, di conseguenza ogni pezzo \u00e8 unico ed inimitabile, il tipo di Marmo, colore e disegno scelto per ogni decoro \u00e8 realizzato cos\u00ec come da foto, TUTTAVIA la scelta dei colori, tipo di Marmo e posizionamento, possono essere modificati e personalizzati.<\/p>\n<p>N.B. se si desidera modificare e personalizzare il decoro, si prega di inviare richiesta preventivo, con la scelta dei colori, tipo di Marmo e il relativo posizionamento dei colori.<\/p>\n","protected":false},"excerpt":{"rendered":"<p>Rosone realizzato a mano, con diversi tipi di marmo, lavorati uno per uno e, posizionati con cura e maestranza, legati da una rete, predisposta per essere incollata<br \/>\ndirettamente sul pavimento o alla parete. Misura cm 60 x 60<\/p>\n<p>N.B. su richiesta \u00e8 possibile realizzare qualsiasi tipo di disegno.<\/p>\n","protected":false},"featured_media":116043,"template":"","meta":[],"product_brand":[],"product_cat":[58,16,21,61],"product_tag":[],"class_list":{"0":"post-116042","1":"product","2":"type-product","3":"status-publish","4":"has-post-thumbnail","6":"product_cat-mosaici","7":"product_cat-mosaici-in-marmo","8":"product_cat-rosoni-quadri","9":"product_cat-rosoni-quadri-mosaici-in-marmo","11":"first","12":"instock","13":"taxable","14":"shipping-taxable","15":"purchasable","16":"product-type-simple"},"yoast_head":"<!-- This site is optimized with the Yoast SEO plugin v26.4 - https:\/\/yoast.com\/wordpress\/plugins\/seo\/ -->\n<title>Rosone RQ48 cm 60 x 60<\/title>\n<meta name=\"description\" content=\"Rosone RQ48 cm 60 x 60Rosone RQ48 in mosaicoMisura: cm 60 x 60Spessore: mm 9, idoneo per tutti i tipi di rivestimenti per interni, pareti soggiorno.\" \/>\n<meta name=\"robots\" content=\"index, follow, max-snippet:-1, max-image-preview:large, max-video-preview:-1\" \/>\n<link rel=\"canonical\" href=\"https:\/\/arredareidee.com\/index.php\/product\/rosone-rq48-cm-60-x-60\/\" \/>\n<meta property=\"og:locale\" content=\"it_IT\" \/>\n<meta property=\"og:type\" content=\"article\" \/>\n<meta property=\"og:title\" content=\"Rosone RQ48 cm 60 x 60\" \/>\n<meta property=\"og:description\" content=\"Rosone RQ48 cm 60 x 60Rosone RQ48 in mosaicoMisura: cm 60 x 60Spessore: mm 9, idoneo per tutti i tipi di rivestimenti per interni, pareti soggiorno.\" \/>\n<meta property=\"og:url\" content=\"https:\/\/arredareidee.com\/index.php\/product\/rosone-rq48-cm-60-x-60\/\" \/>\n<meta property=\"og:site_name\" content=\"Arredareidee\" \/>\n<meta property=\"article:modified_time\" content=\"2023-08-05T11:46:01+00:00\" \/>\n<meta property=\"og:image\" content=\"https:\/\/arredareidee.com\/wp-content\/uploads\/2021\/01\/rosone-rq48_600x600.png\" \/>\n\t<meta property=\"og:image:width\" content=\"948\" \/>\n\t<meta property=\"og:image:height\" content=\"924\" \/>\n\t<meta property=\"og:image:type\" content=\"image\/png\" \/>\n<meta name=\"twitter:card\" content=\"summary_large_image\" \/>\n<meta name=\"twitter:label1\" content=\"Tempo di lettura stimato\" \/>\n\t<meta name=\"twitter:data1\" content=\"1 minuto\" \/>\n<script type=\"application\/ld+json\" class=\"yoast-schema-graph\">{\"@context\":\"https:\/\/schema.org\",\"@graph\":[{\"@type\":\"WebPage\",\"@id\":\"https:\/\/arredareidee.com\/index.php\/product\/rosone-rq48-cm-60-x-60\/\",\"url\":\"https:\/\/arredareidee.com\/index.php\/product\/rosone-rq48-cm-60-x-60\/\",\"name\":\"Rosone RQ48 cm 60 x 60\",\"isPartOf\":{\"@id\":\"https:\/\/arredareidee.com\/#website\"},\"primaryImageOfPage\":{\"@id\":\"https:\/\/arredareidee.com\/index.php\/product\/rosone-rq48-cm-60-x-60\/#primaryimage\"},\"image\":{\"@id\":\"https:\/\/arredareidee.com\/index.php\/product\/rosone-rq48-cm-60-x-60\/#primaryimage\"},\"thumbnailUrl\":\"https:\/\/arredareidee.com\/wp-content\/uploads\/2021\/01\/rosone-rq48_600x600.png\",\"datePublished\":\"2018-08-06T12:14:11+00:00\",\"dateModified\":\"2023-08-05T11:46:01+00:00\",\"description\":\"Rosone RQ48 cm 60 x 60Rosone RQ48 in mosaicoMisura: cm 60 x 60Spessore: mm 9, idoneo per tutti i tipi di rivestimenti per interni, pareti soggiorno.\",\"breadcrumb\":{\"@id\":\"https:\/\/arredareidee.com\/index.php\/product\/rosone-rq48-cm-60-x-60\/#breadcrumb\"},\"inLanguage\":\"it-IT\",\"potentialAction\":[{\"@type\":\"ReadAction\",\"target\":[\"https:\/\/arredareidee.com\/index.php\/product\/rosone-rq48-cm-60-x-60\/\"]}]},{\"@type\":\"ImageObject\",\"inLanguage\":\"it-IT\",\"@id\":\"https:\/\/arredareidee.com\/index.php\/product\/rosone-rq48-cm-60-x-60\/#primaryimage\",\"url\":\"https:\/\/arredareidee.com\/wp-content\/uploads\/2021\/01\/rosone-rq48_600x600.png\",\"contentUrl\":\"https:\/\/arredareidee.com\/wp-content\/uploads\/2021\/01\/rosone-rq48_600x600.png\",\"width\":948,\"height\":924,\"caption\":\"Rosone RQ48 cm 60 x 60\"},{\"@type\":\"BreadcrumbList\",\"@id\":\"https:\/\/arredareidee.com\/index.php\/product\/rosone-rq48-cm-60-x-60\/#breadcrumb\",\"itemListElement\":[{\"@type\":\"ListItem\",\"position\":1,\"name\":\"Home\",\"item\":\"https:\/\/arredareidee.com\/\"},{\"@type\":\"ListItem\",\"position\":2,\"name\":\"Shop\",\"item\":\"https:\/\/arredareidee.com\/index.php\/shop\/\"},{\"@type\":\"ListItem\",\"position\":3,\"name\":\"Rosone RQ48 cm 60 x 60\"}]},{\"@type\":\"WebSite\",\"@id\":\"https:\/\/arredareidee.com\/#website\",\"url\":\"https:\/\/arredareidee.com\/\",\"name\":\"Arredareidee\",\"description\":\"Decorazioni personalizzate\",\"publisher\":{\"@id\":\"https:\/\/arredareidee.com\/#organization\"},\"potentialAction\":[{\"@type\":\"SearchAction\",\"target\":{\"@type\":\"EntryPoint\",\"urlTemplate\":\"https:\/\/arredareidee.com\/?s={search_term_string}\"},\"query-input\":{\"@type\":\"PropertyValueSpecification\",\"valueRequired\":true,\"valueName\":\"search_term_string\"}}],\"inLanguage\":\"it-IT\"},{\"@type\":\"Organization\",\"@id\":\"https:\/\/arredareidee.com\/#organization\",\"name\":\"Arredareidee\",\"url\":\"https:\/\/arredareidee.com\/\",\"logo\":{\"@type\":\"ImageObject\",\"inLanguage\":\"it-IT\",\"@id\":\"https:\/\/arredareidee.com\/#\/schema\/logo\/image\/\",\"url\":\"https:\/\/arredareidee.com\/wp-content\/uploads\/2021\/01\/cropped-Arredareidee.png\",\"contentUrl\":\"https:\/\/arredareidee.com\/wp-content\/uploads\/2021\/01\/cropped-Arredareidee.png\",\"width\":868,\"height\":157,\"caption\":\"Arredareidee\"},\"image\":{\"@id\":\"https:\/\/arredareidee.com\/#\/schema\/logo\/image\/\"}}]}<\/script>\n<!-- \/ Yoast SEO plugin. -->","yoast_head_json":{"title":"Rosone RQ48 cm 60 x 60","description":"Rosone RQ48 cm 60 x 60Rosone RQ48 in mosaicoMisura: cm 60 x 60Spessore: mm 9, idoneo per tutti i tipi di rivestimenti per interni, pareti soggiorno.","robots":{"index":"index","follow":"follow","max-snippet":"max-snippet:-1","max-image-preview":"max-image-preview:large","max-video-preview":"max-video-preview:-1"},"canonical":"https:\/\/arredareidee.com\/index.php\/product\/rosone-rq48-cm-60-x-60\/","og_locale":"it_IT","og_type":"article","og_title":"Rosone RQ48 cm 60 x 60","og_description":"Rosone RQ48 cm 60 x 60Rosone RQ48 in mosaicoMisura: cm 60 x 60Spessore: mm 9, idoneo per tutti i tipi di rivestimenti per interni, pareti soggiorno.","og_url":"https:\/\/arredareidee.com\/index.php\/product\/rosone-rq48-cm-60-x-60\/","og_site_name":"Arredareidee","article_modified_time":"2023-08-05T11:46:01+00:00","og_image":[{"width":948,"height":924,"url":"https:\/\/arredareidee.com\/wp-content\/uploads\/2021\/01\/rosone-rq48_600x600.png","type":"image\/png"}],"twitter_card":"summary_large_image","twitter_misc":{"Tempo di lettura stimato":"1 minuto"},"schema":{"@context":"https:\/\/schema.org","@graph":[{"@type":"WebPage","@id":"https:\/\/arredareidee.com\/index.php\/product\/rosone-rq48-cm-60-x-60\/","url":"https:\/\/arredareidee.com\/index.php\/product\/rosone-rq48-cm-60-x-60\/","name":"Rosone RQ48 cm 60 x 60","isPartOf":{"@id":"https:\/\/arredareidee.com\/#website"},"primaryImageOfPage":{"@id":"https:\/\/arredareidee.com\/index.php\/product\/rosone-rq48-cm-60-x-60\/#primaryimage"},"image":{"@id":"https:\/\/arredareidee.com\/index.php\/product\/rosone-rq48-cm-60-x-60\/#primaryimage"},"thumbnailUrl":"https:\/\/arredareidee.com\/wp-content\/uploads\/2021\/01\/rosone-rq48_600x600.png","datePublished":"2018-08-06T12:14:11+00:00","dateModified":"2023-08-05T11:46:01+00:00","description":"Rosone RQ48 cm 60 x 60Rosone RQ48 in mosaicoMisura: cm 60 x 60Spessore: mm 9, idoneo per tutti i tipi di rivestimenti per interni, pareti soggiorno.","breadcrumb":{"@id":"https:\/\/arredareidee.com\/index.php\/product\/rosone-rq48-cm-60-x-60\/#breadcrumb"},"inLanguage":"it-IT","potentialAction":[{"@type":"ReadAction","target":["https:\/\/arredareidee.com\/index.php\/product\/rosone-rq48-cm-60-x-60\/"]}]},{"@type":"ImageObject","inLanguage":"it-IT","@id":"https:\/\/arredareidee.com\/index.php\/product\/rosone-rq48-cm-60-x-60\/#primaryimage","url":"https:\/\/arredareidee.com\/wp-content\/uploads\/2021\/01\/rosone-rq48_600x600.png","contentUrl":"https:\/\/arredareidee.com\/wp-content\/uploads\/2021\/01\/rosone-rq48_600x600.png","width":948,"height":924,"caption":"Rosone RQ48 cm 60 x 60"},{"@type":"BreadcrumbList","@id":"https:\/\/arredareidee.com\/index.php\/product\/rosone-rq48-cm-60-x-60\/#breadcrumb","itemListElement":[{"@type":"ListItem","position":1,"name":"Home","item":"https:\/\/arredareidee.com\/"},{"@type":"ListItem","position":2,"name":"Shop","item":"https:\/\/arredareidee.com\/index.php\/shop\/"},{"@type":"ListItem","position":3,"name":"Rosone RQ48 cm 60 x 60"}]},{"@type":"WebSite","@id":"https:\/\/arredareidee.com\/#website","url":"https:\/\/arredareidee.com\/","name":"Arredareidee","description":"Decorazioni personalizzate","publisher":{"@id":"https:\/\/arredareidee.com\/#organization"},"potentialAction":[{"@type":"SearchAction","target":{"@type":"EntryPoint","urlTemplate":"https:\/\/arredareidee.com\/?s={search_term_string}"},"query-input":{"@type":"PropertyValueSpecification","valueRequired":true,"valueName":"search_term_string"}}],"inLanguage":"it-IT"},{"@type":"Organization","@id":"https:\/\/arredareidee.com\/#organization","name":"Arredareidee","url":"https:\/\/arredareidee.com\/","logo":{"@type":"ImageObject","inLanguage":"it-IT","@id":"https:\/\/arredareidee.com\/#\/schema\/logo\/image\/","url":"https:\/\/arredareidee.com\/wp-content\/uploads\/2021\/01\/cropped-Arredareidee.png","contentUrl":"https:\/\/arredareidee.com\/wp-content\/uploads\/2021\/01\/cropped-Arredareidee.png","width":868,"height":157,"caption":"Arredareidee"},"image":{"@id":"https:\/\/arredareidee.com\/#\/schema\/logo\/image\/"}}]}},"_links":{"self":[{"href":"https:\/\/arredareidee.com\/index.php\/wp-json\/wp\/v2\/product\/116042","targetHints":{"allow":["GET"]}}],"collection":[{"href":"https:\/\/arredareidee.com\/index.php\/wp-json\/wp\/v2\/product"}],"about":[{"href":"https:\/\/arredareidee.com\/index.php\/wp-json\/wp\/v2\/types\/product"}],"wp:featuredmedia":[{"embeddable":true,"href":"https:\/\/arredareidee.com\/index.php\/wp-json\/wp\/v2\/media\/116043"}],"wp:attachment":[{"href":"https:\/\/arredareidee.com\/index.php\/wp-json\/wp\/v2\/media?parent=116042"}],"wp:term":[{"taxonomy":"product_brand","embeddable":true,"href":"https:\/\/arredareidee.com\/index.php\/wp-json\/wp\/v2\/product_brand?post=116042"},{"taxonomy":"product_cat","embeddable":true,"href":"https:\/\/arredareidee.com\/index.php\/wp-json\/wp\/v2\/product_cat?post=116042"},{"taxonomy":"product_tag","embeddable":true,"href":"https:\/\/arredareidee.com\/index.php\/wp-json\/wp\/v2\/product_tag?post=116042"}],"curies":[{"name":"wp","href":"https:\/\/api.w.org\/{rel}","templated":true}]}}