
{"id":115969,"date":"2018-08-06T12:11:53","date_gmt":"2018-08-06T12:11:53","guid":{"rendered":"https:\/\/arredareidee.com\/index.php\/product\/listello-venezia-v2-cm-25-x-10\/"},"modified":"2025-11-21T11:23:01","modified_gmt":"2025-11-21T11:23:01","slug":"listello-venezia-v2-cm-25-x-10","status":"publish","type":"product","link":"https:\/\/arredareidee.com\/index.php\/product\/listello-venezia-v2-cm-25-x-10\/","title":{"rendered":"Listello Venezia V2 cm 25 x 10"},"content":{"rendered":"<h2>Listello Venezia V2 cm 25 x 10<\/h2>\n<p><strong>Listello Venezia realizzato con Marmi di spessore mm 9, misura idonea per tutti i tipi di pavimenti.<\/strong><\/p>\n<p>I Marmi e relativi colori, utilizzati in tutta la gamma Mosaici,\u00a0 (nome e tipo) sono visibili nella foto presente come immagine.<\/p>\n<p>Il Marmo \u00e8 una pietra naturale, di conseguenza ogni pezzo \u00e8 unico ed inimitabile, il tipo di Marmo, colore e disegno scelto per ogni decoro \u00e8 realizzato cos\u00ec come da foto, TUTTAVIA la scelta dei colori, tipo di Marmo e posizionamento, possono essere modificati e personalizzati.<\/p>\n<p>N.B. se si desidera modificare e personalizzare il decoro, si prega di inviare richiesta preventivo, con la scelta dei colori, tipo di Marmo e il relativo posizionamento dei colori.<\/p>\n","protected":false},"excerpt":{"rendered":"<p>Listello realizzato a mano, con diversi tipi di marmo, lavorati uno per uno e, posizionati con cura e maestranza, legati da una rete, predisposta per essere incollata<br \/>\ndirettamente sul pavimento o alla parete. Misura cm 25 x 10<\/p>\n<p>N.B. su richiesta \u00e8 possibile realizzare qualsiasi tipo di disegno.<\/p>\n","protected":false},"featured_media":115970,"template":"","meta":[],"product_brand":[],"product_cat":[60,58],"product_tag":[],"class_list":{"0":"post-115969","1":"product","2":"type-product","3":"status-publish","4":"has-post-thumbnail","6":"product_cat-listelli","7":"product_cat-mosaici","9":"first","10":"instock","11":"taxable","12":"shipping-taxable","13":"purchasable","14":"product-type-simple"},"yoast_head":"<!-- This site is optimized with the Yoast SEO plugin v26.4 - https:\/\/yoast.com\/wordpress\/plugins\/seo\/ -->\n<title>Listello Venezia V2 cm 25 x 10<\/title>\n<meta name=\"description\" content=\"Listello Venezia V2 cm 25 x 10 Listello Venezia realizzato con Marmi di spessore mm 9, misura idonea per tutti i tipi di pavimenti.\" \/>\n<meta name=\"robots\" content=\"index, follow, max-snippet:-1, max-image-preview:large, max-video-preview:-1\" \/>\n<link rel=\"canonical\" href=\"https:\/\/arredareidee.com\/index.php\/product\/listello-venezia-v2-cm-25-x-10\/\" \/>\n<meta property=\"og:locale\" content=\"it_IT\" \/>\n<meta property=\"og:type\" content=\"article\" \/>\n<meta property=\"og:title\" content=\"Listello Venezia V2 cm 25 x 10\" \/>\n<meta property=\"og:description\" content=\"Listello Venezia V2 cm 25 x 10 Listello Venezia realizzato con Marmi di spessore mm 9, misura idonea per tutti i tipi di pavimenti.\" \/>\n<meta property=\"og:url\" content=\"https:\/\/arredareidee.com\/index.php\/product\/listello-venezia-v2-cm-25-x-10\/\" \/>\n<meta property=\"og:site_name\" content=\"Arredareidee\" \/>\n<meta property=\"article:modified_time\" content=\"2025-11-21T11:23:01+00:00\" \/>\n<meta property=\"og:image\" content=\"https:\/\/arredareidee.com\/wp-content\/uploads\/2021\/01\/venezia-v2_250x100.png\" \/>\n\t<meta property=\"og:image:width\" content=\"1080\" \/>\n\t<meta property=\"og:image:height\" content=\"532\" \/>\n\t<meta property=\"og:image:type\" content=\"image\/png\" \/>\n<meta name=\"twitter:card\" content=\"summary_large_image\" \/>\n<meta name=\"twitter:label1\" content=\"Tempo di lettura stimato\" \/>\n\t<meta name=\"twitter:data1\" content=\"1 minuto\" \/>\n<script type=\"application\/ld+json\" class=\"yoast-schema-graph\">{\"@context\":\"https:\/\/schema.org\",\"@graph\":[{\"@type\":\"WebPage\",\"@id\":\"https:\/\/arredareidee.com\/index.php\/product\/listello-venezia-v2-cm-25-x-10\/\",\"url\":\"https:\/\/arredareidee.com\/index.php\/product\/listello-venezia-v2-cm-25-x-10\/\",\"name\":\"Listello Venezia V2 cm 25 x 10\",\"isPartOf\":{\"@id\":\"https:\/\/arredareidee.com\/#website\"},\"primaryImageOfPage\":{\"@id\":\"https:\/\/arredareidee.com\/index.php\/product\/listello-venezia-v2-cm-25-x-10\/#primaryimage\"},\"image\":{\"@id\":\"https:\/\/arredareidee.com\/index.php\/product\/listello-venezia-v2-cm-25-x-10\/#primaryimage\"},\"thumbnailUrl\":\"https:\/\/arredareidee.com\/wp-content\/uploads\/2021\/01\/venezia-v2_250x100.png\",\"datePublished\":\"2018-08-06T12:11:53+00:00\",\"dateModified\":\"2025-11-21T11:23:01+00:00\",\"description\":\"Listello Venezia V2 cm 25 x 10 Listello Venezia realizzato con Marmi di spessore mm 9, misura idonea per tutti i tipi di pavimenti.\",\"breadcrumb\":{\"@id\":\"https:\/\/arredareidee.com\/index.php\/product\/listello-venezia-v2-cm-25-x-10\/#breadcrumb\"},\"inLanguage\":\"it-IT\",\"potentialAction\":[{\"@type\":\"ReadAction\",\"target\":[\"https:\/\/arredareidee.com\/index.php\/product\/listello-venezia-v2-cm-25-x-10\/\"]}]},{\"@type\":\"ImageObject\",\"inLanguage\":\"it-IT\",\"@id\":\"https:\/\/arredareidee.com\/index.php\/product\/listello-venezia-v2-cm-25-x-10\/#primaryimage\",\"url\":\"https:\/\/arredareidee.com\/wp-content\/uploads\/2021\/01\/venezia-v2_250x100.png\",\"contentUrl\":\"https:\/\/arredareidee.com\/wp-content\/uploads\/2021\/01\/venezia-v2_250x100.png\",\"width\":1080,\"height\":532,\"caption\":\"Listello Venezia V2 cm 25 x 10\"},{\"@type\":\"BreadcrumbList\",\"@id\":\"https:\/\/arredareidee.com\/index.php\/product\/listello-venezia-v2-cm-25-x-10\/#breadcrumb\",\"itemListElement\":[{\"@type\":\"ListItem\",\"position\":1,\"name\":\"Home\",\"item\":\"https:\/\/arredareidee.com\/\"},{\"@type\":\"ListItem\",\"position\":2,\"name\":\"Shop\",\"item\":\"https:\/\/arredareidee.com\/index.php\/shop\/\"},{\"@type\":\"ListItem\",\"position\":3,\"name\":\"Listello Venezia V2 cm 25 x 10\"}]},{\"@type\":\"WebSite\",\"@id\":\"https:\/\/arredareidee.com\/#website\",\"url\":\"https:\/\/arredareidee.com\/\",\"name\":\"Arredareidee\",\"description\":\"Decorazioni personalizzate\",\"publisher\":{\"@id\":\"https:\/\/arredareidee.com\/#organization\"},\"potentialAction\":[{\"@type\":\"SearchAction\",\"target\":{\"@type\":\"EntryPoint\",\"urlTemplate\":\"https:\/\/arredareidee.com\/?s={search_term_string}\"},\"query-input\":{\"@type\":\"PropertyValueSpecification\",\"valueRequired\":true,\"valueName\":\"search_term_string\"}}],\"inLanguage\":\"it-IT\"},{\"@type\":\"Organization\",\"@id\":\"https:\/\/arredareidee.com\/#organization\",\"name\":\"Arredareidee\",\"url\":\"https:\/\/arredareidee.com\/\",\"logo\":{\"@type\":\"ImageObject\",\"inLanguage\":\"it-IT\",\"@id\":\"https:\/\/arredareidee.com\/#\/schema\/logo\/image\/\",\"url\":\"https:\/\/arredareidee.com\/wp-content\/uploads\/2021\/01\/cropped-Arredareidee.png\",\"contentUrl\":\"https:\/\/arredareidee.com\/wp-content\/uploads\/2021\/01\/cropped-Arredareidee.png\",\"width\":868,\"height\":157,\"caption\":\"Arredareidee\"},\"image\":{\"@id\":\"https:\/\/arredareidee.com\/#\/schema\/logo\/image\/\"}}]}<\/script>\n<!-- \/ Yoast SEO plugin. -->","yoast_head_json":{"title":"Listello Venezia V2 cm 25 x 10","description":"Listello Venezia V2 cm 25 x 10 Listello Venezia realizzato con Marmi di spessore mm 9, misura idonea per tutti i tipi di pavimenti.","robots":{"index":"index","follow":"follow","max-snippet":"max-snippet:-1","max-image-preview":"max-image-preview:large","max-video-preview":"max-video-preview:-1"},"canonical":"https:\/\/arredareidee.com\/index.php\/product\/listello-venezia-v2-cm-25-x-10\/","og_locale":"it_IT","og_type":"article","og_title":"Listello Venezia V2 cm 25 x 10","og_description":"Listello Venezia V2 cm 25 x 10 Listello Venezia realizzato con Marmi di spessore mm 9, misura idonea per tutti i tipi di pavimenti.","og_url":"https:\/\/arredareidee.com\/index.php\/product\/listello-venezia-v2-cm-25-x-10\/","og_site_name":"Arredareidee","article_modified_time":"2025-11-21T11:23:01+00:00","og_image":[{"width":1080,"height":532,"url":"https:\/\/arredareidee.com\/wp-content\/uploads\/2021\/01\/venezia-v2_250x100.png","type":"image\/png"}],"twitter_card":"summary_large_image","twitter_misc":{"Tempo di lettura stimato":"1 minuto"},"schema":{"@context":"https:\/\/schema.org","@graph":[{"@type":"WebPage","@id":"https:\/\/arredareidee.com\/index.php\/product\/listello-venezia-v2-cm-25-x-10\/","url":"https:\/\/arredareidee.com\/index.php\/product\/listello-venezia-v2-cm-25-x-10\/","name":"Listello Venezia V2 cm 25 x 10","isPartOf":{"@id":"https:\/\/arredareidee.com\/#website"},"primaryImageOfPage":{"@id":"https:\/\/arredareidee.com\/index.php\/product\/listello-venezia-v2-cm-25-x-10\/#primaryimage"},"image":{"@id":"https:\/\/arredareidee.com\/index.php\/product\/listello-venezia-v2-cm-25-x-10\/#primaryimage"},"thumbnailUrl":"https:\/\/arredareidee.com\/wp-content\/uploads\/2021\/01\/venezia-v2_250x100.png","datePublished":"2018-08-06T12:11:53+00:00","dateModified":"2025-11-21T11:23:01+00:00","description":"Listello Venezia V2 cm 25 x 10 Listello Venezia realizzato con Marmi di spessore mm 9, misura idonea per tutti i tipi di pavimenti.","breadcrumb":{"@id":"https:\/\/arredareidee.com\/index.php\/product\/listello-venezia-v2-cm-25-x-10\/#breadcrumb"},"inLanguage":"it-IT","potentialAction":[{"@type":"ReadAction","target":["https:\/\/arredareidee.com\/index.php\/product\/listello-venezia-v2-cm-25-x-10\/"]}]},{"@type":"ImageObject","inLanguage":"it-IT","@id":"https:\/\/arredareidee.com\/index.php\/product\/listello-venezia-v2-cm-25-x-10\/#primaryimage","url":"https:\/\/arredareidee.com\/wp-content\/uploads\/2021\/01\/venezia-v2_250x100.png","contentUrl":"https:\/\/arredareidee.com\/wp-content\/uploads\/2021\/01\/venezia-v2_250x100.png","width":1080,"height":532,"caption":"Listello Venezia V2 cm 25 x 10"},{"@type":"BreadcrumbList","@id":"https:\/\/arredareidee.com\/index.php\/product\/listello-venezia-v2-cm-25-x-10\/#breadcrumb","itemListElement":[{"@type":"ListItem","position":1,"name":"Home","item":"https:\/\/arredareidee.com\/"},{"@type":"ListItem","position":2,"name":"Shop","item":"https:\/\/arredareidee.com\/index.php\/shop\/"},{"@type":"ListItem","position":3,"name":"Listello Venezia V2 cm 25 x 10"}]},{"@type":"WebSite","@id":"https:\/\/arredareidee.com\/#website","url":"https:\/\/arredareidee.com\/","name":"Arredareidee","description":"Decorazioni personalizzate","publisher":{"@id":"https:\/\/arredareidee.com\/#organization"},"potentialAction":[{"@type":"SearchAction","target":{"@type":"EntryPoint","urlTemplate":"https:\/\/arredareidee.com\/?s={search_term_string}"},"query-input":{"@type":"PropertyValueSpecification","valueRequired":true,"valueName":"search_term_string"}}],"inLanguage":"it-IT"},{"@type":"Organization","@id":"https:\/\/arredareidee.com\/#organization","name":"Arredareidee","url":"https:\/\/arredareidee.com\/","logo":{"@type":"ImageObject","inLanguage":"it-IT","@id":"https:\/\/arredareidee.com\/#\/schema\/logo\/image\/","url":"https:\/\/arredareidee.com\/wp-content\/uploads\/2021\/01\/cropped-Arredareidee.png","contentUrl":"https:\/\/arredareidee.com\/wp-content\/uploads\/2021\/01\/cropped-Arredareidee.png","width":868,"height":157,"caption":"Arredareidee"},"image":{"@id":"https:\/\/arredareidee.com\/#\/schema\/logo\/image\/"}}]}},"_links":{"self":[{"href":"https:\/\/arredareidee.com\/index.php\/wp-json\/wp\/v2\/product\/115969","targetHints":{"allow":["GET"]}}],"collection":[{"href":"https:\/\/arredareidee.com\/index.php\/wp-json\/wp\/v2\/product"}],"about":[{"href":"https:\/\/arredareidee.com\/index.php\/wp-json\/wp\/v2\/types\/product"}],"wp:featuredmedia":[{"embeddable":true,"href":"https:\/\/arredareidee.com\/index.php\/wp-json\/wp\/v2\/media\/115970"}],"wp:attachment":[{"href":"https:\/\/arredareidee.com\/index.php\/wp-json\/wp\/v2\/media?parent=115969"}],"wp:term":[{"taxonomy":"product_brand","embeddable":true,"href":"https:\/\/arredareidee.com\/index.php\/wp-json\/wp\/v2\/product_brand?post=115969"},{"taxonomy":"product_cat","embeddable":true,"href":"https:\/\/arredareidee.com\/index.php\/wp-json\/wp\/v2\/product_cat?post=115969"},{"taxonomy":"product_tag","embeddable":true,"href":"https:\/\/arredareidee.com\/index.php\/wp-json\/wp\/v2\/product_tag?post=115969"}],"curies":[{"name":"wp","href":"https:\/\/api.w.org\/{rel}","templated":true}]}}