
{"id":115949,"date":"2018-08-06T12:11:47","date_gmt":"2018-08-06T12:11:47","guid":{"rendered":"https:\/\/arredareidee.com\/index.php\/product\/rosone-rosa-dei-venti-cm-66-x-66\/"},"modified":"2023-08-05T12:05:23","modified_gmt":"2023-08-05T12:05:23","slug":"rosone-rosa-dei-venti-cm-66-x-66","status":"publish","type":"product","link":"https:\/\/arredareidee.com\/index.php\/product\/rosone-rosa-dei-venti-cm-66-x-66\/","title":{"rendered":"Rosone Rosa dei Venti cm 66 x 66"},"content":{"rendered":"<h2 align=\"justify\">Rosone Rosa dei Venti cm 66 x 66<\/h2>\n<p align=\"justify\">Misura: 66 x 66<\/p>\n<p align=\"justify\">Spessore: mm 9, ideale per P<strong>avimenti per Interni<\/strong> e P<strong>avimenti per Esterni<\/strong>, Cucina, Bagno, Living Room, Decoro Giardino.<\/p>\n<p align=\"justify\">La Rosa dei Venti, pu\u00f2 essere realizzata con diversi tipologie di marmo, le incisioni delle coordinate possono essere personalizzate.<\/p>\n<p align=\"justify\">Il Marmo \u00e8 una pietra naturale, di conseguenza ogni pezzo \u00e8 unico ed inimitabile, il tipo di Marmo, colore e disegno scelto per ogni decoro \u00e8 realizzato cos\u00ec come da foto, TUTTAVIA la scelta dei colori, tipo di Marmo e posizionamento, possono essere modificati e personalizzati.<\/p>\n<p align=\"justify\">N.B. se si desidera modificare e personalizzare il decoro, si prega di inviare richiesta preventivo, con la scelta dei colori, tipo di Marmo e il relativo posizionamento dei colori sono visibili nella foto presente come immagine.<\/p>\n","protected":false},"excerpt":{"rendered":"<p>Rosone realizzato con diversi tipi di marmo, posizionati uno per uno legati da una rete, predisposta per essere incollata<br \/>\ndirettamente sul pavimento o alle pareti.<\/p>\n<p>N.B. su richiesta \u00e8 possibile realizzare qualsiasi tipo di disegno.<\/p>\n","protected":false},"featured_media":115950,"template":"","meta":[],"product_brand":[],"product_cat":[58,16,61,21],"product_tag":[],"class_list":{"0":"post-115949","1":"product","2":"type-product","3":"status-publish","4":"has-post-thumbnail","6":"product_cat-mosaici","7":"product_cat-mosaici-in-marmo","8":"product_cat-rosoni-quadri-mosaici-in-marmo","9":"product_cat-rosoni-quadri","11":"first","12":"instock","13":"taxable","14":"shipping-taxable","15":"purchasable","16":"product-type-simple"},"yoast_head":"<!-- This site is optimized with the Yoast SEO plugin v26.4 - https:\/\/yoast.com\/wordpress\/plugins\/seo\/ -->\n<title>Rosone Rosa dei Venti cm 66 x 66<\/title>\n<meta name=\"description\" content=\"Rosone Rosa dei Venti cm 66 x 66Misura: 66 x 66Spessore: mm 9, ideale per Pavimenti per Interni e Pavimenti per Esterni, Cucina, Bagno, Living.\" \/>\n<meta name=\"robots\" content=\"index, follow, max-snippet:-1, max-image-preview:large, max-video-preview:-1\" \/>\n<link rel=\"canonical\" href=\"https:\/\/arredareidee.com\/index.php\/product\/rosone-rosa-dei-venti-cm-66-x-66\/\" \/>\n<meta property=\"og:locale\" content=\"it_IT\" \/>\n<meta property=\"og:type\" content=\"article\" \/>\n<meta property=\"og:title\" content=\"Rosone Rosa dei Venti cm 66 x 66\" \/>\n<meta property=\"og:description\" content=\"Rosone Rosa dei Venti cm 66 x 66Misura: 66 x 66Spessore: mm 9, ideale per Pavimenti per Interni e Pavimenti per Esterni, Cucina, Bagno, Living.\" \/>\n<meta property=\"og:url\" content=\"https:\/\/arredareidee.com\/index.php\/product\/rosone-rosa-dei-venti-cm-66-x-66\/\" \/>\n<meta property=\"og:site_name\" content=\"Arredareidee\" \/>\n<meta property=\"article:modified_time\" content=\"2023-08-05T12:05:23+00:00\" \/>\n<meta property=\"og:image\" content=\"https:\/\/arredareidee.com\/wp-content\/uploads\/2021\/01\/rosone-rosa-dei-venti_660x660.png\" \/>\n\t<meta property=\"og:image:width\" content=\"989\" \/>\n\t<meta property=\"og:image:height\" content=\"990\" \/>\n\t<meta property=\"og:image:type\" content=\"image\/png\" \/>\n<meta name=\"twitter:card\" content=\"summary_large_image\" \/>\n<meta name=\"twitter:label1\" content=\"Tempo di lettura stimato\" \/>\n\t<meta name=\"twitter:data1\" content=\"1 minuto\" \/>\n<script type=\"application\/ld+json\" class=\"yoast-schema-graph\">{\"@context\":\"https:\/\/schema.org\",\"@graph\":[{\"@type\":\"WebPage\",\"@id\":\"https:\/\/arredareidee.com\/index.php\/product\/rosone-rosa-dei-venti-cm-66-x-66\/\",\"url\":\"https:\/\/arredareidee.com\/index.php\/product\/rosone-rosa-dei-venti-cm-66-x-66\/\",\"name\":\"Rosone Rosa dei Venti cm 66 x 66\",\"isPartOf\":{\"@id\":\"https:\/\/arredareidee.com\/#website\"},\"primaryImageOfPage\":{\"@id\":\"https:\/\/arredareidee.com\/index.php\/product\/rosone-rosa-dei-venti-cm-66-x-66\/#primaryimage\"},\"image\":{\"@id\":\"https:\/\/arredareidee.com\/index.php\/product\/rosone-rosa-dei-venti-cm-66-x-66\/#primaryimage\"},\"thumbnailUrl\":\"https:\/\/arredareidee.com\/wp-content\/uploads\/2021\/01\/rosone-rosa-dei-venti_660x660.png\",\"datePublished\":\"2018-08-06T12:11:47+00:00\",\"dateModified\":\"2023-08-05T12:05:23+00:00\",\"description\":\"Rosone Rosa dei Venti cm 66 x 66Misura: 66 x 66Spessore: mm 9, ideale per Pavimenti per Interni e Pavimenti per Esterni, Cucina, Bagno, Living.\",\"breadcrumb\":{\"@id\":\"https:\/\/arredareidee.com\/index.php\/product\/rosone-rosa-dei-venti-cm-66-x-66\/#breadcrumb\"},\"inLanguage\":\"it-IT\",\"potentialAction\":[{\"@type\":\"ReadAction\",\"target\":[\"https:\/\/arredareidee.com\/index.php\/product\/rosone-rosa-dei-venti-cm-66-x-66\/\"]}]},{\"@type\":\"ImageObject\",\"inLanguage\":\"it-IT\",\"@id\":\"https:\/\/arredareidee.com\/index.php\/product\/rosone-rosa-dei-venti-cm-66-x-66\/#primaryimage\",\"url\":\"https:\/\/arredareidee.com\/wp-content\/uploads\/2021\/01\/rosone-rosa-dei-venti_660x660.png\",\"contentUrl\":\"https:\/\/arredareidee.com\/wp-content\/uploads\/2021\/01\/rosone-rosa-dei-venti_660x660.png\",\"width\":989,\"height\":990,\"caption\":\"Rosone Rosa dei Venti cm 66 x 66\"},{\"@type\":\"BreadcrumbList\",\"@id\":\"https:\/\/arredareidee.com\/index.php\/product\/rosone-rosa-dei-venti-cm-66-x-66\/#breadcrumb\",\"itemListElement\":[{\"@type\":\"ListItem\",\"position\":1,\"name\":\"Home\",\"item\":\"https:\/\/arredareidee.com\/\"},{\"@type\":\"ListItem\",\"position\":2,\"name\":\"Shop\",\"item\":\"https:\/\/arredareidee.com\/index.php\/shop\/\"},{\"@type\":\"ListItem\",\"position\":3,\"name\":\"Rosone Rosa dei Venti cm 66 x 66\"}]},{\"@type\":\"WebSite\",\"@id\":\"https:\/\/arredareidee.com\/#website\",\"url\":\"https:\/\/arredareidee.com\/\",\"name\":\"Arredareidee\",\"description\":\"Decorazioni personalizzate\",\"publisher\":{\"@id\":\"https:\/\/arredareidee.com\/#organization\"},\"potentialAction\":[{\"@type\":\"SearchAction\",\"target\":{\"@type\":\"EntryPoint\",\"urlTemplate\":\"https:\/\/arredareidee.com\/?s={search_term_string}\"},\"query-input\":{\"@type\":\"PropertyValueSpecification\",\"valueRequired\":true,\"valueName\":\"search_term_string\"}}],\"inLanguage\":\"it-IT\"},{\"@type\":\"Organization\",\"@id\":\"https:\/\/arredareidee.com\/#organization\",\"name\":\"Arredareidee\",\"url\":\"https:\/\/arredareidee.com\/\",\"logo\":{\"@type\":\"ImageObject\",\"inLanguage\":\"it-IT\",\"@id\":\"https:\/\/arredareidee.com\/#\/schema\/logo\/image\/\",\"url\":\"https:\/\/arredareidee.com\/wp-content\/uploads\/2021\/01\/cropped-Arredareidee.png\",\"contentUrl\":\"https:\/\/arredareidee.com\/wp-content\/uploads\/2021\/01\/cropped-Arredareidee.png\",\"width\":868,\"height\":157,\"caption\":\"Arredareidee\"},\"image\":{\"@id\":\"https:\/\/arredareidee.com\/#\/schema\/logo\/image\/\"}}]}<\/script>\n<!-- \/ Yoast SEO plugin. -->","yoast_head_json":{"title":"Rosone Rosa dei Venti cm 66 x 66","description":"Rosone Rosa dei Venti cm 66 x 66Misura: 66 x 66Spessore: mm 9, ideale per Pavimenti per Interni e Pavimenti per Esterni, Cucina, Bagno, Living.","robots":{"index":"index","follow":"follow","max-snippet":"max-snippet:-1","max-image-preview":"max-image-preview:large","max-video-preview":"max-video-preview:-1"},"canonical":"https:\/\/arredareidee.com\/index.php\/product\/rosone-rosa-dei-venti-cm-66-x-66\/","og_locale":"it_IT","og_type":"article","og_title":"Rosone Rosa dei Venti cm 66 x 66","og_description":"Rosone Rosa dei Venti cm 66 x 66Misura: 66 x 66Spessore: mm 9, ideale per Pavimenti per Interni e Pavimenti per Esterni, Cucina, Bagno, Living.","og_url":"https:\/\/arredareidee.com\/index.php\/product\/rosone-rosa-dei-venti-cm-66-x-66\/","og_site_name":"Arredareidee","article_modified_time":"2023-08-05T12:05:23+00:00","og_image":[{"width":989,"height":990,"url":"https:\/\/arredareidee.com\/wp-content\/uploads\/2021\/01\/rosone-rosa-dei-venti_660x660.png","type":"image\/png"}],"twitter_card":"summary_large_image","twitter_misc":{"Tempo di lettura stimato":"1 minuto"},"schema":{"@context":"https:\/\/schema.org","@graph":[{"@type":"WebPage","@id":"https:\/\/arredareidee.com\/index.php\/product\/rosone-rosa-dei-venti-cm-66-x-66\/","url":"https:\/\/arredareidee.com\/index.php\/product\/rosone-rosa-dei-venti-cm-66-x-66\/","name":"Rosone Rosa dei Venti cm 66 x 66","isPartOf":{"@id":"https:\/\/arredareidee.com\/#website"},"primaryImageOfPage":{"@id":"https:\/\/arredareidee.com\/index.php\/product\/rosone-rosa-dei-venti-cm-66-x-66\/#primaryimage"},"image":{"@id":"https:\/\/arredareidee.com\/index.php\/product\/rosone-rosa-dei-venti-cm-66-x-66\/#primaryimage"},"thumbnailUrl":"https:\/\/arredareidee.com\/wp-content\/uploads\/2021\/01\/rosone-rosa-dei-venti_660x660.png","datePublished":"2018-08-06T12:11:47+00:00","dateModified":"2023-08-05T12:05:23+00:00","description":"Rosone Rosa dei Venti cm 66 x 66Misura: 66 x 66Spessore: mm 9, ideale per Pavimenti per Interni e Pavimenti per Esterni, Cucina, Bagno, Living.","breadcrumb":{"@id":"https:\/\/arredareidee.com\/index.php\/product\/rosone-rosa-dei-venti-cm-66-x-66\/#breadcrumb"},"inLanguage":"it-IT","potentialAction":[{"@type":"ReadAction","target":["https:\/\/arredareidee.com\/index.php\/product\/rosone-rosa-dei-venti-cm-66-x-66\/"]}]},{"@type":"ImageObject","inLanguage":"it-IT","@id":"https:\/\/arredareidee.com\/index.php\/product\/rosone-rosa-dei-venti-cm-66-x-66\/#primaryimage","url":"https:\/\/arredareidee.com\/wp-content\/uploads\/2021\/01\/rosone-rosa-dei-venti_660x660.png","contentUrl":"https:\/\/arredareidee.com\/wp-content\/uploads\/2021\/01\/rosone-rosa-dei-venti_660x660.png","width":989,"height":990,"caption":"Rosone Rosa dei Venti cm 66 x 66"},{"@type":"BreadcrumbList","@id":"https:\/\/arredareidee.com\/index.php\/product\/rosone-rosa-dei-venti-cm-66-x-66\/#breadcrumb","itemListElement":[{"@type":"ListItem","position":1,"name":"Home","item":"https:\/\/arredareidee.com\/"},{"@type":"ListItem","position":2,"name":"Shop","item":"https:\/\/arredareidee.com\/index.php\/shop\/"},{"@type":"ListItem","position":3,"name":"Rosone Rosa dei Venti cm 66 x 66"}]},{"@type":"WebSite","@id":"https:\/\/arredareidee.com\/#website","url":"https:\/\/arredareidee.com\/","name":"Arredareidee","description":"Decorazioni personalizzate","publisher":{"@id":"https:\/\/arredareidee.com\/#organization"},"potentialAction":[{"@type":"SearchAction","target":{"@type":"EntryPoint","urlTemplate":"https:\/\/arredareidee.com\/?s={search_term_string}"},"query-input":{"@type":"PropertyValueSpecification","valueRequired":true,"valueName":"search_term_string"}}],"inLanguage":"it-IT"},{"@type":"Organization","@id":"https:\/\/arredareidee.com\/#organization","name":"Arredareidee","url":"https:\/\/arredareidee.com\/","logo":{"@type":"ImageObject","inLanguage":"it-IT","@id":"https:\/\/arredareidee.com\/#\/schema\/logo\/image\/","url":"https:\/\/arredareidee.com\/wp-content\/uploads\/2021\/01\/cropped-Arredareidee.png","contentUrl":"https:\/\/arredareidee.com\/wp-content\/uploads\/2021\/01\/cropped-Arredareidee.png","width":868,"height":157,"caption":"Arredareidee"},"image":{"@id":"https:\/\/arredareidee.com\/#\/schema\/logo\/image\/"}}]}},"_links":{"self":[{"href":"https:\/\/arredareidee.com\/index.php\/wp-json\/wp\/v2\/product\/115949","targetHints":{"allow":["GET"]}}],"collection":[{"href":"https:\/\/arredareidee.com\/index.php\/wp-json\/wp\/v2\/product"}],"about":[{"href":"https:\/\/arredareidee.com\/index.php\/wp-json\/wp\/v2\/types\/product"}],"wp:featuredmedia":[{"embeddable":true,"href":"https:\/\/arredareidee.com\/index.php\/wp-json\/wp\/v2\/media\/115950"}],"wp:attachment":[{"href":"https:\/\/arredareidee.com\/index.php\/wp-json\/wp\/v2\/media?parent=115949"}],"wp:term":[{"taxonomy":"product_brand","embeddable":true,"href":"https:\/\/arredareidee.com\/index.php\/wp-json\/wp\/v2\/product_brand?post=115949"},{"taxonomy":"product_cat","embeddable":true,"href":"https:\/\/arredareidee.com\/index.php\/wp-json\/wp\/v2\/product_cat?post=115949"},{"taxonomy":"product_tag","embeddable":true,"href":"https:\/\/arredareidee.com\/index.php\/wp-json\/wp\/v2\/product_tag?post=115949"}],"curies":[{"name":"wp","href":"https:\/\/api.w.org\/{rel}","templated":true}]}}