
{"id":114331,"date":"2018-08-06T11:56:12","date_gmt":"2018-08-06T11:56:12","guid":{"rendered":"https:\/\/arredareidee.com\/index.php\/product\/manicotto-m-m\/"},"modified":"2023-08-11T09:43:28","modified_gmt":"2023-08-11T09:43:28","slug":"manicotto-m-m","status":"publish","type":"product","link":"https:\/\/arredareidee.com\/index.php\/product\/manicotto-m-m\/","title":{"rendered":"Manicotto M.M."},"content":{"rendered":"<h2>Manicotto M.M.<\/h2>\n<p><span style=\"color: #40271a; font-family: 'Open Sans', Arial, sans-serif; font-size: 13px; background-color: #eaeaea;\">Materiale Utilizzato: Acciaio Ferroso (L01120 UNI EN 1.4404).<\/span><br style=\"color: #40271a; font-family: 'Open Sans', Arial, sans-serif; font-size: 13px; background-color: #eaeaea;\" \/><span style=\"color: #40271a; font-family: 'Open Sans', Arial, sans-serif; font-size: 13px; background-color: #eaeaea;\">Spessore: mm 2,0.<\/span><br style=\"color: #40271a; font-family: 'Open Sans', Arial, sans-serif; font-size: 13px; background-color: #eaeaea;\" \/><span style=\"color: #40271a; font-family: 'Open Sans', Arial, sans-serif; font-size: 13px; background-color: #eaeaea;\">Verniciatura: Siliconica Antigraffio, resistente alle alte Temperature.<\/span><br style=\"color: #40271a; font-family: 'Open Sans', Arial, sans-serif; font-size: 13px; background-color: #eaeaea;\" \/><span style=\"color: #40271a; font-family: 'Open Sans', Arial, sans-serif; font-size: 13px; background-color: #eaeaea;\">Diametri Disponibili: \u00f8 120 &#8211; \u00f8 130- \u00f8 150 &#8211; \u00f8 180<\/span><\/p>\n","protected":false},"excerpt":{"rendered":"<p><span style=\"color: #40271a; font-family: 'Open Sans', Arial, sans-serif; font-size: 13px; background-color: #eaeaea;\">Manicotto &#8220;MM&#8221; Altezza Totale mm 150, ideale per la realizzazione di Canali da Fumo ad uso interno, \u00e8 destinato a convogliare scarichi provenienti da generatori di calore a Legna.<\/span><\/p>\n","protected":false},"featured_media":114332,"template":"","meta":[],"product_brand":[],"product_cat":[31,46,47,34],"product_tag":[],"class_list":{"0":"post-114331","1":"product","2":"type-product","3":"status-publish","4":"has-post-thumbnail","6":"product_cat-canne-fumarie-in-acciaio-inox","7":"product_cat-linea-legno-nl","8":"product_cat-lineari-nl","9":"product_cat-nero-design-n","11":"first","12":"instock","13":"taxable","14":"shipping-taxable","15":"purchasable","16":"product-type-variable"},"yoast_head":"<!-- This site is optimized with the Yoast SEO plugin v26.4 - https:\/\/yoast.com\/wordpress\/plugins\/seo\/ -->\n<title>Manicotto M.M.<\/title>\n<meta name=\"description\" content=\"Manicotto M.M.Materiale Utilizzato: Acciaio Ferroso (L01120 UNI EN 1.4404).Spessore: mm 2,0.Verniciatura: Siliconica Antigraffio.\" \/>\n<meta name=\"robots\" content=\"index, follow, max-snippet:-1, max-image-preview:large, max-video-preview:-1\" \/>\n<link rel=\"canonical\" href=\"https:\/\/arredareidee.com\/index.php\/product\/manicotto-m-m\/\" \/>\n<meta property=\"og:locale\" content=\"it_IT\" \/>\n<meta property=\"og:type\" content=\"article\" \/>\n<meta property=\"og:title\" content=\"Manicotto M.M.\" \/>\n<meta property=\"og:description\" content=\"Manicotto M.M.Materiale Utilizzato: Acciaio Ferroso (L01120 UNI EN 1.4404).Spessore: mm 2,0.Verniciatura: Siliconica Antigraffio.\" \/>\n<meta property=\"og:url\" content=\"https:\/\/arredareidee.com\/index.php\/product\/manicotto-m-m\/\" \/>\n<meta property=\"og:site_name\" content=\"Arredareidee\" \/>\n<meta property=\"article:modified_time\" content=\"2023-08-11T09:43:28+00:00\" \/>\n<meta property=\"og:image\" content=\"https:\/\/arredareidee.com\/wp-content\/uploads\/2021\/01\/Manicotto-MM-Legno.jpg\" \/>\n\t<meta property=\"og:image:width\" content=\"800\" \/>\n\t<meta property=\"og:image:height\" content=\"600\" \/>\n\t<meta property=\"og:image:type\" content=\"image\/jpeg\" \/>\n<meta name=\"twitter:card\" content=\"summary_large_image\" \/>\n<meta name=\"twitter:label1\" content=\"Tempo di lettura stimato\" \/>\n\t<meta name=\"twitter:data1\" content=\"1 minuto\" \/>\n<script type=\"application\/ld+json\" class=\"yoast-schema-graph\">{\"@context\":\"https:\/\/schema.org\",\"@graph\":[{\"@type\":\"WebPage\",\"@id\":\"https:\/\/arredareidee.com\/index.php\/product\/manicotto-m-m\/\",\"url\":\"https:\/\/arredareidee.com\/index.php\/product\/manicotto-m-m\/\",\"name\":\"Manicotto M.M.\",\"isPartOf\":{\"@id\":\"https:\/\/arredareidee.com\/#website\"},\"primaryImageOfPage\":{\"@id\":\"https:\/\/arredareidee.com\/index.php\/product\/manicotto-m-m\/#primaryimage\"},\"image\":{\"@id\":\"https:\/\/arredareidee.com\/index.php\/product\/manicotto-m-m\/#primaryimage\"},\"thumbnailUrl\":\"https:\/\/arredareidee.com\/wp-content\/uploads\/2021\/01\/Manicotto-MM-Legno.jpg\",\"datePublished\":\"2018-08-06T11:56:12+00:00\",\"dateModified\":\"2023-08-11T09:43:28+00:00\",\"description\":\"Manicotto M.M.Materiale Utilizzato: Acciaio Ferroso (L01120 UNI EN 1.4404).Spessore: mm 2,0.Verniciatura: Siliconica Antigraffio.\",\"breadcrumb\":{\"@id\":\"https:\/\/arredareidee.com\/index.php\/product\/manicotto-m-m\/#breadcrumb\"},\"inLanguage\":\"it-IT\",\"potentialAction\":[{\"@type\":\"ReadAction\",\"target\":[\"https:\/\/arredareidee.com\/index.php\/product\/manicotto-m-m\/\"]}]},{\"@type\":\"ImageObject\",\"inLanguage\":\"it-IT\",\"@id\":\"https:\/\/arredareidee.com\/index.php\/product\/manicotto-m-m\/#primaryimage\",\"url\":\"https:\/\/arredareidee.com\/wp-content\/uploads\/2021\/01\/Manicotto-MM-Legno.jpg\",\"contentUrl\":\"https:\/\/arredareidee.com\/wp-content\/uploads\/2021\/01\/Manicotto-MM-Legno.jpg\",\"width\":800,\"height\":600,\"caption\":\"Manicotto M.M.\"},{\"@type\":\"BreadcrumbList\",\"@id\":\"https:\/\/arredareidee.com\/index.php\/product\/manicotto-m-m\/#breadcrumb\",\"itemListElement\":[{\"@type\":\"ListItem\",\"position\":1,\"name\":\"Home\",\"item\":\"https:\/\/arredareidee.com\/\"},{\"@type\":\"ListItem\",\"position\":2,\"name\":\"Shop\",\"item\":\"https:\/\/arredareidee.com\/index.php\/shop\/\"},{\"@type\":\"ListItem\",\"position\":3,\"name\":\"Manicotto M.M.\"}]},{\"@type\":\"WebSite\",\"@id\":\"https:\/\/arredareidee.com\/#website\",\"url\":\"https:\/\/arredareidee.com\/\",\"name\":\"Arredareidee\",\"description\":\"Decorazioni personalizzate\",\"publisher\":{\"@id\":\"https:\/\/arredareidee.com\/#organization\"},\"potentialAction\":[{\"@type\":\"SearchAction\",\"target\":{\"@type\":\"EntryPoint\",\"urlTemplate\":\"https:\/\/arredareidee.com\/?s={search_term_string}\"},\"query-input\":{\"@type\":\"PropertyValueSpecification\",\"valueRequired\":true,\"valueName\":\"search_term_string\"}}],\"inLanguage\":\"it-IT\"},{\"@type\":\"Organization\",\"@id\":\"https:\/\/arredareidee.com\/#organization\",\"name\":\"Arredareidee\",\"url\":\"https:\/\/arredareidee.com\/\",\"logo\":{\"@type\":\"ImageObject\",\"inLanguage\":\"it-IT\",\"@id\":\"https:\/\/arredareidee.com\/#\/schema\/logo\/image\/\",\"url\":\"https:\/\/arredareidee.com\/wp-content\/uploads\/2021\/01\/cropped-Arredareidee.png\",\"contentUrl\":\"https:\/\/arredareidee.com\/wp-content\/uploads\/2021\/01\/cropped-Arredareidee.png\",\"width\":868,\"height\":157,\"caption\":\"Arredareidee\"},\"image\":{\"@id\":\"https:\/\/arredareidee.com\/#\/schema\/logo\/image\/\"}}]}<\/script>\n<!-- \/ Yoast SEO plugin. -->","yoast_head_json":{"title":"Manicotto M.M.","description":"Manicotto M.M.Materiale Utilizzato: Acciaio Ferroso (L01120 UNI EN 1.4404).Spessore: mm 2,0.Verniciatura: Siliconica Antigraffio.","robots":{"index":"index","follow":"follow","max-snippet":"max-snippet:-1","max-image-preview":"max-image-preview:large","max-video-preview":"max-video-preview:-1"},"canonical":"https:\/\/arredareidee.com\/index.php\/product\/manicotto-m-m\/","og_locale":"it_IT","og_type":"article","og_title":"Manicotto M.M.","og_description":"Manicotto M.M.Materiale Utilizzato: Acciaio Ferroso (L01120 UNI EN 1.4404).Spessore: mm 2,0.Verniciatura: Siliconica Antigraffio.","og_url":"https:\/\/arredareidee.com\/index.php\/product\/manicotto-m-m\/","og_site_name":"Arredareidee","article_modified_time":"2023-08-11T09:43:28+00:00","og_image":[{"width":800,"height":600,"url":"https:\/\/arredareidee.com\/wp-content\/uploads\/2021\/01\/Manicotto-MM-Legno.jpg","type":"image\/jpeg"}],"twitter_card":"summary_large_image","twitter_misc":{"Tempo di lettura stimato":"1 minuto"},"schema":{"@context":"https:\/\/schema.org","@graph":[{"@type":"WebPage","@id":"https:\/\/arredareidee.com\/index.php\/product\/manicotto-m-m\/","url":"https:\/\/arredareidee.com\/index.php\/product\/manicotto-m-m\/","name":"Manicotto M.M.","isPartOf":{"@id":"https:\/\/arredareidee.com\/#website"},"primaryImageOfPage":{"@id":"https:\/\/arredareidee.com\/index.php\/product\/manicotto-m-m\/#primaryimage"},"image":{"@id":"https:\/\/arredareidee.com\/index.php\/product\/manicotto-m-m\/#primaryimage"},"thumbnailUrl":"https:\/\/arredareidee.com\/wp-content\/uploads\/2021\/01\/Manicotto-MM-Legno.jpg","datePublished":"2018-08-06T11:56:12+00:00","dateModified":"2023-08-11T09:43:28+00:00","description":"Manicotto M.M.Materiale Utilizzato: Acciaio Ferroso (L01120 UNI EN 1.4404).Spessore: mm 2,0.Verniciatura: Siliconica Antigraffio.","breadcrumb":{"@id":"https:\/\/arredareidee.com\/index.php\/product\/manicotto-m-m\/#breadcrumb"},"inLanguage":"it-IT","potentialAction":[{"@type":"ReadAction","target":["https:\/\/arredareidee.com\/index.php\/product\/manicotto-m-m\/"]}]},{"@type":"ImageObject","inLanguage":"it-IT","@id":"https:\/\/arredareidee.com\/index.php\/product\/manicotto-m-m\/#primaryimage","url":"https:\/\/arredareidee.com\/wp-content\/uploads\/2021\/01\/Manicotto-MM-Legno.jpg","contentUrl":"https:\/\/arredareidee.com\/wp-content\/uploads\/2021\/01\/Manicotto-MM-Legno.jpg","width":800,"height":600,"caption":"Manicotto M.M."},{"@type":"BreadcrumbList","@id":"https:\/\/arredareidee.com\/index.php\/product\/manicotto-m-m\/#breadcrumb","itemListElement":[{"@type":"ListItem","position":1,"name":"Home","item":"https:\/\/arredareidee.com\/"},{"@type":"ListItem","position":2,"name":"Shop","item":"https:\/\/arredareidee.com\/index.php\/shop\/"},{"@type":"ListItem","position":3,"name":"Manicotto M.M."}]},{"@type":"WebSite","@id":"https:\/\/arredareidee.com\/#website","url":"https:\/\/arredareidee.com\/","name":"Arredareidee","description":"Decorazioni personalizzate","publisher":{"@id":"https:\/\/arredareidee.com\/#organization"},"potentialAction":[{"@type":"SearchAction","target":{"@type":"EntryPoint","urlTemplate":"https:\/\/arredareidee.com\/?s={search_term_string}"},"query-input":{"@type":"PropertyValueSpecification","valueRequired":true,"valueName":"search_term_string"}}],"inLanguage":"it-IT"},{"@type":"Organization","@id":"https:\/\/arredareidee.com\/#organization","name":"Arredareidee","url":"https:\/\/arredareidee.com\/","logo":{"@type":"ImageObject","inLanguage":"it-IT","@id":"https:\/\/arredareidee.com\/#\/schema\/logo\/image\/","url":"https:\/\/arredareidee.com\/wp-content\/uploads\/2021\/01\/cropped-Arredareidee.png","contentUrl":"https:\/\/arredareidee.com\/wp-content\/uploads\/2021\/01\/cropped-Arredareidee.png","width":868,"height":157,"caption":"Arredareidee"},"image":{"@id":"https:\/\/arredareidee.com\/#\/schema\/logo\/image\/"}}]}},"_links":{"self":[{"href":"https:\/\/arredareidee.com\/index.php\/wp-json\/wp\/v2\/product\/114331","targetHints":{"allow":["GET"]}}],"collection":[{"href":"https:\/\/arredareidee.com\/index.php\/wp-json\/wp\/v2\/product"}],"about":[{"href":"https:\/\/arredareidee.com\/index.php\/wp-json\/wp\/v2\/types\/product"}],"wp:featuredmedia":[{"embeddable":true,"href":"https:\/\/arredareidee.com\/index.php\/wp-json\/wp\/v2\/media\/114332"}],"wp:attachment":[{"href":"https:\/\/arredareidee.com\/index.php\/wp-json\/wp\/v2\/media?parent=114331"}],"wp:term":[{"taxonomy":"product_brand","embeddable":true,"href":"https:\/\/arredareidee.com\/index.php\/wp-json\/wp\/v2\/product_brand?post=114331"},{"taxonomy":"product_cat","embeddable":true,"href":"https:\/\/arredareidee.com\/index.php\/wp-json\/wp\/v2\/product_cat?post=114331"},{"taxonomy":"product_tag","embeddable":true,"href":"https:\/\/arredareidee.com\/index.php\/wp-json\/wp\/v2\/product_tag?post=114331"}],"curies":[{"name":"wp","href":"https:\/\/api.w.org\/{rel}","templated":true}]}}