
{"id":3,"date":"2021-01-12T10:04:58","date_gmt":"2021-01-12T10:04:58","guid":{"rendered":"https:\/\/arredareidee.com\/?page_id=3"},"modified":"2024-05-04T20:53:59","modified_gmt":"2024-05-04T20:53:59","slug":"privacy-policy","status":"publish","type":"page","link":"https:\/\/arredareidee.com\/index.php\/privacy-policy\/","title":{"rendered":"Privacy Policy"},"content":{"rendered":"\r\n<p><span style=\"font-family: helvetica, arial, sans-serif;\"><strong>Privacy e Protezione Dei Dati Personali<\/strong><\/span><\/p>\r\n<p><span style=\"font-family: helvetica, arial, sans-serif;\">La presente informativa \u00e8 resa nel rispetto degli art. 13 e 14 del Regolamento UE 679\/2016 aggiornamenti effettivi dal 25-05-2018. I dati personali degli Utenti saranno trattati in conformit\u00e0 alle Regole della Privacy del Titolare. Per ulteriori informazioni, vi preghiamo di prendere visione delle nostre Regole della Privacy contenute nella relativa Informativa.<\/span><\/p>\r\n<p>&nbsp;<\/p>\r\n<p><span style=\"font-family: helvetica, arial, sans-serif;\"><strong>Responsabile per la protezione dei dati e DPO<\/strong><\/span><\/p>\r\n<p><span style=\"font-family: helvetica, arial, sans-serif;\">Il titolare del trattamento dei dati da lei conferito \u00e8: Patitucci Ferdinando Carlo Via G. Carducci, 1 \u2013 87019 Spezzano Albanese (CS) ferdinandopatitucci7@gmail.com<\/span><\/p>\r\n<p><span style=\"font-family: helvetica, arial, sans-serif;\">IL responsabile per la protezione dei dati DPO da lei conferiti \u00e8: Patitucci Ferdinando Carlo Via G. Carducci, 1 \u2013 87019 Spezzano Albanese (CS) ferdinandopatitucci7@gmail.com<\/span><\/p>\r\n<p><span style=\"font-family: helvetica, arial, sans-serif;\">Per qualsiasi comunicazione in merito al trattamento dei dati da lei conferiti e all\u2019esercizio dei diritti a lei riconosciuti, dovr\u00e0 inviare per iscritto a mezzo e-mail o tramite lettera raccomandata a.r. agli indirizzi sopra indicati, in fine lei ha diritto di proporre reclamo all\u2019autorit\u00e0 garante per la protezione dei dati personali http:\/\/www.garanteprivacy.it\/<\/span><\/p>\r\n<p>&nbsp;<\/p>\r\n<p><span style=\"font-family: helvetica, arial, sans-serif;\"><strong>Modalit\u00e0 di Trattamento e Conservazione dei Dati Personali<\/strong><\/span><\/p>\r\n<p><span style=\"font-family: helvetica, arial, sans-serif;\">Il Titolare assicura che i dati personali sono trattati nel pieno rispetto del Regolamento, mediante sistemi manuali, informatici o telematici. Il trattamento potr\u00e0 essere effettuato anche attraverso strumenti automatizzati atti a memorizzare, gestire e trasmettere i dati stessi.<\/span><\/p>\r\n<p><span style=\"font-family: helvetica, arial, sans-serif;\">I dati raccolti ed oggetto di trattamento saranno protetti con metodologie fisiche e logiche tali da ridurre al minimo i rischi di accesso non consentito, diffusione, perdita e distruzione dei dati, ai sensi degli art. 25 e 32 del Regolamento.<\/span><\/p>\r\n<p><span style=\"font-family: helvetica, arial, sans-serif;\">Il trattamento dei dati avr\u00e0 durata non superiore a quanto necessario per soddisfare le finalit\u00e0 per le quali sono stati raccolti, quali la memorizzazione di criteri di ricerca, la notifica, la pubblicazione di annunci e il contatto di operatori professionali.<\/span><\/p>\r\n<p><span style=\"font-family: helvetica, arial, sans-serif;\">Ai sensi dell\u2019art. 7 comma 3 del Regolamento, l\u2019interessato ha diritto di ottenere in qualsiasi momento la revoca del consenso al trattamento.<\/span><\/p>\r\n<p><span style=\"font-family: helvetica, arial, sans-serif;\">Qualora non pervenga al Titolare una richiesta di cancellazione, i dati personali saranno conservati per un termine non superiore a 10 (dieci) anni, con decorrenza dalla data dell\u2019ultimo accesso a Sito e\/o App da parte dell\u2019Utente.<\/span><\/p>\r\n<p><span style=\"font-family: helvetica, arial, sans-serif;\">Tutti i prodotti offerti dalla P.F.C. sono rivolti a persone di et\u00e0 superiore ai 18 anni. Nel caso di Utenti minori di 18 anni, senza il consenso da parte dei genitori o di un tutore legale, la P.F.C. si riserva il diritto di interrompere unilateralmente tutti i servizi offerti e, la cancellazione dei dati acquisiti.<\/span><\/p>\r\n<p><span style=\"font-family: helvetica, arial, sans-serif;\">Tipologia di Utenti semplici:<\/span><\/p>\r\n<p><span style=\"font-family: helvetica, arial, sans-serif;\">Gli Utenti semplici posso accedere e navigare liberamente sul portale in maniera del tutto anonima. Mentre per il servizio di vendita \u00e8 necessario registrarsi per poter acquistare.<\/span><\/p>\r\n<p><span style=\"font-family: helvetica, arial, sans-serif;\">I Dati Personali raccolti sono utilizzati per l\u2019erogazione di servizi all\u2019Utente o per la vendita di prodotti, inclusi il pagamento e l\u2019eventuale consegna.<\/span><\/p>\r\n<p><span style=\"font-family: helvetica, arial, sans-serif;\">I dati necessari sono:<\/span><\/p>\r\n<p><span style=\"font-family: helvetica, arial, sans-serif;\">\u2013 Nome e Cognome \/ragione sociale<\/span><\/p>\r\n<p><span style=\"font-family: helvetica, arial, sans-serif;\">\u2013 Indirizzo di spedizione<\/span><\/p>\r\n<p><span style=\"font-family: helvetica, arial, sans-serif;\">\u2013 indirizzo e-mail<\/span><\/p>\r\n<p><span style=\"font-family: helvetica, arial, sans-serif;\">\u2013 Recapito telefonico<\/span><\/p>\r\n<p><span style=\"font-family: helvetica, arial, sans-serif;\">\u2013 Codice Fiscale \/ P.iva<\/span><\/p>\r\n<p><span style=\"text-decoration: underline; font-family: helvetica, arial, sans-serif;\">Necessari per l\u2019erogazione di ricevuta o fattura e consegna.<\/span><\/p>\r\n<p>&nbsp;<\/p>\r\n<p><span style=\"font-family: helvetica, arial, sans-serif;\"><strong>Conferimento dei dati personali<\/strong><\/span><\/p>\r\n<p><span style=\"font-family: helvetica, arial, sans-serif;\">A parte quanto specificato sopra per i dati di navigazione e nelle informative ai sensi dell\u2019art. 13 del GDPR fornite nelle singole sezioni del Sito, il conferimento dei dati per finalit\u00e0 ulteriori \u00e8 facoltativo. Il loro mancato conferimento pu\u00f2 comportare l\u2019impossibilit\u00e0 di perseguire tali ulteriori finalit\u00e0.<\/span><\/p>\r\n<p>&nbsp;<\/p>\r\n<p><span style=\"font-family: helvetica, arial, sans-serif;\"><strong>Categorie di destinatari dei dati<\/strong><\/span><\/p>\r\n<p><span style=\"font-family: helvetica, arial, sans-serif;\">I Suoi dati personali saranno trattati da dipendenti e\/o collaboratori del Titolare che hanno ricevuto adeguate istruzioni operative e che sono stati espressamente autorizzati al trattamento dallo stesso.<\/span><\/p>\r\n<p>&nbsp;<\/p>\r\n<p><span style=\"font-family: helvetica, arial, sans-serif;\">I dati personali potranno essere trattati da soggetti esterni designati dal titolare quali responsabili del trattamento cui sono impartite adeguate istruzioni operative, quali a titolo esemplificativo:<\/span><\/p>\r\n<p><span style=\"font-family: helvetica, arial, sans-serif;\">societ\u00e0 incaricate alla spedizione e consegna del prodotto, societ\u00e0 incaricate per la gestione fiscale, o da soggetti incaricati alla manutenzione\/gestione del sito internet e degli strumenti elettronici e\/o telematici utilizzati dal titolare.<\/span><\/p>\r\n<p><span style=\"font-family: helvetica, arial, sans-serif;\">I Suoi dati personali potranno essere altres\u00ec comunicati a terzi, autonomi titolari del trattamento, quali a titolo esemplificativo:<\/span><\/p>\r\n<p><span style=\"font-family: helvetica, arial, sans-serif;\">Autorit\u00e0 ed organi di vigilanza e controllo ed in generale soggetti, pubblici o privati, legittimati a richiedere i dati.<\/span><\/p>\r\n<p>&nbsp;<\/p>\r\n<p><span style=\"font-family: helvetica, arial, sans-serif;\"><strong>Trasferimento dei dati fuori dall\u2019Unione Europea<\/strong><\/span><\/p>\r\n<p><span style=\"font-family: helvetica, arial, sans-serif;\">I Suoi dati non saranno trasferiti all\u2019estero in paesi non appartenenti all\u2019Unione Europea.<\/span><\/p>\r\n<p>&nbsp;<\/p>\r\n<p><span style=\"font-family: helvetica, arial, sans-serif;\"><strong>Gestione dei Pagamenti<\/strong><\/span><\/p>\r\n<p><span style=\"font-family: helvetica, arial, sans-serif;\">Dati Personali: varie tipologie di Dati secondo quanto specificato dalla privacy policy del servizio.<\/span><\/p>\r\n<p><span style=\"font-family: helvetica, arial, sans-serif;\">Vendita di beni e servizi online<\/span><\/p>\r\n<p><span style=\"font-family: helvetica, arial, sans-serif;\">I Dati Personali raccolti per perfezionare il pagamento possono essere quelli relativi alla carta di credito, al conto corrente utilizzato per il bonifico o ad altri strumenti di pagamento previsti. I Dati di pagamento raccolti da questa Applicazione dipendono dal sistema di pagamento utilizzato.<\/span><\/p>\r\n<p><span style=\"font-family: helvetica, arial, sans-serif;\">Le fatture, i documenti contabili e i dati relativi alle transazioni sono conservati per 11 anni ai sensi di legge (ivi compresi gli obblighi fiscali).<\/span><\/p>\r\n<p><span style=\"font-family: helvetica, arial, sans-serif;\">Nella fase di iscrizione si accetta il Regolamento delle norme vigenti nel rispetto della Privacy.<\/span><\/p>\r\n<p><strong><span style=\"font-family: helvetica, arial, sans-serif; font-size: 12pt;\">Sicurezza<\/span><\/strong><\/p>\r\n<p><span style=\"font-family: helvetica, arial, sans-serif; font-size: 12pt;\">Il Titolare ha adottato le necessarie misure di sicurezza per garantire la segretezza e la riservatezza dei dati personali, come definito secondo le norme di legge vigenti.<\/span><\/p>\r\n<p style=\"margin-top: 0cm; background: white;\"><span style=\"font-size: 12pt;\"><strong><span style=\"font-family: Helvetica, 'sans-serif'; color: #333e48; letter-spacing: -0.1pt;\">Risoluzione<\/span><\/strong><span style=\"font-family: Helvetica, 'sans-serif'; color: #333e48; letter-spacing: -0.1pt;\"><br \/>Il Titolare si riserva il diritto di interdire l\u2019accesso a Sito e App, in via permanente o anche temporanea, a sua sola ed esclusiva discrezione. Gli Utenti destinatari del provvedimento di esclusione saranno informati di tale decisione e non potranno successivamente tentare di accedere al sito sotto diverso nome o a mezzo di altri Utenti.<br \/>L\u2019Utente risponder\u00e0 dei danni di qualsiasi tipo che il Titolare o le sue controllate potrebbero subire, direttamente o indirettamente, come conseguenza di qualsiasi violazione degli obblighi derivati dalle Condizioni di Utilizzo relativamente all\u2019uso del Sito e App. Inoltre, l\u2019Utente manterr\u00e0 il Titolare indenne da qualsiasi sanzione, reclamo o citazione a giudizio da parte di terzi, compresi Enti pubblici, contro il Titolare, i suoi dipendenti o agenti, a seguito della violazione dei diritti di terzi da parte dell\u2019Utente utilizzando il Sito e App o servizi ad esso connessi in modo contrario a quanto previsto dalle presenti Condizioni.<\/span><\/span><\/p>\r\n<p style=\"margin-top: 0cm; background: white;\"><span style=\"font-size: 12pt;\"><strong><span style=\"font-family: Helvetica, 'sans-serif'; color: #333e48; letter-spacing: -0.1pt;\">Varie:<\/span><\/strong><span style=\"font-family: Helvetica, 'sans-serif'; color: #333e48; letter-spacing: -0.1pt;\"><br \/><em><span style=\"font-family: 'Helvetica','sans-serif';\">Modifiche<\/span><\/em><br \/>Il Titolare si riserva il diritto di apportare le modifiche che ritiene opportune, potendo modificare, cancellare e aggiungere nuovi contenuti e\/o servizi cos\u00ec come il modo in cui gli stessi vengono presentati e localizzati.<\/span><\/span><\/p>\r\n<p style=\"margin-top: 0cm; background: white;\"><span style=\"font-size: 12pt;\"><em><span style=\"font-family: Helvetica, 'sans-serif'; color: #333e48; letter-spacing: -0.1pt;\">Minori<\/span><\/em><span style=\"font-family: Helvetica, 'sans-serif'; color: #333e48; letter-spacing: -0.1pt;\"><br \/>Per utilizzare il Servizio i minori devono avere precedentemente ottenuto il permesso dei genitori, tutori o rappresentanti legali, che saranno responsabili di tutti gli atti realizzati attraverso Sito e App da parte di minori a loro affidati. Nei servizi dove espressamente indicato, l\u2019accesso sar\u00e0 limitato esclusivamente ai maggiorenni d\u2019et\u00e0.<\/span><\/span><\/p>\r\n<p style=\"margin-top: 0cm; background: white;\"><span style=\"font-size: 12pt;\"><strong><span style=\"font-family: Helvetica, 'sans-serif'; color: #333e48; letter-spacing: -0.1pt;\">Durata e Termine<\/span><\/strong><span style=\"font-family: Helvetica, 'sans-serif'; color: #333e48; letter-spacing: -0.1pt;\"><br \/>I servizi gratuiti e\/o i contenuti di Sito e App hanno una durata indeterminata; tuttavia, ove specificato, i servizi comprendenti(preventivi per ogni richiesta) Opzioni a Pagamento hanno durata vincolata al periodo di tempo indicato nella pagina del processo di pubblicazione annunci all\u2019interno del Sito e App. Il Titolare ha il potere di chiudere, sospendere o interrompere unilateralmente in qualsiasi momento e senza preavviso, la prestazione del Servizio e del Sito e App.<\/span><\/span><\/p>\r\n<p style=\"margin-top: 0cm; background: white;\"><span style=\"font-size: 12pt;\"><strong><span style=\"font-family: Helvetica, 'sans-serif'; color: #333e48; letter-spacing: -0.1pt;\">Legge Applicabile<\/span><\/strong><\/span><\/p>\r\n<p style=\"margin-top: 0cm; background: white;\"><span style=\"font-size: 12pt; font-family: Helvetica, 'sans-serif'; color: #333e48; letter-spacing: -0.1pt;\">La presente Privacy Policy \u00e8 regolata dalla legge italiana, in attuazione del Regolamento UE 2016\/679 (GDPR) La legge impone che il trattamento dei dati personali sia improntato ai principi di liceit\u00e0, correttezza e trasparenza e che i dati siano trattati in maniera da garantire un\u2019adeguata sicurezza degli stessi.<\/span><\/p>\r\n<p style=\"margin-top: 0cm; background: white;\"><span style=\"font-size: 12pt;\"><strong><span style=\"font-family: Helvetica, 'sans-serif'; color: #333e48; letter-spacing: -0.1pt;\">Clausola di Revisione<\/span><\/strong><\/span><\/p>\r\n<p style=\"margin-top: 0cm; background: white;\"><span style=\"font-size: 12pt; font-family: Helvetica, 'sans-serif'; color: #333e48; letter-spacing: -0.1pt;\">Il Titolare, si riserva di rivedere, modificare o semplicemente aggiornare, in tutto o in parte, a propria esclusiva discrezione, in qualsiasi modo e\/o in qualsiasi momento, senza preavviso, la presente Privacy Policy in considerazione di modifiche di norme di legge o di regolamento in materia di protezione dei dati personali. Le modifiche e gli aggiornamenti della Privacy Policy saranno notificati agli utenti nella home page del Sito non appena adottati e saranno vincolanti non appena pubblicati sul Sito in questa stessa sezione.<\/span><\/p>\r\n<p style=\"margin-top: 0cm; background: white;\"><span style=\"font-size: 12pt; font-family: Helvetica, 'sans-serif'; color: #333e48; letter-spacing: -0.1pt;\">Il testo integrale del GDPR e di tutta la normativa di riferimento \u00e8 consultabile sul sito del Garante per la Protezione dei dati personali.\u00a0<a href=\"http:\/\/www.garanteprivacy.it\/\"><span style=\"color: #0275d8; text-decoration: none; text-underline: none;\">http:\/\/www.garanteprivacy.it\/<\/span><\/a><\/span><\/p>\r\n<p style=\"margin: 0cm; margin-bottom: .0001pt; background: white;\"><span style=\"font-size: 12pt; font-family: Helvetica, 'sans-serif'; color: #333e48; letter-spacing: -0.1pt;\">L\u2019Utente \u00e8 invitato pertanto di accedere con regolarit\u00e0 a questa sezione per verificare la pubblicazione della pi\u00f9 recente ed aggiornata Privacy<\/span><\/p>\r\n<p>&nbsp;<\/p>\r\n","protected":false},"excerpt":{"rendered":"<p>Privacy e Protezione Dei Dati Personali La presente informativa \u00e8 resa nel rispetto degli art. 13 e 14 del Regolamento UE 679\/2016 aggiornamenti effettivi dal 25-05-2018. I dati personali degli<\/p>\n","protected":false},"author":1,"featured_media":0,"parent":0,"menu_order":0,"comment_status":"closed","ping_status":"closed","template":"","meta":{"footnotes":""},"class_list":["post-3","page","type-page","status-publish","hentry"],"yoast_head":"<!-- This site is optimized with the Yoast SEO plugin v26.4 - https:\/\/yoast.com\/wordpress\/plugins\/seo\/ -->\n<title>Privacy Policy - Arredareidee<\/title>\n<meta name=\"robots\" content=\"index, follow, max-snippet:-1, max-image-preview:large, max-video-preview:-1\" \/>\n<link rel=\"canonical\" href=\"https:\/\/arredareidee.com\/index.php\/privacy-policy\/\" \/>\n<meta property=\"og:locale\" content=\"it_IT\" \/>\n<meta property=\"og:type\" content=\"article\" \/>\n<meta property=\"og:title\" content=\"Privacy Policy - Arredareidee\" \/>\n<meta property=\"og:description\" content=\"Privacy e Protezione Dei Dati Personali La presente informativa \u00e8 resa nel rispetto degli art. 13 e 14 del Regolamento UE 679\/2016 aggiornamenti effettivi dal 25-05-2018. I dati personali degli\" \/>\n<meta property=\"og:url\" content=\"https:\/\/arredareidee.com\/index.php\/privacy-policy\/\" \/>\n<meta property=\"og:site_name\" content=\"Arredareidee\" \/>\n<meta property=\"article:modified_time\" content=\"2024-05-04T20:53:59+00:00\" \/>\n<meta name=\"twitter:card\" content=\"summary_large_image\" \/>\n<meta name=\"twitter:label1\" content=\"Tempo di lettura stimato\" \/>\n\t<meta name=\"twitter:data1\" content=\"7 minuti\" \/>\n<script type=\"application\/ld+json\" class=\"yoast-schema-graph\">{\"@context\":\"https:\/\/schema.org\",\"@graph\":[{\"@type\":\"WebPage\",\"@id\":\"https:\/\/arredareidee.com\/index.php\/privacy-policy\/\",\"url\":\"https:\/\/arredareidee.com\/index.php\/privacy-policy\/\",\"name\":\"Privacy Policy - Arredareidee\",\"isPartOf\":{\"@id\":\"https:\/\/arredareidee.com\/#website\"},\"datePublished\":\"2021-01-12T10:04:58+00:00\",\"dateModified\":\"2024-05-04T20:53:59+00:00\",\"breadcrumb\":{\"@id\":\"https:\/\/arredareidee.com\/index.php\/privacy-policy\/#breadcrumb\"},\"inLanguage\":\"it-IT\",\"potentialAction\":[{\"@type\":\"ReadAction\",\"target\":[\"https:\/\/arredareidee.com\/index.php\/privacy-policy\/\"]}]},{\"@type\":\"BreadcrumbList\",\"@id\":\"https:\/\/arredareidee.com\/index.php\/privacy-policy\/#breadcrumb\",\"itemListElement\":[{\"@type\":\"ListItem\",\"position\":1,\"name\":\"Home\",\"item\":\"https:\/\/arredareidee.com\/\"},{\"@type\":\"ListItem\",\"position\":2,\"name\":\"Privacy Policy\"}]},{\"@type\":\"WebSite\",\"@id\":\"https:\/\/arredareidee.com\/#website\",\"url\":\"https:\/\/arredareidee.com\/\",\"name\":\"Arredareidee\",\"description\":\"Decorazioni personalizzate\",\"publisher\":{\"@id\":\"https:\/\/arredareidee.com\/#organization\"},\"potentialAction\":[{\"@type\":\"SearchAction\",\"target\":{\"@type\":\"EntryPoint\",\"urlTemplate\":\"https:\/\/arredareidee.com\/?s={search_term_string}\"},\"query-input\":{\"@type\":\"PropertyValueSpecification\",\"valueRequired\":true,\"valueName\":\"search_term_string\"}}],\"inLanguage\":\"it-IT\"},{\"@type\":\"Organization\",\"@id\":\"https:\/\/arredareidee.com\/#organization\",\"name\":\"Arredareidee\",\"url\":\"https:\/\/arredareidee.com\/\",\"logo\":{\"@type\":\"ImageObject\",\"inLanguage\":\"it-IT\",\"@id\":\"https:\/\/arredareidee.com\/#\/schema\/logo\/image\/\",\"url\":\"https:\/\/arredareidee.com\/wp-content\/uploads\/2021\/01\/cropped-Arredareidee.png\",\"contentUrl\":\"https:\/\/arredareidee.com\/wp-content\/uploads\/2021\/01\/cropped-Arredareidee.png\",\"width\":868,\"height\":157,\"caption\":\"Arredareidee\"},\"image\":{\"@id\":\"https:\/\/arredareidee.com\/#\/schema\/logo\/image\/\"}}]}<\/script>\n<!-- \/ Yoast SEO plugin. -->","yoast_head_json":{"title":"Privacy Policy - Arredareidee","robots":{"index":"index","follow":"follow","max-snippet":"max-snippet:-1","max-image-preview":"max-image-preview:large","max-video-preview":"max-video-preview:-1"},"canonical":"https:\/\/arredareidee.com\/index.php\/privacy-policy\/","og_locale":"it_IT","og_type":"article","og_title":"Privacy Policy - Arredareidee","og_description":"Privacy e Protezione Dei Dati Personali La presente informativa \u00e8 resa nel rispetto degli art. 13 e 14 del Regolamento UE 679\/2016 aggiornamenti effettivi dal 25-05-2018. I dati personali degli","og_url":"https:\/\/arredareidee.com\/index.php\/privacy-policy\/","og_site_name":"Arredareidee","article_modified_time":"2024-05-04T20:53:59+00:00","twitter_card":"summary_large_image","twitter_misc":{"Tempo di lettura stimato":"7 minuti"},"schema":{"@context":"https:\/\/schema.org","@graph":[{"@type":"WebPage","@id":"https:\/\/arredareidee.com\/index.php\/privacy-policy\/","url":"https:\/\/arredareidee.com\/index.php\/privacy-policy\/","name":"Privacy Policy - Arredareidee","isPartOf":{"@id":"https:\/\/arredareidee.com\/#website"},"datePublished":"2021-01-12T10:04:58+00:00","dateModified":"2024-05-04T20:53:59+00:00","breadcrumb":{"@id":"https:\/\/arredareidee.com\/index.php\/privacy-policy\/#breadcrumb"},"inLanguage":"it-IT","potentialAction":[{"@type":"ReadAction","target":["https:\/\/arredareidee.com\/index.php\/privacy-policy\/"]}]},{"@type":"BreadcrumbList","@id":"https:\/\/arredareidee.com\/index.php\/privacy-policy\/#breadcrumb","itemListElement":[{"@type":"ListItem","position":1,"name":"Home","item":"https:\/\/arredareidee.com\/"},{"@type":"ListItem","position":2,"name":"Privacy Policy"}]},{"@type":"WebSite","@id":"https:\/\/arredareidee.com\/#website","url":"https:\/\/arredareidee.com\/","name":"Arredareidee","description":"Decorazioni personalizzate","publisher":{"@id":"https:\/\/arredareidee.com\/#organization"},"potentialAction":[{"@type":"SearchAction","target":{"@type":"EntryPoint","urlTemplate":"https:\/\/arredareidee.com\/?s={search_term_string}"},"query-input":{"@type":"PropertyValueSpecification","valueRequired":true,"valueName":"search_term_string"}}],"inLanguage":"it-IT"},{"@type":"Organization","@id":"https:\/\/arredareidee.com\/#organization","name":"Arredareidee","url":"https:\/\/arredareidee.com\/","logo":{"@type":"ImageObject","inLanguage":"it-IT","@id":"https:\/\/arredareidee.com\/#\/schema\/logo\/image\/","url":"https:\/\/arredareidee.com\/wp-content\/uploads\/2021\/01\/cropped-Arredareidee.png","contentUrl":"https:\/\/arredareidee.com\/wp-content\/uploads\/2021\/01\/cropped-Arredareidee.png","width":868,"height":157,"caption":"Arredareidee"},"image":{"@id":"https:\/\/arredareidee.com\/#\/schema\/logo\/image\/"}}]}},"_links":{"self":[{"href":"https:\/\/arredareidee.com\/index.php\/wp-json\/wp\/v2\/pages\/3","targetHints":{"allow":["GET"]}}],"collection":[{"href":"https:\/\/arredareidee.com\/index.php\/wp-json\/wp\/v2\/pages"}],"about":[{"href":"https:\/\/arredareidee.com\/index.php\/wp-json\/wp\/v2\/types\/page"}],"author":[{"embeddable":true,"href":"https:\/\/arredareidee.com\/index.php\/wp-json\/wp\/v2\/users\/1"}],"replies":[{"embeddable":true,"href":"https:\/\/arredareidee.com\/index.php\/wp-json\/wp\/v2\/comments?post=3"}],"version-history":[{"count":7,"href":"https:\/\/arredareidee.com\/index.php\/wp-json\/wp\/v2\/pages\/3\/revisions"}],"predecessor-version":[{"id":127462,"href":"https:\/\/arredareidee.com\/index.php\/wp-json\/wp\/v2\/pages\/3\/revisions\/127462"}],"wp:attachment":[{"href":"https:\/\/arredareidee.com\/index.php\/wp-json\/wp\/v2\/media?parent=3"}],"curies":[{"name":"wp","href":"https:\/\/api.w.org\/{rel}","templated":true}]}}