
{"id":120966,"date":"2021-01-13T17:34:16","date_gmt":"2021-01-13T17:34:16","guid":{"rendered":"https:\/\/arredareidee.com\/?page_id=120966"},"modified":"2021-05-24T14:15:59","modified_gmt":"2021-05-24T14:15:59","slug":"arredare-idee","status":"publish","type":"page","link":"https:\/\/arredareidee.com\/index.php\/arredare-idee\/","title":{"rendered":"Chi Siamo"},"content":{"rendered":"\t\t<div data-elementor-type=\"wp-page\" data-elementor-id=\"120966\" class=\"elementor elementor-120966\" data-elementor-post-type=\"page\">\n\t\t\t\t\t\t<section class=\"elementor-section elementor-top-section elementor-element elementor-element-f89398f elementor-section-boxed elementor-section-height-default elementor-section-height-default\" data-id=\"f89398f\" data-element_type=\"section\">\n\t\t\t\t\t\t<div class=\"elementor-container elementor-column-gap-default\">\n\t\t\t\t\t<div class=\"elementor-column elementor-col-50 elementor-top-column elementor-element elementor-element-e709824\" data-id=\"e709824\" data-element_type=\"column\">\n\t\t\t<div class=\"elementor-widget-wrap elementor-element-populated\">\n\t\t\t\t\t\t<div class=\"elementor-element elementor-element-cebf8bd elementor-widget elementor-widget-image\" data-id=\"cebf8bd\" data-element_type=\"widget\" data-widget_type=\"image.default\">\n\t\t\t\t<div class=\"elementor-widget-container\">\n\t\t\t\t\t\t\t\t\t\t\t\t\t\t\t<img fetchpriority=\"high\" decoding=\"async\" width=\"660\" height=\"488\" src=\"https:\/\/arredareidee.com\/wp-content\/uploads\/2021\/05\/Patitucci-Ferdinando-arredareidee.jpg\" class=\"attachment-large size-large wp-image-124698\" alt=\"\" srcset=\"https:\/\/arredareidee.com\/wp-content\/uploads\/2021\/05\/Patitucci-Ferdinando-arredareidee.jpg 660w, https:\/\/arredareidee.com\/wp-content\/uploads\/2021\/05\/Patitucci-Ferdinando-arredareidee-300x222.jpg 300w, https:\/\/arredareidee.com\/wp-content\/uploads\/2021\/05\/Patitucci-Ferdinando-arredareidee-600x444.jpg 600w\" sizes=\"(max-width: 660px) 100vw, 660px\" \/>\t\t\t\t\t\t\t\t\t\t\t\t\t\t\t<\/div>\n\t\t\t\t<\/div>\n\t\t\t\t\t<\/div>\n\t\t<\/div>\n\t\t\t\t<div class=\"elementor-column elementor-col-50 elementor-top-column elementor-element elementor-element-c71cd9b\" data-id=\"c71cd9b\" data-element_type=\"column\">\n\t\t\t<div class=\"elementor-widget-wrap elementor-element-populated\">\n\t\t\t\t\t\t<div class=\"elementor-element elementor-element-900367d elementor-widget elementor-widget-text-editor\" data-id=\"900367d\" data-element_type=\"widget\" data-widget_type=\"text-editor.default\">\n\t\t\t\t<div class=\"elementor-widget-container\">\n\t\t\t\t\t\t\t\t\t<p><span style=\"font-size: 18pt; font-family: georgia, palatino, serif; color: #0c0c57;\">Tutto nasce dall\u2019idea di Ferdinando Patitucci e Ylenia Alpino, che grazie alla collaborazione con esperti del settore hanno voluto realizzare una piattaforma d\u2019arredamento innovativa, con l&#8217;obiettivo di creare un luogo dove immergersi in un&#8217;esperienza totale dell&#8217;arredare, scoprire novit\u00e0 e lasciarsi ispirare da proposte d&#8217;arredamento sempre nuove, e trovare aziende affidabili e competenti per realizzare il tuo prodotto con qualit\u00e0 ed eleganza ma soprattutto offrire la possibilit\u00e0 di realizzare la tua idea in una vera e propria creazione, unica e personalizzata.<\/span><\/p>\t\t\t\t\t\t\t\t<\/div>\n\t\t\t\t<\/div>\n\t\t\t\t\t<\/div>\n\t\t<\/div>\n\t\t\t\t\t<\/div>\n\t\t<\/section>\n\t\t\t\t<section class=\"elementor-section elementor-top-section elementor-element elementor-element-0e56ba8 elementor-section-boxed elementor-section-height-default elementor-section-height-default\" data-id=\"0e56ba8\" data-element_type=\"section\">\n\t\t\t\t\t\t<div class=\"elementor-container elementor-column-gap-default\">\n\t\t\t\t\t<div class=\"elementor-column elementor-col-50 elementor-top-column elementor-element elementor-element-d965784\" data-id=\"d965784\" data-element_type=\"column\">\n\t\t\t<div class=\"elementor-widget-wrap elementor-element-populated\">\n\t\t\t\t\t\t<div class=\"elementor-element elementor-element-66637d0 elementor-widget elementor-widget-text-editor\" data-id=\"66637d0\" data-element_type=\"widget\" data-widget_type=\"text-editor.default\">\n\t\t\t\t<div class=\"elementor-widget-container\">\n\t\t\t\t\t\t\t\t\t<p><span style=\"font-size: 18pt; color: #0c0c57;\">Arredare Idee \u00e8 un nuovo e-commerce di arredamento, ma il primo che offre solo prodotti da aziende produttrici.<\/span><\/p><p><span style=\"font-size: 18pt; color: #0c0c57;\">L\u2019obiettivo di Arredare Idee \u00e8 quello di creare un rapporto quasi diretto tra il cliente e le aziende produttrici, siamo in grado di offrirvi una vasta gamma di prodotti standard, con la possibilit\u00e0 di personalizzare alcuni prodotti in base alla tua richiesta. Si conferma oggi sempre rispettando quegli ideali, un&#8217;esperienza che d\u00e0 molte ispirazioni agli amanti dell&#8217;arredamento un luogo dove sperimentare l&#8217;arredare casa.<\/span><\/p><p><span style=\"font-size: 18pt; color: #0c0c57;\">In fase di acquisto, potrai richiedere assistenza, o se preferisci potrai ordinare telefonicamente in maniera facile e sicura, in pi\u00f9 avr\u00e0 a disposizione un professionista che ascolter\u00e0 la tua richiesta e ti dar\u00e0 tutte le informazioni in modo dettagliato, o consigliarti nella scelta pi\u00f9 adatta alle tue esigenze.<\/span><\/p><p><span style=\"color: #0c0c57;\">Arredareidee.com \u00e8 un progetto di BBLS Group con sede legale a: Contrada Cutura, snc 87010 Torano Castello (Cs). Tutti i diritti riservati.<\/span><\/p>\t\t\t\t\t\t\t\t<\/div>\n\t\t\t\t<\/div>\n\t\t\t\t\t<\/div>\n\t\t<\/div>\n\t\t\t\t<div class=\"elementor-column elementor-col-50 elementor-top-column elementor-element elementor-element-5296cb0\" data-id=\"5296cb0\" data-element_type=\"column\">\n\t\t\t<div class=\"elementor-widget-wrap elementor-element-populated\">\n\t\t\t\t\t\t<div class=\"elementor-element elementor-element-5f0aada elementor-widget elementor-widget-image\" data-id=\"5f0aada\" data-element_type=\"widget\" data-widget_type=\"image.default\">\n\t\t\t\t<div class=\"elementor-widget-container\">\n\t\t\t\t\t\t\t\t\t\t\t\t\t\t\t\t<a href=\"https:\/\/arredareidee.com\/index.php\/product-category\/pannelli-in-finta-pietra-ricostruita-naturale\/\">\n\t\t\t\t\t\t\t<img decoding=\"async\" data-src=\"https:\/\/arredareidee.com\/wp-content\/uploads\/2021\/05\/Ylenia-Alpino-arredareidee-2-600x586.jpg\" title=\"Ylenia Alpino arredareidee 2\" alt=\"Ylenia Alpino arredareidee 2\" src=\"data:image\/svg+xml;base64,PHN2ZyB3aWR0aD0iMSIgaGVpZ2h0PSIxIiB4bWxucz0iaHR0cDovL3d3dy53My5vcmcvMjAwMC9zdmciPjwvc3ZnPg==\" class=\"lazyload\" style=\"--smush-placeholder-width: 600px; --smush-placeholder-aspect-ratio: 600\/586;\" \/>\t\t\t\t\t\t\t\t<\/a>\n\t\t\t\t\t\t\t\t\t\t\t\t\t\t\t<\/div>\n\t\t\t\t<\/div>\n\t\t\t\t\t<\/div>\n\t\t<\/div>\n\t\t\t\t\t<\/div>\n\t\t<\/section>\n\t\t\t\t<\/div>\n\t\t","protected":false},"excerpt":{"rendered":"<p>Tutto nasce dall\u2019idea di Ferdinando Patitucci e Ylenia Alpino, che grazie alla collaborazione con esperti del settore hanno voluto realizzare una piattaforma d\u2019arredamento innovativa, con l&#8217;obiettivo di creare un luogo<\/p>\n","protected":false},"author":1,"featured_media":0,"parent":0,"menu_order":0,"comment_status":"closed","ping_status":"closed","template":"","meta":{"footnotes":""},"class_list":["post-120966","page","type-page","status-publish","hentry"],"yoast_head":"<!-- This site is optimized with the Yoast SEO plugin v26.4 - https:\/\/yoast.com\/wordpress\/plugins\/seo\/ -->\n<title>Arredare idee con prodotti artigianali e originali made in Italy<\/title>\n<meta name=\"description\" content=\"Arreda la tua casa con prodotti originali made in Italy, Arredare idee \u00e8 il primo portale che offre solo prodotti da aziende produttrici\" \/>\n<meta name=\"robots\" content=\"index, follow, max-snippet:-1, max-image-preview:large, max-video-preview:-1\" \/>\n<link rel=\"canonical\" href=\"https:\/\/arredareidee.com\/index.php\/arredare-idee\/\" \/>\n<meta property=\"og:locale\" content=\"it_IT\" \/>\n<meta property=\"og:type\" content=\"article\" \/>\n<meta property=\"og:title\" content=\"Arredare idee con prodotti artigianali e originali made in Italy\" \/>\n<meta property=\"og:description\" content=\"Arreda la tua casa con prodotti originali made in Italy, Arredare idee \u00e8 il primo portale che offre solo prodotti da aziende produttrici\" \/>\n<meta property=\"og:url\" content=\"https:\/\/arredareidee.com\/index.php\/arredare-idee\/\" \/>\n<meta property=\"og:site_name\" content=\"Arredareidee\" \/>\n<meta property=\"article:modified_time\" content=\"2021-05-24T14:15:59+00:00\" \/>\n<meta property=\"og:image\" content=\"https:\/\/arredareidee.com\/wp-content\/uploads\/2021\/05\/Patitucci-Ferdinando-arredareidee.jpg\" \/>\n<meta name=\"twitter:card\" content=\"summary_large_image\" \/>\n<meta name=\"twitter:label1\" content=\"Tempo di lettura stimato\" \/>\n\t<meta name=\"twitter:data1\" content=\"2 minuti\" \/>\n<script type=\"application\/ld+json\" class=\"yoast-schema-graph\">{\"@context\":\"https:\/\/schema.org\",\"@graph\":[{\"@type\":\"WebPage\",\"@id\":\"https:\/\/arredareidee.com\/index.php\/arredare-idee\/\",\"url\":\"https:\/\/arredareidee.com\/index.php\/arredare-idee\/\",\"name\":\"Arredare idee con prodotti artigianali e originali made in Italy\",\"isPartOf\":{\"@id\":\"https:\/\/arredareidee.com\/#website\"},\"primaryImageOfPage\":{\"@id\":\"https:\/\/arredareidee.com\/index.php\/arredare-idee\/#primaryimage\"},\"image\":{\"@id\":\"https:\/\/arredareidee.com\/index.php\/arredare-idee\/#primaryimage\"},\"thumbnailUrl\":\"https:\/\/arredareidee.com\/wp-content\/uploads\/2021\/05\/Patitucci-Ferdinando-arredareidee.jpg\",\"datePublished\":\"2021-01-13T17:34:16+00:00\",\"dateModified\":\"2021-05-24T14:15:59+00:00\",\"description\":\"Arreda la tua casa con prodotti originali made in Italy, Arredare idee \u00e8 il primo portale che offre solo prodotti da aziende produttrici\",\"breadcrumb\":{\"@id\":\"https:\/\/arredareidee.com\/index.php\/arredare-idee\/#breadcrumb\"},\"inLanguage\":\"it-IT\",\"potentialAction\":[{\"@type\":\"ReadAction\",\"target\":[\"https:\/\/arredareidee.com\/index.php\/arredare-idee\/\"]}]},{\"@type\":\"ImageObject\",\"inLanguage\":\"it-IT\",\"@id\":\"https:\/\/arredareidee.com\/index.php\/arredare-idee\/#primaryimage\",\"url\":\"https:\/\/arredareidee.com\/wp-content\/uploads\/2021\/05\/Patitucci-Ferdinando-arredareidee.jpg\",\"contentUrl\":\"https:\/\/arredareidee.com\/wp-content\/uploads\/2021\/05\/Patitucci-Ferdinando-arredareidee.jpg\",\"width\":660,\"height\":488},{\"@type\":\"BreadcrumbList\",\"@id\":\"https:\/\/arredareidee.com\/index.php\/arredare-idee\/#breadcrumb\",\"itemListElement\":[{\"@type\":\"ListItem\",\"position\":1,\"name\":\"Home\",\"item\":\"https:\/\/arredareidee.com\/\"},{\"@type\":\"ListItem\",\"position\":2,\"name\":\"Chi Siamo\"}]},{\"@type\":\"WebSite\",\"@id\":\"https:\/\/arredareidee.com\/#website\",\"url\":\"https:\/\/arredareidee.com\/\",\"name\":\"Arredareidee\",\"description\":\"Decorazioni personalizzate\",\"publisher\":{\"@id\":\"https:\/\/arredareidee.com\/#organization\"},\"potentialAction\":[{\"@type\":\"SearchAction\",\"target\":{\"@type\":\"EntryPoint\",\"urlTemplate\":\"https:\/\/arredareidee.com\/?s={search_term_string}\"},\"query-input\":{\"@type\":\"PropertyValueSpecification\",\"valueRequired\":true,\"valueName\":\"search_term_string\"}}],\"inLanguage\":\"it-IT\"},{\"@type\":\"Organization\",\"@id\":\"https:\/\/arredareidee.com\/#organization\",\"name\":\"Arredareidee\",\"url\":\"https:\/\/arredareidee.com\/\",\"logo\":{\"@type\":\"ImageObject\",\"inLanguage\":\"it-IT\",\"@id\":\"https:\/\/arredareidee.com\/#\/schema\/logo\/image\/\",\"url\":\"https:\/\/arredareidee.com\/wp-content\/uploads\/2021\/01\/cropped-Arredareidee.png\",\"contentUrl\":\"https:\/\/arredareidee.com\/wp-content\/uploads\/2021\/01\/cropped-Arredareidee.png\",\"width\":868,\"height\":157,\"caption\":\"Arredareidee\"},\"image\":{\"@id\":\"https:\/\/arredareidee.com\/#\/schema\/logo\/image\/\"}}]}<\/script>\n<!-- \/ Yoast SEO plugin. -->","yoast_head_json":{"title":"Arredare idee con prodotti artigianali e originali made in Italy","description":"Arreda la tua casa con prodotti originali made in Italy, Arredare idee \u00e8 il primo portale che offre solo prodotti da aziende produttrici","robots":{"index":"index","follow":"follow","max-snippet":"max-snippet:-1","max-image-preview":"max-image-preview:large","max-video-preview":"max-video-preview:-1"},"canonical":"https:\/\/arredareidee.com\/index.php\/arredare-idee\/","og_locale":"it_IT","og_type":"article","og_title":"Arredare idee con prodotti artigianali e originali made in Italy","og_description":"Arreda la tua casa con prodotti originali made in Italy, Arredare idee \u00e8 il primo portale che offre solo prodotti da aziende produttrici","og_url":"https:\/\/arredareidee.com\/index.php\/arredare-idee\/","og_site_name":"Arredareidee","article_modified_time":"2021-05-24T14:15:59+00:00","og_image":[{"url":"https:\/\/arredareidee.com\/wp-content\/uploads\/2021\/05\/Patitucci-Ferdinando-arredareidee.jpg","type":"","width":"","height":""}],"twitter_card":"summary_large_image","twitter_misc":{"Tempo di lettura stimato":"2 minuti"},"schema":{"@context":"https:\/\/schema.org","@graph":[{"@type":"WebPage","@id":"https:\/\/arredareidee.com\/index.php\/arredare-idee\/","url":"https:\/\/arredareidee.com\/index.php\/arredare-idee\/","name":"Arredare idee con prodotti artigianali e originali made in Italy","isPartOf":{"@id":"https:\/\/arredareidee.com\/#website"},"primaryImageOfPage":{"@id":"https:\/\/arredareidee.com\/index.php\/arredare-idee\/#primaryimage"},"image":{"@id":"https:\/\/arredareidee.com\/index.php\/arredare-idee\/#primaryimage"},"thumbnailUrl":"https:\/\/arredareidee.com\/wp-content\/uploads\/2021\/05\/Patitucci-Ferdinando-arredareidee.jpg","datePublished":"2021-01-13T17:34:16+00:00","dateModified":"2021-05-24T14:15:59+00:00","description":"Arreda la tua casa con prodotti originali made in Italy, Arredare idee \u00e8 il primo portale che offre solo prodotti da aziende produttrici","breadcrumb":{"@id":"https:\/\/arredareidee.com\/index.php\/arredare-idee\/#breadcrumb"},"inLanguage":"it-IT","potentialAction":[{"@type":"ReadAction","target":["https:\/\/arredareidee.com\/index.php\/arredare-idee\/"]}]},{"@type":"ImageObject","inLanguage":"it-IT","@id":"https:\/\/arredareidee.com\/index.php\/arredare-idee\/#primaryimage","url":"https:\/\/arredareidee.com\/wp-content\/uploads\/2021\/05\/Patitucci-Ferdinando-arredareidee.jpg","contentUrl":"https:\/\/arredareidee.com\/wp-content\/uploads\/2021\/05\/Patitucci-Ferdinando-arredareidee.jpg","width":660,"height":488},{"@type":"BreadcrumbList","@id":"https:\/\/arredareidee.com\/index.php\/arredare-idee\/#breadcrumb","itemListElement":[{"@type":"ListItem","position":1,"name":"Home","item":"https:\/\/arredareidee.com\/"},{"@type":"ListItem","position":2,"name":"Chi Siamo"}]},{"@type":"WebSite","@id":"https:\/\/arredareidee.com\/#website","url":"https:\/\/arredareidee.com\/","name":"Arredareidee","description":"Decorazioni personalizzate","publisher":{"@id":"https:\/\/arredareidee.com\/#organization"},"potentialAction":[{"@type":"SearchAction","target":{"@type":"EntryPoint","urlTemplate":"https:\/\/arredareidee.com\/?s={search_term_string}"},"query-input":{"@type":"PropertyValueSpecification","valueRequired":true,"valueName":"search_term_string"}}],"inLanguage":"it-IT"},{"@type":"Organization","@id":"https:\/\/arredareidee.com\/#organization","name":"Arredareidee","url":"https:\/\/arredareidee.com\/","logo":{"@type":"ImageObject","inLanguage":"it-IT","@id":"https:\/\/arredareidee.com\/#\/schema\/logo\/image\/","url":"https:\/\/arredareidee.com\/wp-content\/uploads\/2021\/01\/cropped-Arredareidee.png","contentUrl":"https:\/\/arredareidee.com\/wp-content\/uploads\/2021\/01\/cropped-Arredareidee.png","width":868,"height":157,"caption":"Arredareidee"},"image":{"@id":"https:\/\/arredareidee.com\/#\/schema\/logo\/image\/"}}]}},"_links":{"self":[{"href":"https:\/\/arredareidee.com\/index.php\/wp-json\/wp\/v2\/pages\/120966","targetHints":{"allow":["GET"]}}],"collection":[{"href":"https:\/\/arredareidee.com\/index.php\/wp-json\/wp\/v2\/pages"}],"about":[{"href":"https:\/\/arredareidee.com\/index.php\/wp-json\/wp\/v2\/types\/page"}],"author":[{"embeddable":true,"href":"https:\/\/arredareidee.com\/index.php\/wp-json\/wp\/v2\/users\/1"}],"replies":[{"embeddable":true,"href":"https:\/\/arredareidee.com\/index.php\/wp-json\/wp\/v2\/comments?post=120966"}],"version-history":[{"count":60,"href":"https:\/\/arredareidee.com\/index.php\/wp-json\/wp\/v2\/pages\/120966\/revisions"}],"predecessor-version":[{"id":124839,"href":"https:\/\/arredareidee.com\/index.php\/wp-json\/wp\/v2\/pages\/120966\/revisions\/124839"}],"wp:attachment":[{"href":"https:\/\/arredareidee.com\/index.php\/wp-json\/wp\/v2\/media?parent=120966"}],"curies":[{"name":"wp","href":"https:\/\/api.w.org\/{rel}","templated":true}]}}