
{"id":120605,"date":"2021-01-12T19:49:18","date_gmt":"2021-01-12T19:49:18","guid":{"rendered":"https:\/\/arredareidee.com\/?page_id=120605"},"modified":"2024-05-04T18:25:54","modified_gmt":"2024-05-04T18:25:54","slug":"termini-condizioni","status":"publish","type":"page","link":"https:\/\/arredareidee.com\/index.php\/termini-condizioni\/","title":{"rendered":"Termini &#038; condizioni"},"content":{"rendered":"<p><strong>TERMINI E CONDIZIONI GENERALI DI VENDITA A DISTANZA<\/strong><\/p>\n<p>\u201cCondizioni Generali\u201d: le presenti regole, che disciplinano gli acquisti a distanza dei Prodotti e Servizi (come oltre definiti), fatti sul sito www.arredareidee.com, anche in applicazione del Codice del Consumo (D.lgs. n. 206\/2005 e s.m.i.) e delle norme in materia di commercio elettronico (D.lgs. 70\/2003); le Condizioni Generali sono parte integrante di ogni Ordine di Acquisto e Contratto di Vendita (come oltre definiti) di Prodotti commercializzati sul Sito; si applicano nella versione in vigore alla data del relativo Ordine. In caso di variazioni delle Condizioni Generali, all&#8217;ordine di acquisto si applicheranno le Condizioni Generali pubblicate sul Sito al momento dell&#8217;invio dell&#8217;Ordine stesso da parte del Cliente.<\/p>\n<p>&nbsp;<\/p>\n<p>I beni e servizi oggetto delle presenti condizioni generali sono posti in vendita da Patitucci Ferdinando Carlo Via G. Carducci, 1 \u2013 87019 Spezzano Albanese (CS) C.F. PTTFDN71B07Z133B\u00a0 P.IVA 02493150789 e-mail ferdinandopatitucci7@gmail.com<\/p>\n<p>&nbsp;<\/p>\n<p>Prima di procedere con l&#8217;acquisto di Prodotti, secondo le modalit\u00e0 stabilite nelle presenti Condizioni Generali e indicate sul Sito www.arredareidee.com, il Cliente dovr\u00e0 aver letto attentamente e accettato pienamente il contenuto delle presenti Condizioni Generali, nonch\u00e9 delle Condizioni dei Servizi acquistati e aver preso visione di ogni indicazione fornita durante la procedura d&#8217;acquisto. Il Cliente conserver\u00e0 una copia delle presenti Condizioni Generali per una pronta consultazione. Le presenti Condizioni Generali nonch\u00e9 le Condizioni dei Servizi acquistati unitamente all\u2019Ordine d\u2019Acquisto dei Prodotti \u00a0commercializzati da Patitucci Ferdinando Carlo sul Sito, costituiscono parte integrante dell\u2019Ordine di Acquisto e del Contratto di Vendita dei Prodotti e Servizi commercializzati da Patitucci Ferdinando Carlo, sul Sito.<\/p>\n<p>&nbsp;<\/p>\n<p><strong>TERMINI E CONDIZIONI DEL RIVENDITORE<\/strong><\/p>\n<p><strong>Art. 1 . Oggetto<\/strong><\/p>\n<p>Le presenti Condizioni Generali di Vendita (di seguito \u201cC.G.V.\u201d) hanno per oggetto la vendita di prodotti effettuata a distanza tramite internet sul sito www.arredareidee.com.<\/p>\n<p>Le C.G.V. si applicheranno tra i soggetti del contratto che sono:<\/p>\n<p>Venditore: Patitucci Ferdinando Carlo\u00a0 (indicata nel proseguo \u201cP.F.C. \u201c);<\/p>\n<p>Cliente: il soggetto identificato dai dati inseriti all\u2019atto della compilazione ed invio del modulo d\u2019ordine in via telematica con contestuale accettazione delle presenti Condizioni Generali (nel prosieguo indicato come: \u201cCliente\u201d).<\/p>\n<p>E\u2019 fatto divieto, dalla normativa in materia di dati personali, al Cliente di inserire nomi falsi, e\/o inventati, e\/o di fantasia, nella procedura di ordine on-line e nelle ulteriori comunicazioni. La P.F.C \u00a0si riserva di denunciare all\u2019Autorit\u00e0 competente ogni violazione ed abuso, nell\u2019interesse e per la tutela dei consumatori e della pubblica fede.<\/p>\n<p>Il Cliente, inoltre, solleva P.F.C. da ogni eventuale errore derivante dall\u2019emissione di documenti fiscali non corretti a causa di informazioni errate o non complete relativi a dati forniti dal cliente, essendone lo stesso unico responsabile per il corretto inserimento.<\/p>\n<p>Le presenti C.G.V. attengono alla vendita dei prodotti esposti sul sito web, La societ\u00e0 venditrice si riserva la facolt\u00e0 di modificare in qualsiasi momento le presenti C.G.V. dandone comunicazione ai Clienti con la pubblicazione sul Sito.<\/p>\n<p>&nbsp;<\/p>\n<p><strong>Art. 2 . Vendite on-line<\/strong><\/p>\n<p>Per contratto di compravendita on-line si intende il contratto a distanza e cio\u00e8 il negozio giuridico avente ad oggetto la vendita dei \u201cProdotti\u201d stipulato tra P.F.C. ed il Cliente nell\u2019ambito di un sistema di vendita a distanza organizzato da P.F.C. che, per tale contratto, utilizza \u201cinternet\u201d e relative tecnologie.<\/p>\n<p>Tali contratti, pertanto, saranno conclusi direttamente attraverso l\u2019accesso da parte del Cliente al Sito internet corrispondente all\u2019indirizzo www.arredareidee.com, ove, seguendo le indicate procedure, arriver\u00e0 a concludere il contratto per l\u2019acquisto del Prodotto.<\/p>\n<p>Per ciascuno dei prodotti \u00e8 disponibile sul Sito una Scheda Tecnica contenente le caratteristiche principali e le specifiche tecniche dei medesimi, cos\u00ec come descritte dai produttori e\/o importatori.<\/p>\n<p>Le immagini e le descrizioni sono tratte dai cataloghi di importatori e produttori, i quali in fase di produzione possono effettuare delle modifiche e segnalarle con successivi aggiornamenti. La P.F.C. non \u00e8 assolutamente responsabile per queste possibili modifiche.<\/p>\n<p>Resta inteso che l\u2019immagine a corredo della Scheda Tecnica descrittiva del Prodotto pu\u00f2 non essere perfettamente rappresentativa delle sue caratteristiche, ma differire per colore, dimensioni, prodotti accessori presenti in figura e pu\u00f2 variare in qualsiasi momento senza alcun obbligo di preavviso da parte della P.F.C. in virt\u00f9 delle modifiche praticate dai produttori e\/o importatori.<\/p>\n<p>&nbsp;<\/p>\n<p><strong>Art. 3. Prezzi.<\/strong><\/p>\n<p>Il Cliente potr\u00e0 acquistare solo i Prodotti offerti sul sito, al prezzo ivi indicato in Euro, tasse e dazi doganali non sono inclusi (i costi di spedizione non includono tasse internazionali e dazi doganali)seguendo la procedura indicata sul sito medesimo. La corretta ricezione dell\u2019ordine \u00e8 confermata dalla Societ\u00e0 mediante una risposta via e-mail, inviata all\u2019indirizzo di posta elettronica comunicato dal Cliente.<\/p>\n<p>Tale messaggio di conferma riporter\u00e0 data e ora di esecuzione dell\u2019ordine e un \u201cnumero ordine Cliente\u201d, da utilizzarsi nel caso di qualsiasi comunicazione con la P.F.C. Il messaggio riporter\u00e0 tutti i dati inseriti dal Cliente che si impegna a verificarne la correttezza e a comunicare tempestivamente eventuali correzioni.<\/p>\n<p>Resta ferma la possibilit\u00e0, da parte della P.F.C., prima di inviare la conferma dell\u2019ordine, di richiedere al Cliente via e-mail ulteriori informazioni con riferimento all\u2019ordine di acquisto effettuato sul Sito.<\/p>\n<p>I prezzi sono soggetti a variazioni secondo le determinazioni dei produttori e\/o importatori. In tal senso la P.F.C. proceder\u00e0 all\u2019 indicazione dei nuovi prezzi con l\u2019aggiornamento on-line.<\/p>\n<p>Eventuali errori nella pubblicazione dei prezzi non implicano l\u2019accettazione automatica dell\u2019ordine e la spedizione della merce da parte della P.F.C. . In tale eventualit\u00e0 la transazione con carta di credito non sar\u00e0 conclusa ed accettata, l\u2019ordine verr\u00e0 sospeso, il cliente sar\u00e0 interpellato per conferma e l\u2019accettazione dell\u2019importo da pagare.<\/p>\n<p>Su esplicita richiesta del Cliente alla P.F.C. , la stessa emetter\u00e0 l\u2019eventuale fattura del materiale spedito inviandola al Cliente.<\/p>\n<p>Per l\u2019emissione della fattura fanno fede le informazioni fornite dal Cliente all\u2019atto dell\u2019ordine. Dopo l\u2019emissione della fattura, non sar\u00e0 possibile apportare alcuna modifica ai dati indicati nella stessa.<\/p>\n<p>&nbsp;<\/p>\n<p><strong>Art. 4 . Disponibilit\u00e0 prodotti.<\/strong><\/p>\n<p>Nel caso di indisponibilit\u00e0 a magazzino dei Prodotti ordinati, sopravvenuta successivamente al momento dell\u2019inoltro dell\u2019ordine sul sito da parte del Cliente, la P.F.C. ne dar\u00e0 immediata comunicazione all\u2019indirizzo e-mail indicato dal medesimo.<\/p>\n<p>In tal caso la transazione verr\u00e0 annullata.<\/p>\n<p>In questa eventualit\u00e0 \u00e8 esclusa ogni obbligazione sia contrattuale che extracontrattuale da parte di P.F.C. \u00a0per la mancata conclusione del contratto.<\/p>\n<p>&nbsp;<\/p>\n<p><strong>Art. 5. Accettazione Condizioni Generali di Vendita.<\/strong><\/p>\n<p>Il Cliente, con l\u2019invio telematico del proprio ordine d\u2019acquisto, accetta incondizionatamente e si obbliga ad osservare nei suoi rapporti con la P.F.C. , le C. G. V. descritte con il presente documento, dichiarando di aver preso visione ed accettato tutte le indicazioni a lui fornite, prendendo altres\u00ec atto che la P.F.C. non \u00e8 vincolata a condizioni diverse se non preventivamente concordate per iscritto.<\/p>\n<p>&nbsp;<\/p>\n<p><strong>Art. 6. Modalit\u00e0 di pagamento.<\/strong><\/p>\n<p>&nbsp;<\/p>\n<p>Il pagamento dei Prodotti acquistati dal Cliente nonch\u00e9 delle relative spese di consegna potr\u00e0 avvenire esclusivamente secondo le seguenti modalit\u00e0:<\/p>\n<p>\u2013 Carta di credito : Nei casi di acquisto con carta di credito, contestualmente alla conclusione della transazione on-line, l\u2019istituto bancario di riferimento provveder\u00e0 ad autorizzare il solo impegno dell\u2019importo relativo all\u2019ordine effettuato.<\/p>\n<p>L\u2019importo relativo ai Prodotti acquistati verr\u00e0 effettivamente addebitato sulla carta di credito del Cliente solo nel momento dell\u2019esecuzione dell\u2019ordine da parte della P.F.C..<\/p>\n<p>&nbsp;<\/p>\n<p>Nel caso di esercizio del diritto di recesso da parte del Cliente a seguito dell\u2019avvenuto pagamento dei Prodotti acquistati on-line, la P.F.C. dar\u00e0 incarico all\u2019istituto bancario di accreditare l\u2019importo da rimborsare sulla carta di credito del Cliente.<\/p>\n<p>&nbsp;<\/p>\n<p>Il Cliente deve essere il titolare della carta di credito in corso di validit\u00e0 all\u2019atto dell\u2019ordine dei Prodotti acquistati on-line.<\/p>\n<p>In nessun momento della procedura di acquisto la P.F.C. \u00e8 in grado di conoscere le informazioni relative alla carta di credito del cliente, trasmesse tramite connessione protetta direttamente al sito dell\u2019istituto bancario che gestisce la transazione. In nessun archivio informatico la P.F.C. conserver\u00e0 tali dati. In nessun caso la P.F.C. pu\u00f2 essere ritenuta responsabile per eventuale uso fraudolento e indebito di carte di credito da parte di terzi, all\u2019atto del pagamento di Prodotti acquistati sul sito.<\/p>\n<p>\u2013 Bonifico bancario: nel caso di utilizzo di tale sistema di pagamento il Cliente dovr\u00e0 effettuare il bonifico dell\u2019importo indicato nella transazione, comprensivo delle spese di spedizione, presso l\u2019istituto di credito indicato nell\u2019 e-mail di conferma dell\u2019ordine e prima dell\u2019esecuzione del contratto con la spedizione della merce.<\/p>\n<p>&nbsp;<\/p>\n<p><strong>Art. 7. Spedizioni.<\/strong><\/p>\n<p>I prodotti acquistati saranno spediti dalla P.F.C. all\u2019indirizzo indicato dal Cliente. Ogni spedizione viene effettuata con corrieri espressi selezionati.<\/p>\n<p>Indicativamente, senza che ci\u00f2 comporti alcun vincolo per P.F.C. e salvo la disponibilit\u00e0 dei prodotti oltre ad eventuali cause di forza maggiore, la merce verr\u00e0 consegnata al corriere, entro i sette giorni lavorativi successivi all\u2019accettazione dell\u2019ordine da parte di P.F.C. .<\/p>\n<p>Gli ordini verranno evasi solo con merce completamente disponibile. Al momento della ricezione della merce al proprio domicilio, il Cliente dovr\u00e0 verificare l\u2019integrit\u00e0 dei colli , sar\u00e0 cura dello stesso far rilevare ed annotare esattamente la mancata integrit\u00e0 del collo dal corriere a pena di decadenza di far valere i propri diritti in proposito. In ogni caso la spedizione costituisce consegna del bene che da quel momento esce dalla disponibilit\u00e0 del venditore.<\/p>\n<p>&nbsp;<\/p>\n<p><strong>Art. 8 . Garanzia prodotti.<\/strong><\/p>\n<p>I prodotti acquistati sul sito www.arredareidee.com sono soggetti alla disciplina, per quanto applicabile, di cui al D.lgs 2.2.2002 n. 24 (G.U. n. 57, 8.3.2002) sui contratti di vendita e sulle garanzie concernenti i beni di consumo e, per quanto non ivi contemplato, alle specifiche disposizioni previste in materia dal Cod. Civ.<\/p>\n<p>Tale garanzia si applicher\u00e0 al prodotto che presenti difetti di conformit\u00e0 e\/o malfunzionamenti non riscontrabili al momento dell\u2019acquisto, purch\u00e9 il prodotto stesso sia utilizzato correttamente e con la dovuta diligenza e cio\u00e8 nel rispetto della sua destinazione e di quanto previsto nella eventuale documentazione tecnica, con osservanza delle varie norme operative ivi indicate.<\/p>\n<p>La predetta garanzia non sar\u00e0 invece applicabile in caso di negligenza, incuria nell\u2019uso e nella manutenzione del prodotto.<\/p>\n<p>L\u2019eventuale non conformit\u00e0 dei prodotti dovr\u00e0 essere segnalata nei termini previsti dalla legge e comunicata e-mail, fax o lettera raccomandata.<\/p>\n<p>Il prodotto, ancorch\u00e9 non conforme, al momento della rispedizione a P.F.C. per essere oggetto di riparazione o sostituzione dovr\u00e0 essere completo dell\u2019imballo e di tutta l\u2019accessoristica e la documentazione ricevuta dal cliente al momento dell\u2019acquisto. La rispedizione del prodotto senza l\u2019imballo originale, l\u2019accessoristica e la documentazione di cui sopra impedisce a P.F.C. la sostituzione del prodotto stesso presso la casa produttrice e rende impossibile la sostituzione.<\/p>\n<p>In ogni caso la rispedizione dovr\u00e0 essere comunicata e concordata con la P.F.C.\u00a0 che dovr\u00e0 essere informata sulle modalit\u00e0 di restituzione con la comunicazione del corriere e dell\u2019eventuale tracking number.<\/p>\n<p>La merce in via di restituzione viaggia a rischio del Cliente fino alla consegna della stessa alla P.F.C..<\/p>\n<p>P.F.C.\u00a0 si riserva la possibilit\u00e0 di verificare l\u2019effettiva difettosit\u00e0 enunciata dal Cliente e di effettuare la riparazione o la sostituzione solo dopo tale controllo. Se a seguito della verifica da parte del produttore il vizio non dovesse risultare un difetto di conformit\u00e0, la Societ\u00e0 si riserva il diritto di addebitare al Cliente i costi di verifica e ripristino nonch\u00e9 i relativi costi di trasporto.<\/p>\n<p>&nbsp;<\/p>\n<p><strong>Art. 9. Diritto di recesso<\/strong><\/p>\n<ol>\n<li>il consumatore dispone di un periodo di quattordici giorni per recedere da un contratto a distanza o negoziato fuori dei locali commerciali senza dover fornire alcuna motivazione e senza dover sostenere costi diversi da quelli di restituzione della merce.<\/li>\n<li>il periodo di recesso termina dopo quattordici giorni a partire: nel caso di contratti di vendita, dal giorno in cui il consumatore o un terzo, diverso dal vettore e designato dal consumatore, acquisisce il possesso fisico dei beni nel caso di beni multipli ordinati dal consumatore mediante un solo ordine e consegnati separatamente, dal giorno in cui il consumatore o un terzo, diverso dal vettore e designato dal consumatore, acquisisce il possesso fisico dell\u2019ultimo bene.<\/li>\n<\/ol>\n<p>Il bene deve essere restituito integro in tutte le sue parti, nel suo imballo originale e senza nessuna scritta su di esso.<\/p>\n<p>Consigliamo di effettuare spedizioni assicurate in modo da avere copertura in caso di smarrimento o danneggiamento durante il trasporto.<\/p>\n<p>Al momento della consegna dei beni i nostri incaricati effettueranno un controllo sullo stesso e se dovessero riscontrare anomalie verr\u00e0 inviata una mail con la specifica e relative foto. In questo caso il diritto di recesso decade e il bene \u00e8 messo a disposizione per il ritiro.<\/p>\n<p>La comunicazione scritta va inviata a mezzo mail a: ferdinandopatitucci7@gmail.com<\/p>\n<p>oppure via posta raccomandata con ricevuta di ritorno a:<\/p>\n<p>Patitucci Ferdinando Carlo<\/p>\n<p>Via G. Carducci, 1<\/p>\n<p>87019 Spezzano Albanese (CS)<\/p>\n<p>&nbsp;<\/p>\n<p><strong>Il bene va restituito a:<\/strong><\/p>\n<p>Patitucci Ferdinando Carlo<\/p>\n<p>Via G. Carducci, 1<\/p>\n<p>87019 Spezzano Albanese (CS)<\/p>\n<p>&nbsp;<\/p>\n<p><strong>Art. 10 . Informazioni e reclami.<\/strong><\/p>\n<p>Qualunque chiarimento, informazioni sui servizi di assistenza od eventuale reclamo, potr\u00e0 essere richiesta o avanzata alla P.F.C. presso la propria sede legale come sopra evidenziata e a mezzo e-mail ai seguenti indirizzi: ferdinandopatitucci7@gmail.com<\/p>\n<p>Le informazioni contenute nelle C.G.V. e nel sito per i singoli prodotti sono nella loro interezza comunicate attraverso queste condizioni ed attraverso le schede ai sensi e per gli effetti di cui agli artt. 52 e 53 DLT 206\/2005<\/p>\n<p><strong>Controversie<\/strong><\/p>\n<p>In riferimento all\u2019art.14 del Regolamento UE 524\/2013, gli utenti che lo riterranno opportuno, potranno avvalersi della piattaforma ODR per ogni tipo di controversia. La piattaforma \u00e8 raggiungibile direttamente da questo link\u00a0 https:\/\/ec.europa.eu\/consumers\/odr\/main\/index.cfm?event=main.home2.show&amp;lng=IT<\/p>\n<p>ADR<\/p>\n<p>Secondo l\u2019articolo 49 comma 1 lettera V del D. Lgs 6 settembre 2005 n. 206 (Codice del Consumo) il cliente pu\u00f2 avvalersi della procedura di Conciliazione Paritetica.<\/p>\n<p>La Procedura pu\u00f2 essere avviata qualora il consumatore dopo aver presentato reclamo all\u2019azienda, entro 45 giorni, non abbia ricevuto risposta ovvero abbia ricevuto risposta non ritenuta da lui soddisfacente.<\/p>\n<p><strong>Foro Competente<\/strong><\/p>\n<p>Per qualsiasi controversia relativa all\u2019applicazione, l\u2019esecuzione e l\u2019interpretazione dei contratti relativi agli acquisti sul presente sito si fa riferimento all\u2019 art. 66-bis del codice del consumo.<\/p>\n<p>&nbsp;<\/p>\n","protected":false},"excerpt":{"rendered":"<p>TERMINI E CONDIZIONI GENERALI DI VENDITA A DISTANZA \u201cCondizioni Generali\u201d: le presenti regole, che disciplinano gli acquisti a distanza dei Prodotti e Servizi (come oltre definiti), fatti sul sito www.arredareidee.com,<\/p>\n","protected":false},"author":1,"featured_media":0,"parent":0,"menu_order":0,"comment_status":"closed","ping_status":"closed","template":"","meta":{"footnotes":""},"class_list":["post-120605","page","type-page","status-publish","hentry"],"yoast_head":"<!-- This site is optimized with the Yoast SEO plugin v26.4 - https:\/\/yoast.com\/wordpress\/plugins\/seo\/ -->\n<title>Termini &amp; condizioni - Arredareidee<\/title>\n<meta name=\"robots\" content=\"index, follow, max-snippet:-1, max-image-preview:large, max-video-preview:-1\" \/>\n<link rel=\"canonical\" href=\"https:\/\/arredareidee.com\/index.php\/termini-condizioni\/\" \/>\n<meta property=\"og:locale\" content=\"it_IT\" \/>\n<meta property=\"og:type\" content=\"article\" \/>\n<meta property=\"og:title\" content=\"Termini &amp; condizioni - Arredareidee\" \/>\n<meta property=\"og:description\" content=\"TERMINI E CONDIZIONI GENERALI DI VENDITA A DISTANZA \u201cCondizioni Generali\u201d: le presenti regole, che disciplinano gli acquisti a distanza dei Prodotti e Servizi (come oltre definiti), fatti sul sito www.arredareidee.com,\" \/>\n<meta property=\"og:url\" content=\"https:\/\/arredareidee.com\/index.php\/termini-condizioni\/\" \/>\n<meta property=\"og:site_name\" content=\"Arredareidee\" \/>\n<meta property=\"article:modified_time\" content=\"2024-05-04T18:25:54+00:00\" \/>\n<meta name=\"twitter:card\" content=\"summary_large_image\" \/>\n<meta name=\"twitter:label1\" content=\"Tempo di lettura stimato\" \/>\n\t<meta name=\"twitter:data1\" content=\"12 minuti\" \/>\n<script type=\"application\/ld+json\" class=\"yoast-schema-graph\">{\"@context\":\"https:\/\/schema.org\",\"@graph\":[{\"@type\":\"WebPage\",\"@id\":\"https:\/\/arredareidee.com\/index.php\/termini-condizioni\/\",\"url\":\"https:\/\/arredareidee.com\/index.php\/termini-condizioni\/\",\"name\":\"Termini & condizioni - Arredareidee\",\"isPartOf\":{\"@id\":\"https:\/\/arredareidee.com\/#website\"},\"datePublished\":\"2021-01-12T19:49:18+00:00\",\"dateModified\":\"2024-05-04T18:25:54+00:00\",\"breadcrumb\":{\"@id\":\"https:\/\/arredareidee.com\/index.php\/termini-condizioni\/#breadcrumb\"},\"inLanguage\":\"it-IT\",\"potentialAction\":[{\"@type\":\"ReadAction\",\"target\":[\"https:\/\/arredareidee.com\/index.php\/termini-condizioni\/\"]}]},{\"@type\":\"BreadcrumbList\",\"@id\":\"https:\/\/arredareidee.com\/index.php\/termini-condizioni\/#breadcrumb\",\"itemListElement\":[{\"@type\":\"ListItem\",\"position\":1,\"name\":\"Home\",\"item\":\"https:\/\/arredareidee.com\/\"},{\"@type\":\"ListItem\",\"position\":2,\"name\":\"Termini &#038; condizioni\"}]},{\"@type\":\"WebSite\",\"@id\":\"https:\/\/arredareidee.com\/#website\",\"url\":\"https:\/\/arredareidee.com\/\",\"name\":\"Arredareidee\",\"description\":\"Decorazioni personalizzate\",\"publisher\":{\"@id\":\"https:\/\/arredareidee.com\/#organization\"},\"potentialAction\":[{\"@type\":\"SearchAction\",\"target\":{\"@type\":\"EntryPoint\",\"urlTemplate\":\"https:\/\/arredareidee.com\/?s={search_term_string}\"},\"query-input\":{\"@type\":\"PropertyValueSpecification\",\"valueRequired\":true,\"valueName\":\"search_term_string\"}}],\"inLanguage\":\"it-IT\"},{\"@type\":\"Organization\",\"@id\":\"https:\/\/arredareidee.com\/#organization\",\"name\":\"Arredareidee\",\"url\":\"https:\/\/arredareidee.com\/\",\"logo\":{\"@type\":\"ImageObject\",\"inLanguage\":\"it-IT\",\"@id\":\"https:\/\/arredareidee.com\/#\/schema\/logo\/image\/\",\"url\":\"https:\/\/arredareidee.com\/wp-content\/uploads\/2021\/01\/cropped-Arredareidee.png\",\"contentUrl\":\"https:\/\/arredareidee.com\/wp-content\/uploads\/2021\/01\/cropped-Arredareidee.png\",\"width\":868,\"height\":157,\"caption\":\"Arredareidee\"},\"image\":{\"@id\":\"https:\/\/arredareidee.com\/#\/schema\/logo\/image\/\"}}]}<\/script>\n<!-- \/ Yoast SEO plugin. -->","yoast_head_json":{"title":"Termini & condizioni - Arredareidee","robots":{"index":"index","follow":"follow","max-snippet":"max-snippet:-1","max-image-preview":"max-image-preview:large","max-video-preview":"max-video-preview:-1"},"canonical":"https:\/\/arredareidee.com\/index.php\/termini-condizioni\/","og_locale":"it_IT","og_type":"article","og_title":"Termini & condizioni - Arredareidee","og_description":"TERMINI E CONDIZIONI GENERALI DI VENDITA A DISTANZA \u201cCondizioni Generali\u201d: le presenti regole, che disciplinano gli acquisti a distanza dei Prodotti e Servizi (come oltre definiti), fatti sul sito www.arredareidee.com,","og_url":"https:\/\/arredareidee.com\/index.php\/termini-condizioni\/","og_site_name":"Arredareidee","article_modified_time":"2024-05-04T18:25:54+00:00","twitter_card":"summary_large_image","twitter_misc":{"Tempo di lettura stimato":"12 minuti"},"schema":{"@context":"https:\/\/schema.org","@graph":[{"@type":"WebPage","@id":"https:\/\/arredareidee.com\/index.php\/termini-condizioni\/","url":"https:\/\/arredareidee.com\/index.php\/termini-condizioni\/","name":"Termini & condizioni - Arredareidee","isPartOf":{"@id":"https:\/\/arredareidee.com\/#website"},"datePublished":"2021-01-12T19:49:18+00:00","dateModified":"2024-05-04T18:25:54+00:00","breadcrumb":{"@id":"https:\/\/arredareidee.com\/index.php\/termini-condizioni\/#breadcrumb"},"inLanguage":"it-IT","potentialAction":[{"@type":"ReadAction","target":["https:\/\/arredareidee.com\/index.php\/termini-condizioni\/"]}]},{"@type":"BreadcrumbList","@id":"https:\/\/arredareidee.com\/index.php\/termini-condizioni\/#breadcrumb","itemListElement":[{"@type":"ListItem","position":1,"name":"Home","item":"https:\/\/arredareidee.com\/"},{"@type":"ListItem","position":2,"name":"Termini &#038; condizioni"}]},{"@type":"WebSite","@id":"https:\/\/arredareidee.com\/#website","url":"https:\/\/arredareidee.com\/","name":"Arredareidee","description":"Decorazioni personalizzate","publisher":{"@id":"https:\/\/arredareidee.com\/#organization"},"potentialAction":[{"@type":"SearchAction","target":{"@type":"EntryPoint","urlTemplate":"https:\/\/arredareidee.com\/?s={search_term_string}"},"query-input":{"@type":"PropertyValueSpecification","valueRequired":true,"valueName":"search_term_string"}}],"inLanguage":"it-IT"},{"@type":"Organization","@id":"https:\/\/arredareidee.com\/#organization","name":"Arredareidee","url":"https:\/\/arredareidee.com\/","logo":{"@type":"ImageObject","inLanguage":"it-IT","@id":"https:\/\/arredareidee.com\/#\/schema\/logo\/image\/","url":"https:\/\/arredareidee.com\/wp-content\/uploads\/2021\/01\/cropped-Arredareidee.png","contentUrl":"https:\/\/arredareidee.com\/wp-content\/uploads\/2021\/01\/cropped-Arredareidee.png","width":868,"height":157,"caption":"Arredareidee"},"image":{"@id":"https:\/\/arredareidee.com\/#\/schema\/logo\/image\/"}}]}},"_links":{"self":[{"href":"https:\/\/arredareidee.com\/index.php\/wp-json\/wp\/v2\/pages\/120605","targetHints":{"allow":["GET"]}}],"collection":[{"href":"https:\/\/arredareidee.com\/index.php\/wp-json\/wp\/v2\/pages"}],"about":[{"href":"https:\/\/arredareidee.com\/index.php\/wp-json\/wp\/v2\/types\/page"}],"author":[{"embeddable":true,"href":"https:\/\/arredareidee.com\/index.php\/wp-json\/wp\/v2\/users\/1"}],"replies":[{"embeddable":true,"href":"https:\/\/arredareidee.com\/index.php\/wp-json\/wp\/v2\/comments?post=120605"}],"version-history":[{"count":5,"href":"https:\/\/arredareidee.com\/index.php\/wp-json\/wp\/v2\/pages\/120605\/revisions"}],"predecessor-version":[{"id":127457,"href":"https:\/\/arredareidee.com\/index.php\/wp-json\/wp\/v2\/pages\/120605\/revisions\/127457"}],"wp:attachment":[{"href":"https:\/\/arredareidee.com\/index.php\/wp-json\/wp\/v2\/media?parent=120605"}],"curies":[{"name":"wp","href":"https:\/\/api.w.org\/{rel}","templated":true}]}}